{"id":3,"date":"2024-01-15T22:02:56","date_gmt":"2024-01-15T22:02:56","guid":{"rendered":"https:\/\/www.creditogrupomutual.fi.cr\/expo-vivienda\/?page_id=3"},"modified":"2026-02-06T15:30:19","modified_gmt":"2026-02-06T21:30:19","slug":"terminos-y-condiciones","status":"publish","type":"page","link":"https:\/\/www.creditogrupomutual.fi.cr\/expo-vivienda\/terminos-y-condiciones\/","title":{"rendered":"Pol\u00edtica de privacidad"},"content":{"rendered":"\n<figure class=\"wp-block-image alignwide size-full has-custom-border\"><img loading=\"lazy\" decoding=\"async\" width=\"1200\" height=\"600\" src=\"https:\/\/www.creditogrupomutual.fi.cr\/expo-vivienda\/wp-content\/uploads\/2025\/02\/cover-2025.jpg\" alt=\"\" class=\"wp-image-198\" style=\"border-radius:25px\" srcset=\"https:\/\/www.creditogrupomutual.fi.cr\/expo-vivienda\/wp-content\/uploads\/2025\/02\/cover-2025.jpg 1200w, https:\/\/www.creditogrupomutual.fi.cr\/expo-vivienda\/wp-content\/uploads\/2025\/02\/cover-2025-300x150.jpg 300w, https:\/\/www.creditogrupomutual.fi.cr\/expo-vivienda\/wp-content\/uploads\/2025\/02\/cover-2025-1024x512.jpg 1024w, https:\/\/www.creditogrupomutual.fi.cr\/expo-vivienda\/wp-content\/uploads\/2025\/02\/cover-2025-768x384.jpg 768w\" sizes=\"auto, (max-width: 1200px) 100vw, 1200px\" \/><\/figure>\n\n\n\n<h2 class=\"wp-block-heading\">T\u00e9rminos y Condiciones<\/h2>\n\n\n\n<p class=\"has-text-align-left\">Al accesar el sitio web del Conglomerado Financiero Grupo Mutual, el usuario autoriza que Grupo Mutual consulte su informaci\u00f3n ante el Centro de Informaci\u00f3n Crediticia (CIC), de SUGEF y que dicha informaci\u00f3n sea compartida y entregada al Conglomerado Grupo Mutual.<\/p>\n\n\n\n<p class=\"has-text-align-left\">Toda solicitud de cr\u00e9dito queda sujeta a an\u00e1lisis por parte de Grupo Mutual y no implica compromiso alguno de aprobaci\u00f3n.<\/p>\n\n\n\n<p class=\"has-text-align-left\">En caso de aprobaci\u00f3n del cr\u00e9dito, las condiciones crediticias ser\u00e1n las que rijan al momento en que se formalice la solicitud cumpliendo con todos los requisitos exigidos en el Reglamento de Cr\u00e9dito de Grupo Mutual. De conformidad con la Ley 8968 &#8220;Protecci\u00f3n de la Persona frente al tratamiento de sus datos personales&#8221;, los datos personales que proporcionar\u00e1s ser\u00e1n tratados exclusivamente en los productos y servicios del Conglomerado Grupo Mutual y la entrega de informaci\u00f3n es facultativa y los autorizados poseen una base de datos de uso interno. El usuario tiene derecho a ejercer las acciones que otorga la ley 8968 sobre el uso de sus datos.<\/p>\n\n\n\n<p class=\"has-text-align-left\">En caso de que usted requiera corroborar la legitimidad de la informaci\u00f3n de este sitio favor de comunicarse al tel\u00e9fono de <br>Grupo Mutual 2437-1000.<\/p>\n","protected":false},"excerpt":{"rendered":"<p>T\u00e9rminos y Condiciones Al accesar el sitio web del Conglomerado Financiero Grupo Mutual, el usuario autoriza que Grupo Mutual consulte su informaci\u00f3n ante el Centro de Informaci\u00f3n Crediticia (CIC), de SUGEF y que dicha informaci\u00f3n sea compartida y entregada al Conglomerado Grupo Mutual. Toda solicitud de cr\u00e9dito queda sujeta a an\u00e1lisis por parte de Grupo [&hellip;]<\/p>\n","protected":false},"author":1,"featured_media":0,"parent":0,"menu_order":0,"comment_status":"closed","ping_status":"open","template":"","meta":{"footnotes":""},"class_list":["post-3","page","type-page","status-publish","hentry"],"blocksy_meta":[],"_links":{"self":[{"href":"https:\/\/www.creditogrupomutual.fi.cr\/expo-vivienda\/wp-json\/wp\/v2\/pages\/3","targetHints":{"allow":["GET"]}}],"collection":[{"href":"https:\/\/www.creditogrupomutual.fi.cr\/expo-vivienda\/wp-json\/wp\/v2\/pages"}],"about":[{"href":"https:\/\/www.creditogrupomutual.fi.cr\/expo-vivienda\/wp-json\/wp\/v2\/types\/page"}],"author":[{"embeddable":true,"href":"https:\/\/www.creditogrupomutual.fi.cr\/expo-vivienda\/wp-json\/wp\/v2\/users\/1"}],"replies":[{"embeddable":true,"href":"https:\/\/www.creditogrupomutual.fi.cr\/expo-vivienda\/wp-json\/wp\/v2\/comments?post=3"}],"version-history":[{"count":10,"href":"https:\/\/www.creditogrupomutual.fi.cr\/expo-vivienda\/wp-json\/wp\/v2\/pages\/3\/revisions"}],"predecessor-version":[{"id":233,"href":"https:\/\/www.creditogrupomutual.fi.cr\/expo-vivienda\/wp-json\/wp\/v2\/pages\/3\/revisions\/233"}],"wp:attachment":[{"href":"https:\/\/www.creditogrupomutual.fi.cr\/expo-vivienda\/wp-json\/wp\/v2\/media?parent=3"}],"curies":[{"name":"wp","href":"https:\/\/api.w.org\/{rel}","templated":true}]}}