{"id":368,"date":"2024-03-21T14:41:12","date_gmt":"2024-03-21T20:41:12","guid":{"rendered":"https:\/\/www.creditogrupomutual.fi.cr\/eventos\/air-supply-copy\/"},"modified":"2024-03-27T09:31:26","modified_gmt":"2024-03-27T15:31:26","slug":"ub40","status":"publish","type":"page","link":"https:\/\/www.creditogrupomutual.fi.cr\/eventos\/ub40\/","title":{"rendered":"UB40"},"content":{"rendered":"\n<div class=\"wp-block-cover alignfull is-light has-custom-content-position is-position-center-left wp-duotone-unset-1\" style=\"margin-top:0;margin-bottom:0;padding-top:0;padding-bottom:0;min-height:500px;aspect-ratio:unset;\"><span aria-hidden=\"true\" class=\"wp-block-cover__background has-background-dim-0 has-background-dim\"><\/span><img loading=\"lazy\" decoding=\"async\" width=\"2560\" height=\"1280\" class=\"wp-block-cover__image-background wp-image-405\" alt=\"\" src=\"https:\/\/www.creditogrupomutual.fi.cr\/eventos\/wp-content\/uploads\/2024\/03\/ub40-cover3.jpg\" data-object-fit=\"cover\" srcset=\"https:\/\/www.creditogrupomutual.fi.cr\/eventos\/wp-content\/uploads\/2024\/03\/ub40-cover3.jpg 2560w, https:\/\/www.creditogrupomutual.fi.cr\/eventos\/wp-content\/uploads\/2024\/03\/ub40-cover3-300x150.jpg 300w, https:\/\/www.creditogrupomutual.fi.cr\/eventos\/wp-content\/uploads\/2024\/03\/ub40-cover3-1024x512.jpg 1024w, https:\/\/www.creditogrupomutual.fi.cr\/eventos\/wp-content\/uploads\/2024\/03\/ub40-cover3-768x384.jpg 768w, https:\/\/www.creditogrupomutual.fi.cr\/eventos\/wp-content\/uploads\/2024\/03\/ub40-cover3-1536x768.jpg 1536w, https:\/\/www.creditogrupomutual.fi.cr\/eventos\/wp-content\/uploads\/2024\/03\/ub40-cover3-2048x1024.jpg 2048w\" sizes=\"auto, (max-width: 2560px) 100vw, 2560px\" \/><div class=\"wp-block-cover__inner-container is-layout-flow wp-container-core-cover-is-layout-1 wp-block-cover-is-layout-flow\">\n<p class=\"has-text-align-center has-large-font-size\"><\/p>\n<\/div><\/div>\n\n\n\n<h4 class=\"wp-block-heading alignfull has-text-align-center has-black-color has-text-color has-background has-link-color wp-elements-48cab9a28abb4d8831947515d5615dff\" style=\"background-color:#faf2db;margin-top:0;margin-right:0;margin-bottom:0;margin-left:0;padding-right:var(--wp--preset--spacing--50);padding-left:var(--wp--preset--spacing--50);font-style:normal;font-weight:600\">Como titular de la Tarjeta D\u00e9bito de Grupo Mutual, est\u00e1s a punto de experimentar beneficios exclusivos que har\u00e1n de esta fiesta una experiencia inolvidable.<\/h4>\n\n\n\n<div class=\"wp-block-columns alignfull has-background is-layout-flex wp-container-core-columns-is-layout-1 wp-block-columns-is-layout-flex\" style=\"background-color:#faf2db\">\n<div class=\"wp-block-column is-vertically-aligned-top has-palette-color-8-color has-text-color has-background has-link-color wp-elements-3a3d0577b75b962a1460788c54a4ef94 is-layout-flow wp-block-column-is-layout-flow\" style=\"background-color:#faf2db;flex-basis:33.3%\">\n<figure class=\"wp-block-image size-large\"><img loading=\"lazy\" decoding=\"async\" width=\"1024\" height=\"1024\" src=\"https:\/\/www.creditogrupomutual.fi.cr\/eventos\/wp-content\/uploads\/2024\/03\/UB40-lp1-1024x1024.jpg\" alt=\"\" class=\"wp-image-395\" srcset=\"https:\/\/www.creditogrupomutual.fi.cr\/eventos\/wp-content\/uploads\/2024\/03\/UB40-lp1-1024x1024.jpg 1024w, https:\/\/www.creditogrupomutual.fi.cr\/eventos\/wp-content\/uploads\/2024\/03\/UB40-lp1-300x300.jpg 300w, https:\/\/www.creditogrupomutual.fi.cr\/eventos\/wp-content\/uploads\/2024\/03\/UB40-lp1-150x150.jpg 150w, https:\/\/www.creditogrupomutual.fi.cr\/eventos\/wp-content\/uploads\/2024\/03\/UB40-lp1-768x768.jpg 768w, https:\/\/www.creditogrupomutual.fi.cr\/eventos\/wp-content\/uploads\/2024\/03\/UB40-lp1.jpg 1200w\" sizes=\"auto, (max-width: 1024px) 100vw, 1024px\" \/><\/figure>\n\n\n\n<div class=\"wp-block-buttons is-content-justification-center is-layout-flex wp-container-core-buttons-is-layout-1 wp-block-buttons-is-layout-flex\" style=\"margin-top:var(--wp--preset--spacing--30);margin-bottom:var(--wp--preset--spacing--30)\">\n<div class=\"wp-block-button has-custom-font-size has-large-font-size\"><a class=\"wp-block-button__link has-white-color has-text-color has-background has-link-color wp-element-button\" href=\"https:\/\/www.creditogrupomutual.fi.cr\/eventos\/ub40-solicitar-tarjeta\/\" style=\"border-radius:50px;background-color:#4bc0ae\"><strong>SOLICIT\u00c1 TU TARJETA AQU\u00cd<\/strong><br><strong> <\/strong> <\/a><\/div>\n<\/div>\n\n\n\n<p class=\"has-text-align-center has-black-color has-text-color has-background has-link-color wp-elements-3822a2ad3c614031a2a395e415652a9b\" style=\"background-color:#faf2db;margin-top:var(--wp--preset--spacing--60);margin-bottom:var(--wp--preset--spacing--60)\">\u00a0\u00a1El concierto de UB40 est\u00e1 a punto de comenzar y queremos que no te perd\u00e1s los beneficios exclusivos! <br><br>\u00bfA\u00fan no ten\u00e9s la Tarjeta de D\u00e9bito? \u00a1No te preocup\u00e9s, est\u00e1s a tiempo de unirte!<br><br>\u00a1No te perd\u00e1s la oportunidad de asistir al concierto de UB40, as\u00ed que <strong>VIVILO<\/strong> con todos estos beneficios exclusivos! Si ya ten\u00e9s la tarjeta, asegurate de aprovecharla al m\u00e1ximo. Si a\u00fan no la ten\u00e9s, \u00a1es el momento perfecto para obtenerla, as\u00ed que sumate y <strong>VIVILO<\/strong> de la manera m\u00e1s VIP!<\/p>\n<\/div>\n\n\n\n<div class=\"wp-block-column has-black-color has-text-color has-background has-link-color wp-elements-6bca795ff3ff6bd374f4a2964f09d46b is-layout-flow wp-block-column-is-layout-flow\" style=\"background-color:#faf2db;flex-basis:33.33%\">\n<figure class=\"wp-block-image size-large\"><img loading=\"lazy\" decoding=\"async\" width=\"1024\" height=\"1024\" src=\"https:\/\/www.creditogrupomutual.fi.cr\/eventos\/wp-content\/uploads\/2024\/03\/UB40-lp3-1024x1024.jpg\" alt=\"\" class=\"wp-image-397\" srcset=\"https:\/\/www.creditogrupomutual.fi.cr\/eventos\/wp-content\/uploads\/2024\/03\/UB40-lp3-1024x1024.jpg 1024w, https:\/\/www.creditogrupomutual.fi.cr\/eventos\/wp-content\/uploads\/2024\/03\/UB40-lp3-300x300.jpg 300w, https:\/\/www.creditogrupomutual.fi.cr\/eventos\/wp-content\/uploads\/2024\/03\/UB40-lp3-150x150.jpg 150w, https:\/\/www.creditogrupomutual.fi.cr\/eventos\/wp-content\/uploads\/2024\/03\/UB40-lp3-768x768.jpg 768w, https:\/\/www.creditogrupomutual.fi.cr\/eventos\/wp-content\/uploads\/2024\/03\/UB40-lp3.jpg 1200w\" sizes=\"auto, (max-width: 1024px) 100vw, 1024px\" \/><\/figure>\n\n\n\n<div class=\"wp-block-buttons alignfull is-content-justification-center is-layout-flex wp-container-core-buttons-is-layout-2 wp-block-buttons-is-layout-flex\">\n<div class=\"wp-block-button has-custom-font-size has-large-font-size\"><a class=\"wp-block-button__link has-white-color has-text-color has-background has-link-color has-text-align-center wp-element-button\" href=\"https:\/\/publitickets.com\/events\/ub40-costa-rica-2024\" style=\"border-radius:50px;background-color:#f5333f\" target=\"_blank\" rel=\"noreferrer noopener\"><strong>COMPR\u00c1 TUS ENTRADAS<\/strong>  <\/a><\/div>\n<\/div>\n\n\n\n<p class=\"has-text-align-center has-black-color has-text-color has-link-color wp-elements-0908eb2ed528ea2fc91eda88673fbdad\" style=\"margin-top:var(--wp--preset--spacing--60);margin-right:var(--wp--preset--spacing--20);margin-bottom:var(--wp--preset--spacing--60);margin-left:var(--wp--preset--spacing--20)\">\u00a1<strong>VIVILO<\/strong> con tu Tarjeta de D\u00e9bito y asegur\u00e1 tu entrada al concierto de UB40 con Publiticket!<br><br>\u00bfSos tarjetahabiente de la Tarjeta de D\u00e9bito de Grupo Mutual? Est\u00e1s a punto de cambiar emocionantemente la manera en que compras tus boletos para los eventos m\u00e1s destacados.<br><br>\u00a1No perd\u00e1s la oportunidad y <strong>VIVILO<\/strong> con tu tarjeta de d\u00e9bito Grupo Mutual en Publiticket! <br><br>\u00a1Compr\u00e1 tus entradas ahora y hac\u00e9 que cada experiencia sea extraordinaria!<\/p>\n<\/div>\n\n\n\n<div class=\"wp-block-column has-background is-layout-flow wp-block-column-is-layout-flow\" style=\"background-color:#faf2db;flex-basis:33.33%\">\n<figure class=\"wp-block-image size-large\"><img loading=\"lazy\" decoding=\"async\" width=\"1024\" height=\"1024\" src=\"https:\/\/www.creditogrupomutual.fi.cr\/eventos\/wp-content\/uploads\/2024\/03\/UB40-solicitud-1-1024x1024.jpg\" alt=\"\" class=\"wp-image-396\" srcset=\"https:\/\/www.creditogrupomutual.fi.cr\/eventos\/wp-content\/uploads\/2024\/03\/UB40-solicitud-1-1024x1024.jpg 1024w, https:\/\/www.creditogrupomutual.fi.cr\/eventos\/wp-content\/uploads\/2024\/03\/UB40-solicitud-1-300x300.jpg 300w, https:\/\/www.creditogrupomutual.fi.cr\/eventos\/wp-content\/uploads\/2024\/03\/UB40-solicitud-1-150x150.jpg 150w, https:\/\/www.creditogrupomutual.fi.cr\/eventos\/wp-content\/uploads\/2024\/03\/UB40-solicitud-1-768x768.jpg 768w, https:\/\/www.creditogrupomutual.fi.cr\/eventos\/wp-content\/uploads\/2024\/03\/UB40-solicitud-1.jpg 1200w\" sizes=\"auto, (max-width: 1024px) 100vw, 1024px\" \/><\/figure>\n\n\n\n<p class=\"has-text-align-center has-black-color has-text-color has-link-color wp-elements-1d4648dd1e14296d9f13d3f1db35506f\"><strong>Beneficios Exclusivos del concierto de UB40 con la Tarjeta de D\u00e9bito<\/strong><\/p>\n\n\n\n<p class=\"has-text-align-center has-black-color has-text-color has-link-color wp-elements-cd54056797c4b14289d5e1c4c13bf855\" style=\"margin-right:var(--wp--preset--spacing--20);margin-left:var(--wp--preset--spacing--20)\">&nbsp;\ud83c\udfab Recib\u00ed un <strong>20%<\/strong> de <strong>descuento<\/strong> <strong>EXCLUSIVO<\/strong> al comprar 2 entradas con la Tarjeta Mutual D\u00e9bito por medio de publitickets.<br><br> \ud83c\udfab Al realizar compras por un monto m\u00ednimo de \u00a210.000 con tu Tarjeta Mutual D\u00e9bito, acumul\u00e1 acciones electr\u00f3nicas para participar en el sorteo de una de las <strong>15 entradas dobles<\/strong> al concierto.<\/p>\n<\/div>\n<\/div>\n","protected":false},"excerpt":{"rendered":"<p>Como titular de la Tarjeta D\u00e9bito de Grupo Mutual, est\u00e1s a punto de experimentar beneficios exclusivos que har\u00e1n de esta fiesta una experiencia inolvidable. \u00a0\u00a1El concierto de UB40 est\u00e1 a punto de comenzar y queremos que no te perd\u00e1s los beneficios exclusivos! \u00bfA\u00fan no ten\u00e9s la Tarjeta de D\u00e9bito? \u00a1No te preocup\u00e9s, est\u00e1s a tiempo [&hellip;]<\/p>\n","protected":false},"author":1,"featured_media":0,"parent":0,"menu_order":0,"comment_status":"closed","ping_status":"closed","template":"","meta":{"footnotes":""},"class_list":["post-368","page","type-page","status-publish","hentry"],"blocksy_meta":[],"_links":{"self":[{"href":"https:\/\/www.creditogrupomutual.fi.cr\/eventos\/wp-json\/wp\/v2\/pages\/368","targetHints":{"allow":["GET"]}}],"collection":[{"href":"https:\/\/www.creditogrupomutual.fi.cr\/eventos\/wp-json\/wp\/v2\/pages"}],"about":[{"href":"https:\/\/www.creditogrupomutual.fi.cr\/eventos\/wp-json\/wp\/v2\/types\/page"}],"author":[{"embeddable":true,"href":"https:\/\/www.creditogrupomutual.fi.cr\/eventos\/wp-json\/wp\/v2\/users\/1"}],"replies":[{"embeddable":true,"href":"https:\/\/www.creditogrupomutual.fi.cr\/eventos\/wp-json\/wp\/v2\/comments?post=368"}],"version-history":[{"count":14,"href":"https:\/\/www.creditogrupomutual.fi.cr\/eventos\/wp-json\/wp\/v2\/pages\/368\/revisions"}],"predecessor-version":[{"id":413,"href":"https:\/\/www.creditogrupomutual.fi.cr\/eventos\/wp-json\/wp\/v2\/pages\/368\/revisions\/413"}],"wp:attachment":[{"href":"https:\/\/www.creditogrupomutual.fi.cr\/eventos\/wp-json\/wp\/v2\/media?parent=368"}],"curies":[{"name":"wp","href":"https:\/\/api.w.org\/{rel}","templated":true}]}}