{"id":249,"date":"2024-02-02T19:08:38","date_gmt":"2024-02-03T01:08:38","guid":{"rendered":"https:\/\/www.creditogrupomutual.fi.cr\/eventos\/eventos-copy\/"},"modified":"2024-02-05T19:24:53","modified_gmt":"2024-02-06T01:24:53","slug":"gracias","status":"publish","type":"page","link":"https:\/\/www.creditogrupomutual.fi.cr\/eventos\/gracias\/","title":{"rendered":"Gracias"},"content":{"rendered":"\n<div class=\"wp-block-cover alignfull is-light has-custom-content-position is-position-center-left\" style=\"margin-top:0;margin-bottom:0;padding-top:0;padding-bottom:0;min-height:500px;aspect-ratio:unset;\"><span aria-hidden=\"true\" class=\"wp-block-cover__background has-background-dim-0 has-background-dim\"><\/span><img loading=\"lazy\" decoding=\"async\" width=\"2500\" height=\"1250\" class=\"wp-block-cover__image-background wp-image-274\" alt=\"\" src=\"https:\/\/www.creditogrupomutual.fi.cr\/eventos\/wp-content\/uploads\/2024\/02\/gm-cover-mod-urbnfest-1.jpg\" data-object-fit=\"cover\" srcset=\"https:\/\/www.creditogrupomutual.fi.cr\/eventos\/wp-content\/uploads\/2024\/02\/gm-cover-mod-urbnfest-1.jpg 2500w, https:\/\/www.creditogrupomutual.fi.cr\/eventos\/wp-content\/uploads\/2024\/02\/gm-cover-mod-urbnfest-1-300x150.jpg 300w, https:\/\/www.creditogrupomutual.fi.cr\/eventos\/wp-content\/uploads\/2024\/02\/gm-cover-mod-urbnfest-1-1024x512.jpg 1024w, https:\/\/www.creditogrupomutual.fi.cr\/eventos\/wp-content\/uploads\/2024\/02\/gm-cover-mod-urbnfest-1-768x384.jpg 768w, https:\/\/www.creditogrupomutual.fi.cr\/eventos\/wp-content\/uploads\/2024\/02\/gm-cover-mod-urbnfest-1-1536x768.jpg 1536w, https:\/\/www.creditogrupomutual.fi.cr\/eventos\/wp-content\/uploads\/2024\/02\/gm-cover-mod-urbnfest-1-2048x1024.jpg 2048w\" sizes=\"auto, (max-width: 2500px) 100vw, 2500px\" \/><div class=\"wp-block-cover__inner-container is-layout-flow wp-container-core-cover-is-layout-1 wp-block-cover-is-layout-flow\">\n<p class=\"has-text-align-center has-large-font-size\"><\/p>\n<\/div><\/div>\n\n\n\n<h3 class=\"wp-block-heading alignfull has-text-align-center has-black-color has-text-color has-background has-link-color wp-elements-6a0a9d51ee7ffd757cc389bd9604e709\" style=\"background-color:#ffae48;font-style:normal;font-weight:600\">\u00a1Muchas Gracias!<br><br>Tu solicitud ha sido enviada, un agente te contactar\u00e1 en breve.<\/h3>\n\n\n\n<div class=\"wp-block-columns has-white-background-color has-background is-layout-flex wp-container-core-columns-is-layout-1 wp-block-columns-is-layout-flex\">\n<div class=\"wp-block-column has-background is-layout-flow wp-block-column-is-layout-flow\" style=\"background-color:#efefef;flex-basis:33.33%\">\n<figure class=\"wp-block-image size-large\"><img loading=\"lazy\" decoding=\"async\" width=\"1024\" height=\"1024\" src=\"https:\/\/www.creditogrupomutual.fi.cr\/eventos\/wp-content\/uploads\/2024\/02\/lp-vivilo-urbn-gm-02-1-1024x1024.jpg\" alt=\"\" class=\"wp-image-189\" srcset=\"https:\/\/www.creditogrupomutual.fi.cr\/eventos\/wp-content\/uploads\/2024\/02\/lp-vivilo-urbn-gm-02-1-1024x1024.jpg 1024w, https:\/\/www.creditogrupomutual.fi.cr\/eventos\/wp-content\/uploads\/2024\/02\/lp-vivilo-urbn-gm-02-1-300x300.jpg 300w, https:\/\/www.creditogrupomutual.fi.cr\/eventos\/wp-content\/uploads\/2024\/02\/lp-vivilo-urbn-gm-02-1-150x150.jpg 150w, https:\/\/www.creditogrupomutual.fi.cr\/eventos\/wp-content\/uploads\/2024\/02\/lp-vivilo-urbn-gm-02-1-768x768.jpg 768w, https:\/\/www.creditogrupomutual.fi.cr\/eventos\/wp-content\/uploads\/2024\/02\/lp-vivilo-urbn-gm-02-1.jpg 1500w\" sizes=\"auto, (max-width: 1024px) 100vw, 1024px\" \/><\/figure>\n\n\n\n<p class=\"has-text-align-center has-black-color has-text-color has-link-color wp-elements-e839c1b442d9d4e7ca41cbe700b93339\"><strong>\u00a1Exclusivo para Titulares de la Tarjeta Mutual!<\/strong><\/p>\n\n\n\n<p class=\"has-text-align-center has-black-color has-text-color has-link-color wp-elements-56712b724464e355b4bfe8f31076321b\">&nbsp;\u00a1El Urbn Fest est\u00e1 a punto de comenzar y queremos que seas parte de ella con beneficios exclusivos!<br>\u00bfA\u00fan no ten\u00e9s la Tarjeta de D\u00e9bito de Grupo Mutual? \u00a1No te preocup\u00e9s, est\u00e1s a tiempo de unirte! .<\/p>\n\n\n\n<p class=\"has-text-align-center has-black-color has-text-color has-link-color wp-elements-cec89de33d24b2691e7019ef3920dda5\">\u00a1No te perd\u00e1s la oportunidad de asistir al Urbn Fest y VIVILO con todos estos beneficios exclusivos!<\/p>\n\n\n\n<p class=\"has-text-align-center has-black-color has-text-color has-link-color wp-elements-fcf0821623770fb275ed06e65d50cae5\">Si ya sos titular de la tarjeta, asegurate de aprovecharla al m\u00e1ximo. Si a\u00fan no la ten\u00e9s, \u00a1es el momento perfecto para obtenerla, as\u00ed que sumate y VIVILO de la manera m\u00e1s VIP!<\/p>\n\n\n\n<p><\/p>\n<\/div>\n\n\n\n<div class=\"wp-block-column has-background is-layout-flow wp-block-column-is-layout-flow\" style=\"background-color:#efefef;flex-basis:33.33%\">\n<figure class=\"wp-block-image size-large\"><img loading=\"lazy\" decoding=\"async\" width=\"1024\" height=\"1024\" src=\"https:\/\/www.creditogrupomutual.fi.cr\/eventos\/wp-content\/uploads\/2024\/02\/lp-vivilo-urbn-gm-01-1-1024x1024.jpg\" alt=\"\" class=\"wp-image-188\" srcset=\"https:\/\/www.creditogrupomutual.fi.cr\/eventos\/wp-content\/uploads\/2024\/02\/lp-vivilo-urbn-gm-01-1-1024x1024.jpg 1024w, https:\/\/www.creditogrupomutual.fi.cr\/eventos\/wp-content\/uploads\/2024\/02\/lp-vivilo-urbn-gm-01-1-300x300.jpg 300w, https:\/\/www.creditogrupomutual.fi.cr\/eventos\/wp-content\/uploads\/2024\/02\/lp-vivilo-urbn-gm-01-1-150x150.jpg 150w, https:\/\/www.creditogrupomutual.fi.cr\/eventos\/wp-content\/uploads\/2024\/02\/lp-vivilo-urbn-gm-01-1-768x768.jpg 768w, https:\/\/www.creditogrupomutual.fi.cr\/eventos\/wp-content\/uploads\/2024\/02\/lp-vivilo-urbn-gm-01-1.jpg 1500w\" sizes=\"auto, (max-width: 1024px) 100vw, 1024px\" \/><\/figure>\n\n\n\n<p class=\"has-text-align-center has-black-color has-text-color has-link-color wp-elements-5108210f4a1e7d9da6e16c3406a7f17a\"><strong>\u00a1VIVILO con tu Tarjeta Mutual y asegur\u00e1 tu entrada al Urbn Fest con Publiticket!<\/strong><br><br>\u00bfTen\u00e9s la tarjeta de d\u00e9bito Grupo Mutual? Entonces est\u00e1s a punto de darle un giro emocionante a la forma en que adquir\u00eds tus entradas para los mejores eventos.<\/p>\n\n\n\n<p class=\"has-text-align-center has-black-color has-text-color has-link-color wp-elements-4f4a85a3d7f15846fcc9ff7c68cf0c4d\">\u00a1No perd\u00e1s la oportunidad y VIVILO con tu tarjeta de d\u00e9bito Grupo Mutual en Publiticket!<br>\u00a1Compr\u00e1 tus entradas ahora y hac\u00e9 que cada experiencia sea extraordinaria!<\/p>\n<\/div>\n\n\n\n<div class=\"wp-block-column has-background is-layout-flow wp-block-column-is-layout-flow\" style=\"background-color:#efefef;flex-basis:33.33%\">\n<figure class=\"wp-block-image size-large\"><img loading=\"lazy\" decoding=\"async\" width=\"1024\" height=\"1024\" src=\"https:\/\/www.creditogrupomutual.fi.cr\/eventos\/wp-content\/uploads\/2024\/02\/lp-vivilo-urbn-gm-03-1-1024x1024.jpg\" alt=\"\" class=\"wp-image-190\" srcset=\"https:\/\/www.creditogrupomutual.fi.cr\/eventos\/wp-content\/uploads\/2024\/02\/lp-vivilo-urbn-gm-03-1-1024x1024.jpg 1024w, https:\/\/www.creditogrupomutual.fi.cr\/eventos\/wp-content\/uploads\/2024\/02\/lp-vivilo-urbn-gm-03-1-300x300.jpg 300w, https:\/\/www.creditogrupomutual.fi.cr\/eventos\/wp-content\/uploads\/2024\/02\/lp-vivilo-urbn-gm-03-1-150x150.jpg 150w, https:\/\/www.creditogrupomutual.fi.cr\/eventos\/wp-content\/uploads\/2024\/02\/lp-vivilo-urbn-gm-03-1-768x768.jpg 768w, https:\/\/www.creditogrupomutual.fi.cr\/eventos\/wp-content\/uploads\/2024\/02\/lp-vivilo-urbn-gm-03-1.jpg 1500w\" sizes=\"auto, (max-width: 1024px) 100vw, 1024px\" \/><\/figure>\n\n\n\n<p class=\"has-text-align-center has-black-color has-text-color has-link-color wp-elements-7bc41e71bf26c26cd7a26cef217f1063\"><strong>Beneficios Exclusivos del Urban Fest con la Tarjeta de D\u00e9bito<\/strong>:<\/p>\n\n\n\n<p class=\"has-text-align-center has-black-color has-text-color has-link-color wp-elements-2e2498474c762f4313629058dbfd3f15\">&nbsp;\ud83c\udfab 20% descuento al comprar dos entradas en Oro VIP o Gramilla y particip\u00e1 por uno de los 8 pases dobles a pre-after party. <\/p>\n\n\n\n<p class=\"has-text-align-center has-black-color has-text-color has-link-color wp-elements-baf870b81abc821a2449396aa3dd5a11\">\ud83d\udcb3 Realiz\u00e1 compras m\u00ednimas de 10.000 y acumula acciones para ganar 1 de las 20 entradas dobles en balc\u00f3n.<\/p>\n<\/div>\n<\/div>\n","protected":false},"excerpt":{"rendered":"<p>\u00a1Muchas Gracias! Tu solicitud ha sido enviada, un agente te contactar\u00e1 en breve. \u00a1Exclusivo para Titulares de la Tarjeta Mutual! &nbsp;\u00a1El Urbn Fest est\u00e1 a punto de comenzar y queremos que seas parte de ella con beneficios exclusivos!\u00bfA\u00fan no ten\u00e9s la Tarjeta de D\u00e9bito de Grupo Mutual? \u00a1No te preocup\u00e9s, est\u00e1s a tiempo de unirte! [&hellip;]<\/p>\n","protected":false},"author":1,"featured_media":0,"parent":0,"menu_order":0,"comment_status":"closed","ping_status":"closed","template":"","meta":{"footnotes":""},"class_list":["post-249","page","type-page","status-publish","hentry"],"blocksy_meta":[],"_links":{"self":[{"href":"https:\/\/www.creditogrupomutual.fi.cr\/eventos\/wp-json\/wp\/v2\/pages\/249","targetHints":{"allow":["GET"]}}],"collection":[{"href":"https:\/\/www.creditogrupomutual.fi.cr\/eventos\/wp-json\/wp\/v2\/pages"}],"about":[{"href":"https:\/\/www.creditogrupomutual.fi.cr\/eventos\/wp-json\/wp\/v2\/types\/page"}],"author":[{"embeddable":true,"href":"https:\/\/www.creditogrupomutual.fi.cr\/eventos\/wp-json\/wp\/v2\/users\/1"}],"replies":[{"embeddable":true,"href":"https:\/\/www.creditogrupomutual.fi.cr\/eventos\/wp-json\/wp\/v2\/comments?post=249"}],"version-history":[{"count":5,"href":"https:\/\/www.creditogrupomutual.fi.cr\/eventos\/wp-json\/wp\/v2\/pages\/249\/revisions"}],"predecessor-version":[{"id":278,"href":"https:\/\/www.creditogrupomutual.fi.cr\/eventos\/wp-json\/wp\/v2\/pages\/249\/revisions\/278"}],"wp:attachment":[{"href":"https:\/\/www.creditogrupomutual.fi.cr\/eventos\/wp-json\/wp\/v2\/media?parent=249"}],"curies":[{"name":"wp","href":"https:\/\/api.w.org\/{rel}","templated":true}]}}