{"id":881,"date":"2025-06-26T16:32:17","date_gmt":"2025-06-26T22:32:17","guid":{"rendered":"https:\/\/www.creditogrupomutual.fi.cr\/campaigns\/?page_id=881"},"modified":"2025-12-02T17:07:32","modified_gmt":"2025-12-02T23:07:32","slug":"tarjetas-debito-infinite","status":"publish","type":"page","link":"https:\/\/www.creditogrupomutual.fi.cr\/campaigns\/tarjetas-debito-infinite\/","title":{"rendered":"Tarjetas de D\u00e9bito Infinite"},"content":{"rendered":"\n<figure class=\"wp-block-image alignfull size-full has-custom-border\" style=\"margin-top:var(--wp--preset--spacing--20);margin-right:var(--wp--preset--spacing--20);margin-bottom:var(--wp--preset--spacing--20);margin-left:var(--wp--preset--spacing--20)\"><img loading=\"lazy\" decoding=\"async\" width=\"1200\" height=\"600\" src=\"https:\/\/www.creditogrupomutual.fi.cr\/campaigns\/wp-content\/uploads\/2025\/06\/LP-1.jpg\" alt=\"\" class=\"wp-image-882\" style=\"border-radius:25px\" srcset=\"https:\/\/www.creditogrupomutual.fi.cr\/campaigns\/wp-content\/uploads\/2025\/06\/LP-1.jpg 1200w, https:\/\/www.creditogrupomutual.fi.cr\/campaigns\/wp-content\/uploads\/2025\/06\/LP-1-300x150.jpg 300w, https:\/\/www.creditogrupomutual.fi.cr\/campaigns\/wp-content\/uploads\/2025\/06\/LP-1-1024x512.jpg 1024w, https:\/\/www.creditogrupomutual.fi.cr\/campaigns\/wp-content\/uploads\/2025\/06\/LP-1-768x384.jpg 768w\" sizes=\"auto, (max-width: 1200px) 100vw, 1200px\" \/><\/figure>\n\n\n\n<h1 class=\"wp-block-heading has-text-align-center has-palette-color-4-color has-text-color has-link-color has-x-large-font-size wp-elements-d68fe3955c5f0bd05128cc5b90ddfa98\" style=\"font-style:normal;font-weight:600\"><strong>Tarjeta de D\u00e9bito Infinite de Grupo Mutual<\/strong><\/h1>\n\n\n\n<p class=\"has-text-align-center has-text-color has-link-color has-medium-font-size wp-elements-722eab0483f237996c75e6dff756438e\" style=\"color:#224a95\"><strong>Para calificar para esta tarjeta debe poseer un ingreso igual o mayor a los 2 millones de colones en adelante<\/strong><\/p>\n\n\n\n<div class=\"wp-block-columns is-layout-flex wp-container-core-columns-is-layout-1 wp-block-columns-is-layout-flex\">\n<div class=\"wp-block-column has-palette-color-8-color has-text-color has-background has-link-color wp-elements-eac23560699a1649dc28f670b8d6e45c is-layout-flow wp-block-column-is-layout-flow\" style=\"border-width:2px;background-color:#014278;flex-basis:45%\">\n<p class=\"has-text-align-center has-palette-color-8-color has-text-color has-background has-link-color wp-elements-4578a6ea2eda92bd47dc6658f7f3d0d8\" style=\"background-color:#014278;margin-bottom:-30px;font-size:clamp(21.536px, 1.346rem + ((1vw - 3.2px) * 1.052), 35px);\"><strong><strong>Beneficios <\/strong><\/strong><br><strong><strong>Tarjeta de D\u00e9bito Infinite <\/strong><\/strong><br><strong><strong>Grupo Mutual<\/strong><\/strong><\/p>\n\n\n\n<p class=\"has-text-align-left has-palette-color-8-color has-text-color has-background has-link-color has-medium-font-size wp-elements-fbd24a70c64a19f631b118856d044350\" style=\"background-color:#014278;margin-bottom:-30px\"><strong>COMPRAS<\/strong>:<\/p>\n\n\n\n<ul style=\"background-color:#014278\" class=\"wp-block-list has-background has-medium-font-size\">\n<li>Protecci\u00f3n de Precios: si el cliente compra un producto y encuentra el mismo a un menor precio se le devuelve la diferencia hasta un monto de $4.000.<\/li>\n\n\n\n<li>Protecci\u00f3n de compras: Si el cliente compra un producto y el mismo es da\u00f1ado o robado con una cobertura de hasta $25.000.<\/li>\n\n\n\n<li>Garant\u00eda extendida: 1 a\u00f1o de garant\u00eda a productos comprados con la Tarjeta de D\u00e9bito Infinite con una cobertura de hasta $25.000.<\/li>\n<\/ul>\n\n\n\n<p class=\"has-text-align-left has-palette-color-8-color has-text-color has-background has-link-color has-medium-font-size wp-elements-08ed49508ea487d0a9a86a68b6e74d32\" style=\"background-color:#014278;margin-bottom:-30px\"><strong>VIAJES<\/strong>:<\/p>\n\n\n\n<ul style=\"background-color:#014278\" class=\"wp-block-list has-background has-medium-font-size\">\n<li>Servicio de emergencia m\u00e9dica: En sus viajes internacionales tiene una cobertura hasta $250.000<\/li>\n\n\n\n<li>Visa M\u00e9dico Online Global fuera del pa\u00eds durante un viaje internacional.<\/li>\n\n\n\n<li>Seguro de alquiler de autos Global ante un viaje internacional.<\/li>\n\n\n\n<li>Demora de equipaje con una cobertura de hasta $600.<\/li>\n\n\n\n<li>P\u00e9rdida de equipaje con una cobertura de hasta $3.000.<\/li>\n\n\n\n<li>P\u00e9rdida de conexiones de un viaje con una cobertura de hasta $300.<\/li>\n\n\n\n<li>Demora de viaje con una cobertura de hasta $300.<\/li>\n\n\n\n<li>Cancelaci\u00f3n de viajes con una cobertura de hasta $3000.<\/li>\n\n\n\n<li>Visa Concierge.<\/li>\n\n\n\n<li>Visa Airport Companion: acceso a m\u00e1s de 1200 salas VIP (descargar app Visa Airport Companion).<\/li>\n\n\n\n<li>Visa Luxury Hotel Collection (Descuentos en distintos hoteles).<\/li>\n\n\n\n<li>Beneficio de una protecci\u00f3n hasta \u00a2500.000 contra casos de robo y fraude con su Tarjeta de D\u00e9bito.<\/li>\n\n\n\n<li>Descuentos en los comercios afiliados a Mutual Beneficios.<\/li>\n<\/ul>\n\n\n\n<p class=\"has-text-align-left has-background has-small-font-size\" style=\"background-color:#014278\">(*)Aplican restricciones.<br><br><\/p>\n<\/div>\n\n\n\n<div class=\"wp-block-column is-layout-flow wp-block-column-is-layout-flow\" style=\"border-width:1px;padding-right:var(--wp--preset--spacing--20);padding-left:var(--wp--preset--spacing--20);flex-basis:55%\">\n<p class=\"has-text-align-center has-palette-color-7-background-color has-background has-large-font-size\" style=\"margin-top:0px;margin-bottom:0px\"><strong>SOLICIT\u00c1 TU TARJETA INFINITE AQU\u00cd<\/strong><\/p>\n\n\n\n<div class=\"wpcf7 no-js\" id=\"wpcf7-f890-o1\" lang=\"es-CR\" dir=\"ltr\" data-wpcf7-id=\"890\">\n<div class=\"screen-reader-response\"><p role=\"status\" aria-live=\"polite\" aria-atomic=\"true\"><\/p> <ul><\/ul><\/div>\n<form action=\"\/campaigns\/wp-json\/wp\/v2\/pages\/881#wpcf7-f890-o1\" method=\"post\" class=\"wpcf7-form init\" aria-label=\"Contact form\" novalidate=\"novalidate\" data-status=\"init\">\n<div style=\"display: none;\">\n<input type=\"hidden\" name=\"_wpcf7\" value=\"890\" \/>\n<input type=\"hidden\" name=\"_wpcf7_version\" value=\"6.0.4\" \/>\n<input type=\"hidden\" name=\"_wpcf7_locale\" value=\"es_CR\" \/>\n<input type=\"hidden\" name=\"_wpcf7_unit_tag\" value=\"wpcf7-f890-o1\" \/>\n<input type=\"hidden\" name=\"_wpcf7_container_post\" value=\"0\" \/>\n<input type=\"hidden\" name=\"_wpcf7_posted_data_hash\" value=\"\" \/>\n<input type=\"hidden\" name=\"_wpcf7cf_hidden_group_fields\" value=\"[]\" \/>\n<input type=\"hidden\" name=\"_wpcf7cf_hidden_groups\" value=\"[]\" \/>\n<input type=\"hidden\" name=\"_wpcf7cf_visible_groups\" value=\"[]\" \/>\n<input type=\"hidden\" name=\"_wpcf7cf_repeaters\" value=\"[]\" \/>\n<input type=\"hidden\" name=\"_wpcf7cf_steps\" value=\"{}\" \/>\n<input type=\"hidden\" name=\"_wpcf7cf_options\" value=\"{&quot;form_id&quot;:890,&quot;conditions&quot;:[{&quot;then_field&quot;:&quot;cedula-selected&quot;,&quot;and_rules&quot;:[{&quot;if_field&quot;:&quot;TipoIdentificacion&quot;,&quot;operator&quot;:&quot;equals&quot;,&quot;if_value&quot;:&quot;C\\u00e9dula de Identidad&quot;}]},{&quot;then_field&quot;:&quot;didi-selected&quot;,&quot;and_rules&quot;:[{&quot;if_field&quot;:&quot;TipoIdentificacion&quot;,&quot;operator&quot;:&quot;equals&quot;,&quot;if_value&quot;:&quot;DIDI&quot;}]},{&quot;then_field&quot;:&quot;dimex-selected&quot;,&quot;and_rules&quot;:[{&quot;if_field&quot;:&quot;TipoIdentificacion&quot;,&quot;operator&quot;:&quot;equals&quot;,&quot;if_value&quot;:&quot;DIMEX&quot;}]},{&quot;then_field&quot;:&quot;otros-selected&quot;,&quot;and_rules&quot;:[{&quot;if_field&quot;:&quot;TipoIdentificacion&quot;,&quot;operator&quot;:&quot;equals&quot;,&quot;if_value&quot;:&quot;Otros&quot;}]},{&quot;then_field&quot;:&quot;pasaporte-selected&quot;,&quot;and_rules&quot;:[{&quot;if_field&quot;:&quot;TipoIdentificacion&quot;,&quot;operator&quot;:&quot;equals&quot;,&quot;if_value&quot;:&quot;Pasaporte&quot;}]}],&quot;settings&quot;:{&quot;animation&quot;:&quot;yes&quot;,&quot;animation_intime&quot;:200,&quot;animation_outtime&quot;:200,&quot;conditions_ui&quot;:&quot;normal&quot;,&quot;notice_dismissed&quot;:false}}\" \/>\n<input type=\"hidden\" name=\"redirect_nonce\" value=\"31eef400c6\" \/>\n<input type=\"hidden\" name=\"wpcf7cfpdf_hidden_name\" value=\"document-pdf\" \/>\n<input type=\"hidden\" name=\"wpcf7cfpdf_hidden_reference\" value=\"57d56959\" \/>\n<input type=\"hidden\" name=\"wpcf7cfpdf_hidden_date\" value=\"05132026\" \/>\n<\/div>\n<p>1. Tipo de Identificaci\u00f3n<br \/>\n<span class=\"wpcf7-form-control-wrap\" data-name=\"TipoIdentificacion\"><select class=\"wpcf7-form-control wpcf7-select wpcf7-validates-as-required\" aria-required=\"true\" aria-invalid=\"false\" name=\"TipoIdentificacion\"><option value=\"\">Seleccione<\/option><option value=\"C\u00e9dula de Identidad\">C\u00e9dula de Identidad<\/option><option value=\"DIDI\">DIDI<\/option><option value=\"DIMEX\">DIMEX<\/option><option value=\"Otros\">Otros<\/option><option value=\"Pasaporte\">Pasaporte<\/option><\/select><\/span>\n<\/p>\n<div data-id=\"cedula-selected\" data-orig_data_id=\"cedula-selected\" data-clear_on_hide data-class=\"wpcf7cf_group\">\n\t<p><span class=\"wpcf7-form-control-wrap\" data-name=\"Cedula\"><input class=\"wpcf7-form-control wpcf7-number wpcf7-validates-as-required wpcf7-validates-as-number\" min=\"0\" aria-required=\"true\" aria-invalid=\"false\" placeholder=\"Digite su Identificaci\u00f3n\" value=\"\" type=\"number\" name=\"Cedula\" \/><\/span>\n\t<\/p>\n<\/div>\n<div data-id=\"didi-selected\" data-orig_data_id=\"didi-selected\" data-clear_on_hide data-class=\"wpcf7cf_group\">\n\t<p><span class=\"wpcf7-form-control-wrap\" data-name=\"DIDI\"><input class=\"wpcf7-form-control wpcf7-number wpcf7-validates-as-required wpcf7-validates-as-number\" min=\"100000000000\" max=\"999999999999\" aria-required=\"true\" aria-invalid=\"false\" placeholder=\"Digite su DIDI\" value=\"\" type=\"number\" name=\"DIDI\" \/><\/span>\n\t<\/p>\n<\/div>\n<div data-id=\"dimex-selected\" data-orig_data_id=\"dimex-selected\" data-clear_on_hide data-class=\"wpcf7cf_group\">\n\t<p><span class=\"wpcf7-form-control-wrap\" data-name=\"DIMEX\"><input class=\"wpcf7-form-control wpcf7-number wpcf7-validates-as-required wpcf7-validates-as-number\" min=\"100000000000\" max=\"999999999999\" aria-required=\"true\" aria-invalid=\"false\" placeholder=\"Digite su DIMEX\" value=\"\" type=\"number\" name=\"DIMEX\" \/><\/span>\n\t<\/p>\n<\/div>\n<div data-id=\"otros-selected\" data-orig_data_id=\"otros-selected\" data-clear_on_hide data-class=\"wpcf7cf_group\">\n\t<p><span class=\"wpcf7-form-control-wrap\" data-name=\"Otros\"><input size=\"40\" maxlength=\"30\" minlength=\"6\" class=\"wpcf7-form-control wpcf7-text wpcf7-validates-as-required\" aria-required=\"true\" aria-invalid=\"false\" placeholder=\"Digite su identificaci\u00f3n\" value=\"\" type=\"text\" name=\"Otros\" \/><\/span>\n\t<\/p>\n<\/div>\n<div data-id=\"pasaporte-selected\" data-orig_data_id=\"pasaporte-selected\" data-clear_on_hide data-class=\"wpcf7cf_group\">\n\t<p><span class=\"wpcf7-form-control-wrap\" data-name=\"Pasaporte\"><input size=\"40\" maxlength=\"30\" minlength=\"6\" class=\"wpcf7-form-control wpcf7-text wpcf7-validates-as-required\" aria-required=\"true\" aria-invalid=\"false\" placeholder=\"Digite su Pasaporte\" value=\"\" type=\"text\" name=\"Pasaporte\" \/><\/span>\n\t<\/p>\n<\/div>\n<p>2. Nombre Completo<br \/>\n<span class=\"wpcf7-form-control-wrap\" data-name=\"Nombre\"><input size=\"40\" maxlength=\"400\" class=\"wpcf7-form-control wpcf7-text wpcf7-validates-as-required\" aria-required=\"true\" aria-invalid=\"false\" placeholder=\"Digite su Nombre Completo\" value=\"\" type=\"text\" name=\"Nombre\" \/><\/span>\n<\/p>\n<p>3. Digite su n\u00famero Telef\u00f3nico<br \/>\n<span class=\"wpcf7-form-control-wrap\" data-name=\"Telefono\"><input size=\"40\" maxlength=\"400\" class=\"wpcf7-form-control wpcf7-tel wpcf7-validates-as-required wpcf7-text wpcf7-validates-as-tel\" id=\"txttelform\" aria-required=\"true\" aria-invalid=\"false\" placeholder=\"Tel\u00e9fono\" value=\"\" type=\"tel\" name=\"Telefono\" \/><\/span>\n<\/p>\n<p>4. Digite su Correo Electr\u00f3nico<br \/>\n<span class=\"wpcf7-form-control-wrap\" data-name=\"Correo\"><input size=\"40\" maxlength=\"400\" class=\"wpcf7-form-control wpcf7-email wpcf7-validates-as-required wpcf7-text wpcf7-validates-as-email\" aria-required=\"true\" aria-invalid=\"false\" placeholder=\"Correo Electr\u00f3nico\" value=\"\" type=\"email\" name=\"Correo\" \/><\/span>\n<\/p>\n<p>5. Fuente de Ingresos<br \/>\n<span class=\"wpcf7-form-control-wrap\" data-name=\"fuenteIngresos\"><select class=\"wpcf7-form-control wpcf7-select wpcf7-validates-as-required\" aria-required=\"true\" aria-invalid=\"false\" name=\"fuenteIngresos\"><option value=\"\">Seleccione<\/option><option value=\"Asalariado\">Asalariado<\/option><option value=\"Ingresos propios\">Ingresos propios<\/option><\/select><\/span>\n<\/p>\n<p>6. Medio de Preferencia para ser contactado<br \/>\n<span class=\"wpcf7-form-control-wrap\" data-name=\"medioContacto\"><select class=\"wpcf7-form-control wpcf7-select wpcf7-validates-as-required\" aria-required=\"true\" aria-invalid=\"false\" name=\"medioContacto\"><option value=\"\">Seleccione<\/option><option value=\"T\u00e9lefono\">T\u00e9lefono<\/option><option value=\"Correo electr\u00f3nico\">Correo electr\u00f3nico<\/option><\/select><\/span>\n<\/p>\n<p>7. Sucursal de Preferencia<br \/>\n<span class=\"wpcf7-form-control-wrap\" data-name=\"centroNegocio\"><select class=\"wpcf7-form-control wpcf7-select wpcf7-validates-as-required\" aria-required=\"true\" aria-invalid=\"false\" name=\"centroNegocio\"><option value=\"\">Seleccione<\/option><option value=\"CN Aguas Zarcas\">CN Aguas Zarcas<\/option><option value=\"CN Alajuela\">CN Alajuela<\/option><option value=\"CN Alajuela Mercado\">CN Alajuela Mercado<\/option><option value=\"CN Avenida Central\">CN Avenida Central<\/option><option value=\"CN Bel\u00e9n\">CN Bel\u00e9n<\/option><option value=\"CN Caja Central\">CN Caja Central<\/option><option value=\"CN Caja Este\">CN Caja Este<\/option><option value=\"CN Caja Norte\">CN Caja Norte<\/option><option value=\"CN Cartago\">CN Cartago<\/option><option value=\"CN Centro Comercial del Sur\">CN Centro Comercial del Sur<\/option><option value=\"CN Curridabat\">CN Curridabat<\/option><option value=\"CN Desamparados\">CN Desamparados<\/option><option value=\"CN Escaz\u00fa\">CN Escaz\u00fa<\/option><option value=\"CN Grecia\">CN Grecia<\/option><option value=\"CN Guadalupe\">CN Guadalupe<\/option><option value=\"CN Guadalupe Centro Comercial\">CN Guadalupe Centro Comercial<\/option><option value=\"CN Gu\u00e1piles\">CN Gu\u00e1piles<\/option><option value=\"CN Heredia\">CN Heredia<\/option><option value=\"CN Heredia Estadio\">CN Heredia Estadio<\/option><option value=\"CN Liberia\">CN Liberia<\/option><option value=\"CN Lim\u00f3n\">CN Lim\u00f3n<\/option><option value=\"CN Moravia\">CN Moravia<\/option><option value=\"CN Naranjo\">CN Naranjo<\/option><option value=\"CN Orotina\">CN Orotina<\/option><option value=\"CN Palmares\">CN Palmares<\/option><option value=\"CN Parque Juan Santamar\u00eda\">CN Parque Juan Santamar\u00eda<\/option><option value=\"CN Paseo Col\u00f3n\">CN Paseo Col\u00f3n<\/option><option value=\"CN Paseo de las Flores\">CN Paseo de las Flores<\/option><option value=\"CN Po\u00e1s\">CN Po\u00e1s<\/option><option value=\"CN Puntarenas\">CN Puntarenas<\/option><option value=\"CN Puriscal\">CN Puriscal<\/option><option value=\"CN Perez Zeled\u00f3n\">CN Perez Zeled\u00f3n<\/option><option value=\"CN San Carlos\">CN San Carlos<\/option><option value=\"CN San Rafael Heredia\">CN San Rafael Heredia<\/option><option value=\"CN San Ram\u00f3n\">CN San Ram\u00f3n<\/option><option value=\"CN Santa Ana\">CN Santa Ana<\/option><option value=\"CN Santa B\u00e1rbara\">CN Santa B\u00e1rbara<\/option><option value=\"CN Sarch\u00ed\">CN Sarch\u00ed<\/option><option value=\"CN Tib\u00e1s\">CN Tib\u00e1s<\/option><\/select><\/span>\n<\/p>\n<p><span class=\"wpcf7-form-control-wrap\" data-name=\"terminos\"><span class=\"wpcf7-form-control wpcf7-checkbox wpcf7-validates-as-required\"><span class=\"wpcf7-list-item first last\"><input type=\"checkbox\" name=\"terminos[]\" value=\"Confirmo que he le\u00eddo y estoy de acuerdo con los t\u00e9rminos, condiciones y pol\u00edtica de privacidad.\" \/><span class=\"wpcf7-list-item-label\">Confirmo que he le\u00eddo y estoy de acuerdo con los t\u00e9rminos, condiciones y pol\u00edtica de privacidad.<\/span><\/span><\/span><\/span>\n<\/p>\n<p><input class=\"wpcf7-form-control wpcf7-submit has-spinner\" type=\"submit\" value=\"Enviar\" \/>\n<\/p><div class=\"wpcf7-response-output\" aria-hidden=\"true\"><\/div>\n<\/form>\n<\/div>\n\n<\/div>\n<\/div>\n\n\n\n<p><\/p>\n","protected":false},"excerpt":{"rendered":"<p>Tarjeta de D\u00e9bito Infinite de Grupo Mutual Para calificar para esta tarjeta debe poseer un ingreso igual o mayor a los 2 millones de colones en adelante Beneficios Tarjeta de D\u00e9bito Infinite Grupo Mutual COMPRAS: VIAJES: (*)Aplican restricciones. SOLICIT\u00c1 TU TARJETA INFINITE AQU\u00cd<\/p>\n","protected":false},"author":1,"featured_media":0,"parent":0,"menu_order":0,"comment_status":"closed","ping_status":"closed","template":"","meta":{"footnotes":""},"class_list":["post-881","page","type-page","status-publish","hentry"],"blocksy_meta":[],"_links":{"self":[{"href":"https:\/\/www.creditogrupomutual.fi.cr\/campaigns\/wp-json\/wp\/v2\/pages\/881","targetHints":{"allow":["GET"]}}],"collection":[{"href":"https:\/\/www.creditogrupomutual.fi.cr\/campaigns\/wp-json\/wp\/v2\/pages"}],"about":[{"href":"https:\/\/www.creditogrupomutual.fi.cr\/campaigns\/wp-json\/wp\/v2\/types\/page"}],"author":[{"embeddable":true,"href":"https:\/\/www.creditogrupomutual.fi.cr\/campaigns\/wp-json\/wp\/v2\/users\/1"}],"replies":[{"embeddable":true,"href":"https:\/\/www.creditogrupomutual.fi.cr\/campaigns\/wp-json\/wp\/v2\/comments?post=881"}],"version-history":[{"count":6,"href":"https:\/\/www.creditogrupomutual.fi.cr\/campaigns\/wp-json\/wp\/v2\/pages\/881\/revisions"}],"predecessor-version":[{"id":1077,"href":"https:\/\/www.creditogrupomutual.fi.cr\/campaigns\/wp-json\/wp\/v2\/pages\/881\/revisions\/1077"}],"wp:attachment":[{"href":"https:\/\/www.creditogrupomutual.fi.cr\/campaigns\/wp-json\/wp\/v2\/media?parent=881"}],"curies":[{"name":"wp","href":"https:\/\/api.w.org\/{rel}","templated":true}]}}