{"id":772,"date":"2025-05-08T16:26:00","date_gmt":"2025-05-08T22:26:00","guid":{"rendered":"https:\/\/www.creditogrupomutual.fi.cr\/campaigns\/?page_id=772"},"modified":"2025-05-08T17:06:59","modified_gmt":"2025-05-08T23:06:59","slug":"gm-pack","status":"publish","type":"page","link":"https:\/\/www.creditogrupomutual.fi.cr\/campaigns\/gm-pack\/","title":{"rendered":"GM Pack"},"content":{"rendered":"\n<figure class=\"wp-block-image alignwide size-full has-custom-border is-style-default\"><img loading=\"lazy\" decoding=\"async\" width=\"2560\" height=\"881\" src=\"https:\/\/www.creditogrupomutual.fi.cr\/campaigns\/wp-content\/uploads\/2025\/05\/Banners-web-Desktop-scaled.jpg\" alt=\"\" class=\"wp-image-774\" style=\"border-radius:25px\" srcset=\"https:\/\/www.creditogrupomutual.fi.cr\/campaigns\/wp-content\/uploads\/2025\/05\/Banners-web-Desktop-scaled.jpg 2560w, https:\/\/www.creditogrupomutual.fi.cr\/campaigns\/wp-content\/uploads\/2025\/05\/Banners-web-Desktop-300x103.jpg 300w, https:\/\/www.creditogrupomutual.fi.cr\/campaigns\/wp-content\/uploads\/2025\/05\/Banners-web-Desktop-1024x352.jpg 1024w, https:\/\/www.creditogrupomutual.fi.cr\/campaigns\/wp-content\/uploads\/2025\/05\/Banners-web-Desktop-768x264.jpg 768w, https:\/\/www.creditogrupomutual.fi.cr\/campaigns\/wp-content\/uploads\/2025\/05\/Banners-web-Desktop-1536x528.jpg 1536w, https:\/\/www.creditogrupomutual.fi.cr\/campaigns\/wp-content\/uploads\/2025\/05\/Banners-web-Desktop-2048x705.jpg 2048w\" sizes=\"auto, (max-width: 2560px) 100vw, 2560px\" \/><\/figure>\n\n\n\n<div class=\"wp-block-columns is-layout-flex wp-container-core-columns-is-layout-1 wp-block-columns-is-layout-flex\">\n<div class=\"wp-block-column is-layout-flow wp-block-column-is-layout-flow\" style=\"flex-basis:55%\">\n<p class=\"has-text-align-center has-large-font-size\"><strong>SOLICIT\u00c1 AQU\u00cd TU GM PACK<\/strong><\/p>\n\n\n\n<div class=\"wpcf7 no-js\" id=\"wpcf7-f780-o1\" lang=\"es-CR\" dir=\"ltr\" data-wpcf7-id=\"780\">\n<div class=\"screen-reader-response\"><p role=\"status\" aria-live=\"polite\" aria-atomic=\"true\"><\/p> <ul><\/ul><\/div>\n<form action=\"\/campaigns\/wp-json\/wp\/v2\/pages\/772#wpcf7-f780-o1\" method=\"post\" class=\"wpcf7-form init\" aria-label=\"Contact form\" enctype=\"multipart\/form-data\" novalidate=\"novalidate\" data-status=\"init\">\n<div style=\"display: none;\">\n<input type=\"hidden\" name=\"_wpcf7\" value=\"780\" \/>\n<input type=\"hidden\" name=\"_wpcf7_version\" value=\"6.0.4\" \/>\n<input type=\"hidden\" name=\"_wpcf7_locale\" value=\"es_CR\" \/>\n<input type=\"hidden\" name=\"_wpcf7_unit_tag\" value=\"wpcf7-f780-o1\" \/>\n<input type=\"hidden\" name=\"_wpcf7_container_post\" value=\"0\" \/>\n<input type=\"hidden\" name=\"_wpcf7_posted_data_hash\" value=\"\" \/>\n<input type=\"hidden\" name=\"_wpcf7cf_hidden_group_fields\" value=\"[]\" \/>\n<input type=\"hidden\" name=\"_wpcf7cf_hidden_groups\" value=\"[]\" \/>\n<input type=\"hidden\" name=\"_wpcf7cf_visible_groups\" value=\"[]\" \/>\n<input type=\"hidden\" name=\"_wpcf7cf_repeaters\" value=\"[]\" \/>\n<input type=\"hidden\" name=\"_wpcf7cf_steps\" value=\"{}\" \/>\n<input type=\"hidden\" name=\"_wpcf7cf_options\" value=\"{&quot;form_id&quot;:780,&quot;conditions&quot;:[{&quot;then_field&quot;:&quot;cedula-selected&quot;,&quot;and_rules&quot;:[{&quot;if_field&quot;:&quot;TipoIdentificacion&quot;,&quot;operator&quot;:&quot;equals&quot;,&quot;if_value&quot;:&quot;C\\u00e9dula de Identidad&quot;}]},{&quot;then_field&quot;:&quot;dimex-selected&quot;,&quot;and_rules&quot;:[{&quot;if_field&quot;:&quot;TipoIdentificacion&quot;,&quot;operator&quot;:&quot;equals&quot;,&quot;if_value&quot;:&quot;DIMEX&quot;}]},{&quot;then_field&quot;:&quot;SanJose&quot;,&quot;and_rules&quot;:[{&quot;if_field&quot;:&quot;Provincias&quot;,&quot;operator&quot;:&quot;equals&quot;,&quot;if_value&quot;:&quot;San Jos\\u00e9&quot;}]},{&quot;then_field&quot;:&quot;Alajuela&quot;,&quot;and_rules&quot;:[{&quot;if_field&quot;:&quot;Provincias&quot;,&quot;operator&quot;:&quot;equals&quot;,&quot;if_value&quot;:&quot;Alajuela&quot;}]},{&quot;then_field&quot;:&quot;Cartago&quot;,&quot;and_rules&quot;:[{&quot;if_field&quot;:&quot;Provincias&quot;,&quot;operator&quot;:&quot;equals&quot;,&quot;if_value&quot;:&quot;Cartago&quot;}]},{&quot;then_field&quot;:&quot;Heredia&quot;,&quot;and_rules&quot;:[{&quot;if_field&quot;:&quot;Provincias&quot;,&quot;operator&quot;:&quot;equals&quot;,&quot;if_value&quot;:&quot;Heredia&quot;}]},{&quot;then_field&quot;:&quot;Guanacaste&quot;,&quot;and_rules&quot;:[{&quot;if_field&quot;:&quot;Provincias&quot;,&quot;operator&quot;:&quot;equals&quot;,&quot;if_value&quot;:&quot;Guanacaste&quot;}]},{&quot;then_field&quot;:&quot;Puntarenas&quot;,&quot;and_rules&quot;:[{&quot;if_field&quot;:&quot;Provincias&quot;,&quot;operator&quot;:&quot;equals&quot;,&quot;if_value&quot;:&quot;Puntarenas&quot;}]},{&quot;then_field&quot;:&quot;Limon&quot;,&quot;and_rules&quot;:[{&quot;if_field&quot;:&quot;Provincias&quot;,&quot;operator&quot;:&quot;equals&quot;,&quot;if_value&quot;:&quot;Lim\\u00f3n&quot;}]}],&quot;settings&quot;:{&quot;animation&quot;:&quot;yes&quot;,&quot;animation_intime&quot;:200,&quot;animation_outtime&quot;:200,&quot;conditions_ui&quot;:&quot;normal&quot;,&quot;notice_dismissed&quot;:false}}\" \/>\n<input type=\"hidden\" name=\"redirect_nonce\" value=\"7111b671c8\" \/>\n<input type=\"hidden\" name=\"wpcf7cfpdf_hidden_name\" value=\"cic-grupo-mutual\" \/>\n<input type=\"hidden\" name=\"wpcf7cfpdf_hidden_reference\" value=\"a3dafde9\" \/>\n<input type=\"hidden\" name=\"wpcf7cfpdf_hidden_date\" value=\"4abril,2026\" \/>\n<\/div>\n<p><span class=\"wpcf7-form-control-wrap\" data-name=\"Nombre\"><input size=\"40\" maxlength=\"400\" class=\"wpcf7-form-control wpcf7-text wpcf7-validates-as-required\" aria-required=\"true\" aria-invalid=\"false\" placeholder=\"Nombre Completo\" value=\"\" type=\"text\" name=\"Nombre\" \/><\/span><br \/>\n<span class=\"wpcf7-form-control-wrap\" data-name=\"TipoIdentificacion\"><select class=\"wpcf7-form-control wpcf7-select wpcf7-validates-as-required\" aria-required=\"true\" aria-invalid=\"false\" name=\"TipoIdentificacion\"><option value=\"\">Tipo de Identificaci\u00f3n<\/option><option value=\"C\u00e9dula de Identidad\">C\u00e9dula de Identidad<\/option><option value=\"DIMEX\">DIMEX<\/option><\/select><\/span>\n<\/p>\n<div data-id=\"cedula-selected\" data-orig_data_id=\"cedula-selected\" data-clear_on_hide data-class=\"wpcf7cf_group\">\n\t<p><span class=\"wpcf7-form-control-wrap\" data-name=\"Cedula\"><input class=\"wpcf7-form-control wpcf7-number wpcf7-validates-as-required wpcf7-validates-as-number\" min=\"0\" aria-required=\"true\" aria-invalid=\"false\" placeholder=\"N\u00famero de C\u00e9dula de Identidad\" value=\"\" type=\"number\" name=\"Cedula\" \/><\/span>\n\t<\/p>\n<\/div>\n<div data-id=\"dimex-selected\" data-orig_data_id=\"dimex-selected\" data-clear_on_hide data-class=\"wpcf7cf_group\">\n\t<p><span class=\"wpcf7-form-control-wrap\" data-name=\"DIMEX\"><input class=\"wpcf7-form-control wpcf7-number wpcf7-validates-as-required wpcf7-validates-as-number\" min=\"100000000000\" max=\"999999999999\" aria-required=\"true\" aria-invalid=\"false\" placeholder=\"DIMEX\" value=\"\" type=\"number\" name=\"DIMEX\" \/><\/span>\n\t<\/p>\n<\/div>\n<p><span class=\"wpcf7-form-control-wrap\" data-name=\"Telefono\"><input size=\"40\" maxlength=\"400\" class=\"wpcf7-form-control wpcf7-tel wpcf7-validates-as-required wpcf7-text wpcf7-validates-as-tel\" id=\"txttelform\" aria-required=\"true\" aria-invalid=\"false\" placeholder=\"Tel\u00e9fono\" value=\"\" type=\"tel\" name=\"Telefono\" \/><\/span><br \/>\n<span class=\"wpcf7-form-control-wrap\" data-name=\"Correo\"><input size=\"40\" maxlength=\"400\" class=\"wpcf7-form-control wpcf7-email wpcf7-validates-as-required wpcf7-text wpcf7-validates-as-email\" aria-required=\"true\" aria-invalid=\"false\" placeholder=\"Correo Electr\u00f3nico\" value=\"\" type=\"email\" name=\"Correo\" \/><\/span><br \/>\n<span class=\"wpcf7-form-control-wrap\" data-name=\"Provincias\"><select class=\"wpcf7-form-control wpcf7-select wpcf7-validates-as-required\" aria-required=\"true\" aria-invalid=\"false\" name=\"Provincias\"><option value=\"\">Provincia<\/option><option value=\"San Jos\u00e9\">San Jos\u00e9<\/option><option value=\"Alajuela\">Alajuela<\/option><option value=\"Cartago\">Cartago<\/option><option value=\"Heredia\">Heredia<\/option><option value=\"Guanacaste\">Guanacaste<\/option><option value=\"Puntarenas\">Puntarenas<\/option><option value=\"Lim\u00f3n\">Lim\u00f3n<\/option><\/select><\/span>\n<\/p>\n<div data-id=\"SanJose\" data-orig_data_id=\"SanJose\" data-clear_on_hide data-class=\"wpcf7cf_group\">\n\t<p><span class=\"wpcf7-form-control-wrap\" data-name=\"CNSanJose\"><select class=\"wpcf7-form-control wpcf7-select wpcf7-validates-as-required\" aria-required=\"true\" aria-invalid=\"false\" name=\"CNSanJose\"><option value=\"\">Seleccion\u00e1 el Centro de Negocio<\/option><option value=\"Avenida Central\">Avenida Central<\/option><option value=\"CC del Sur\">CC del Sur<\/option><option value=\"Escaz\u00fa\">Escaz\u00fa<\/option><option value=\"Moravia\">Moravia<\/option><option value=\"Guadalupe\">Guadalupe<\/option><option value=\"Guadalupe CC\">Guadalupe CC<\/option><option value=\"Paseo Col\u00f3n\">Paseo Col\u00f3n<\/option><option value=\"Plaza Am\u00e9rica\">Plaza Am\u00e9rica<\/option><option value=\"Curridabat\">Curridabat<\/option><option value=\"Desamparados\">Desamparados<\/option><option value=\"P\u00e9rez Zeled\u00f3n Parque\">P\u00e9rez Zeled\u00f3n Parque<\/option><option value=\"Puriscal\">Puriscal<\/option><option value=\"Santa Ana\">Santa Ana<\/option><option value=\"Tib\u00e1s\">Tib\u00e1s<\/option><\/select><\/span>\n\t<\/p>\n<\/div>\n<div data-id=\"Alajuela\" data-orig_data_id=\"Alajuela\" data-clear_on_hide data-class=\"wpcf7cf_group\">\n\t<p><span class=\"wpcf7-form-control-wrap\" data-name=\"CNAlajuela\"><select class=\"wpcf7-form-control wpcf7-select wpcf7-validates-as-required\" aria-required=\"true\" aria-invalid=\"false\" name=\"CNAlajuela\"><option value=\"\">Seleccion\u00e1 el Centro de Negocio<\/option><option value=\"Alajuela\">Alajuela<\/option><option value=\"Alajuela Mercado\">Alajuela Mercado<\/option><option value=\"Caja Central\">Caja Central<\/option><option value=\"Caja Este\">Caja Este<\/option><option value=\"Caja Norte\">Caja Norte<\/option><option value=\"Grecia\">Grecia<\/option><option value=\"Naranjo\">Naranjo<\/option><option value=\"Palmares\">Palmares<\/option><option value=\"Sarch\u00ed\">Sarch\u00ed<\/option><option value=\"San Ram\u00f3n\">San Ram\u00f3n<\/option><option value=\"Po\u00e1s\">Po\u00e1s<\/option><option value=\"San Carlos\">San Carlos<\/option><option value=\"Aguas Zarcas\">Aguas Zarcas<\/option><option value=\"Orotina\">Orotina<\/option><\/select><\/span>\n\t<\/p>\n<\/div>\n<div data-id=\"Cartago\" data-orig_data_id=\"Cartago\" data-clear_on_hide data-class=\"wpcf7cf_group\">\n\t<p><span class=\"wpcf7-form-control-wrap\" data-name=\"CNCartago\"><select class=\"wpcf7-form-control wpcf7-select wpcf7-validates-as-required\" aria-required=\"true\" aria-invalid=\"false\" name=\"CNCartago\"><option value=\"\">Seleccion\u00e1 el Centro de Negocio<\/option><option value=\"Cartago\">Cartago<\/option><option value=\"Tres Rios\">Tres Rios<\/option><\/select><\/span>\n\t<\/p>\n<\/div>\n<div data-id=\"Heredia\" data-orig_data_id=\"Heredia\" data-clear_on_hide data-class=\"wpcf7cf_group\">\n\t<p><span class=\"wpcf7-form-control-wrap\" data-name=\"CNHeredia\"><select class=\"wpcf7-form-control wpcf7-select wpcf7-validates-as-required\" aria-required=\"true\" aria-invalid=\"false\" name=\"CNHeredia\"><option value=\"\">Seleccion\u00e1 el Centro de Negocio<\/option><option value=\"Heredia\">Heredia<\/option><option value=\"Heredia Estadio\">Heredia Estadio<\/option><option value=\"Belen\">Belen<\/option><option value=\"Santa B\u00e1rbara\">Santa B\u00e1rbara<\/option><option value=\"San Rafael\">San Rafael<\/option><option value=\"Paseo de la Flores\">Paseo de la Flores<\/option><\/select><\/span>\n\t<\/p>\n<\/div>\n<div data-id=\"Guanacaste\" data-orig_data_id=\"Guanacaste\" data-clear_on_hide data-class=\"wpcf7cf_group\">\n\t<p><span class=\"wpcf7-form-control-wrap\" data-name=\"CNGuanacaste\"><select class=\"wpcf7-form-control wpcf7-select wpcf7-validates-as-required\" aria-required=\"true\" aria-invalid=\"false\" name=\"CNGuanacaste\"><option value=\"\">Seleccion\u00e1 el Centro de Negocio<\/option><option value=\"Liberia\">Liberia<\/option><\/select><\/span>\n\t<\/p>\n<\/div>\n<div data-id=\"Puntarenas\" data-orig_data_id=\"Puntarenas\" data-clear_on_hide data-class=\"wpcf7cf_group\">\n\t<p><span class=\"wpcf7-form-control-wrap\" data-name=\"CNPuntarenas\"><select class=\"wpcf7-form-control wpcf7-select wpcf7-validates-as-required\" aria-required=\"true\" aria-invalid=\"false\" name=\"CNPuntarenas\"><option value=\"\">Seleccion\u00e1 el Centro de Negocio<\/option><option value=\"Puntarenas\">Puntarenas<\/option><\/select><\/span>\n\t<\/p>\n<\/div>\n<div data-id=\"Limon\" data-orig_data_id=\"Limon\" data-clear_on_hide data-class=\"wpcf7cf_group\">\n\t<p><span class=\"wpcf7-form-control-wrap\" data-name=\"CNLimon\"><select class=\"wpcf7-form-control wpcf7-select wpcf7-validates-as-required\" aria-required=\"true\" aria-invalid=\"false\" name=\"CNLimon\"><option value=\"\">Seleccion\u00e1 el Centro de Negocio<\/option><option value=\"Lim\u00f3n\">Lim\u00f3n<\/option><option value=\"Gu\u00e1piles\">Gu\u00e1piles<\/option><\/select><\/span>\n\t<\/p>\n<\/div>\n<div class=\"contenedorRojoForm\">\n\t<p><label class=\"texto_firma\">1.Por favor use su mouse o dedo para firmar<\/label><br \/>\n<span class=\"wpcf7-form-control-wrap wpcf7-sign-wrap firmaNew\"><input class=\"wpcf7-form-control wpcf7-sign\" aria-invalid=\"false\" name=\"firmaNew\" type=\"hidden\" \/>\n            <canvas style=\"display:block\" data-hidden=\"firmaNew\" class=\"signature-pad\" width=400 height=200><\/canvas>\n            <button class=\"btn btn-primary cf7sg-sign\">Clear<\/button>\n        <\/span>\n\t<\/p>\n\t<p><label class=\"texto_firma\">2.Adjuntar c\u00e9dula de identidad por ambos lados:<\/label><br \/>\n<span class=\"wpcf7-form-control-wrap\" data-name=\"foto_1\"><input size=\"40\" class=\"wpcf7-form-control wpcf7-file wpcf7-validates-as-required foto_1\" id=\"foto_1\" accept=\".pdf,.png,.jpg\" aria-required=\"true\" aria-invalid=\"false\" type=\"file\" name=\"foto_1\" \/><\/span><br \/>\n<span class=\"wpcf7-form-control-wrap\" data-name=\"foto_2\"><input size=\"40\" class=\"wpcf7-form-control wpcf7-file wpcf7-validates-as-required foto_2\" id=\"foto_2\" accept=\".pdf,.png,.jpg\" aria-required=\"true\" aria-invalid=\"false\" type=\"file\" name=\"foto_2\" \/><\/span>\n\t<\/p>\n\t<div class=\"texto_informacion_legal\">\n\t\t<p>Los formatos permitidos son pdf, png, jpg. Adem\u00e1s el archivo debe pesar menos de 3 MB, de lo contrario podr\u00e1s experimentar dificultades al cargar el documento. Si ten\u00e9s alg\u00fan inconveniente, te recomendamos bajar la resoluci\u00f3n de tu c\u00e1mara o utilizar alguna plataforma para comprimir archivos.\n\t\t<\/p>\n\t<\/div>\n\t<div class=\"texto_informacion_legal\">\n\t\t<p><label class=\"texto_firma\">Informaci\u00f3n Legal<\/label>\n\t\t<\/p>\n\t\t<p>De conformidad le informamos que el Art\u00edculo 230. - Suplantaci\u00f3n de identidad. Ser\u00e1 sancionado con pena de prisi\u00f3n de uno a tres a\u00f1os quien suplante la identidad de una persona f\u00edsica, jur\u00eddica o de una marca comercial en cualquiera red social, sitio de Internet, medio electr\u00f3nico o tecnol\u00f3gico de informaci\u00f3n.\n\t\t<\/p>\n\t<\/div>\n\t<div class=\"btn_ver_mas\">\n\t\t<p><a class=\"ver_mas_contact\" target=\"_blank\" href=\"https:\/\/www.creditogrupomutual.fi.cr\/campaigns\/terminos-y-condiciones\/\" data-toggle=\"modal\" data-target=\"#Modal_termino\">T\u00e9rminos y Condiciones<\/a>\n\t\t<\/p>\n\t<\/div>\n<!--<div class=\"modal fade\" id=\"Modal_termino\" tabindex=\"-1\" role=\"dialog\" aria-labelledby=\"myModalLabel\" aria-hidden=\"true\">\n  <div class=\"modal-dialog\" role=\"document\">\n    <div class=\"modal-content\">\n      <div class=\"modal-header\">\n        <button type=\"button\" class=\"close\" data-dismiss=\"modal\" aria-label=\"Close\">\n          <span aria-hidden=\"true\">&times;<\/span>\n        <\/button>\n      <\/div>\n      <div class=\"modal-body\">\n  <div class=\"titulo_contenido_modal\">\n          T\u00e9rminos y condiciones\n        <\/div>\n        <div class=\"contenido_modal\">\n          Al accesar el sitio web del Conglomerado Financiero Grupo Mutual, el usuario autoriza que Grupo Mutual consulte su informaci\u00f3n ante el Centro de Informaci\u00f3n Crediticia (CIC), de SUGEF y que dicha informaci\u00f3n sea compartida y entregada al Conglomerado Grupo Mutual.\n\nToda solicitud de cr\u00e9dito queda sujeta a an\u00e1lisis por parte de Grupo Mutual y no implica compromiso alguno de aprobaci\u00f3n.\n\nEn caso de aprobaci\u00f3n del cr\u00e9dito, las condiciones crediticias ser\u00e1n las que rijan al momento en que se formalice la solicitud cumpliendo con todos los requisitos exigidos en el Reglamento de Cr\u00e9dito de Grupo Mutual. De conformidad con la Ley 8968 \"Protecci\u00f3n de la Persona frente al tratamiento de sus datos personales\", los datos personales que proporcionar\u00e1s ser\u00e1n tratados exclusivamente en los productos y servicios del Conglomerado Grupo Mutual y la entrega de informaci\u00f3n es facultativa y los autorizados poseen una base de datos de uso interno. El usuario tiene derecho a ejercer las acciones que otorga la ley 8968 sobre el uso de sus datos.\n        <\/div>\n      <\/div>\n    <\/div>\n  <\/div>\n<\/div>-->\n\t<p><span class=\"wpcf7-form-control-wrap\" data-name=\"terminos\"><span class=\"wpcf7-form-control wpcf7-checkbox wpcf7-validates-as-required terminos\" id=\"terminos\"><span class=\"wpcf7-list-item first last\"><input type=\"checkbox\" name=\"terminos[]\" value=\"Confirmo que he le\u00eddo y estoy de acuerdo con los t\u00e9rminos, condiciones y pol\u00edtica de privacidad.\" \/><span class=\"wpcf7-list-item-label\">Confirmo que he le\u00eddo y estoy de acuerdo con los t\u00e9rminos, condiciones y pol\u00edtica de privacidad.<\/span><\/span><\/span><\/span><br \/>\n<input class=\"wpcf7-form-control wpcf7-submit has-spinner\" type=\"submit\" value=\"Enviar\" \/>\n\t<\/p>\n<\/div><div class=\"wpcf7-response-output\" aria-hidden=\"true\"><\/div>\n<\/form>\n<\/div>\n\n<\/div>\n\n\n\n<div class=\"wp-block-column has-background is-layout-flow wp-block-column-is-layout-flow\" style=\"border-radius:25px;background-color:#c3150e;flex-basis:45%\">\n<p class=\"has-text-align-center has-palette-color-8-color has-text-color has-link-color has-large-font-size wp-elements-d87cf0019e51582a11e92b9b7493e5c8\"><br><strong><strong>\u00a1ME LO&nbsp;LLEVO TODO!<\/strong>&nbsp;\ud83d\ude0e<\/strong><\/p>\n\n\n\n<p class=\"has-palette-color-8-color has-text-color has-link-color has-medium-font-size wp-elements-4075b8b1771a6d517b1b9cb866490437\" style=\"margin-right:var(--wp--preset--spacing--40);margin-left:var(--wp--preset--spacing--40)\">En Grupo Mutual no ten\u00e9s que escoger entre cr\u00e9dito, cuenta o tarjeta. Con los&nbsp;<em>GM PACKS<\/em>, simplemente dec\u00eds:&nbsp;<strong>\u00a1ME LO&nbsp;<\/strong><strong>LLEVO TODO!<\/strong>&nbsp;\ud83d\ude0e<\/p>\n\n\n\n<p class=\"has-palette-color-8-color has-text-color has-link-color has-medium-font-size wp-elements-dd7b19dc2d93825c2763a5537bcde5d4\" style=\"margin-right:var(--wp--preset--spacing--40);margin-left:var(--wp--preset--spacing--40)\">\ud83d\udcbc Porque agrupar tus productos financieros en una sola soluci\u00f3n es m\u00e1s inteligente, m\u00e1s seguro y m\u00e1s conveniente.<\/p>\n\n\n\n<p class=\"has-palette-color-8-color has-text-color has-link-color has-medium-font-size wp-elements-2a5b6dcce1720a10c35a58b35106afb9\" style=\"margin-right:var(--wp--preset--spacing--40);margin-left:var(--wp--preset--spacing--40)\">\u2705 Tasa fija por un periodo definido<br>\u2705 Bono de bienvenida en tarjeta<br>\u2705 Respuesta en 15 d\u00edas<br>\u2705 Y el respaldo de una instituci\u00f3n con garant\u00eda estatal<\/p>\n\n\n\n<p class=\"has-palette-color-8-color has-text-color has-link-color has-medium-font-size wp-elements-a51dfebafac8099a10727094670f52f9\" style=\"margin-right:var(--wp--preset--spacing--40);margin-left:var(--wp--preset--spacing--40)\">Adem\u00e1s, al adquirir tu GM Pack, qued\u00e1s participando en el sorteo de un viaje a Per\u00fa + $1000 para gastos.<\/p>\n\n\n\n<p class=\"has-palette-color-8-color has-text-color has-link-color wp-elements-d624e3018fb37ad78923ae2689dd1ce9\" style=\"margin-right:var(--wp--preset--spacing--30);margin-left:var(--wp--preset--spacing--30)\"><strong>*Aplican t\u00e9rminos y condiciones.<\/strong><\/p>\n\n\n\n<hr class=\"wp-block-separator has-text-color has-palette-color-8-color has-alpha-channel-opacity has-palette-color-8-background-color has-background\"\/>\n\n\n\n<p><\/p>\n<\/div>\n<\/div>\n\n\n\n<p><\/p>\n","protected":false},"excerpt":{"rendered":"<p>SOLICIT\u00c1 AQU\u00cd TU GM PACK \u00a1ME LO&nbsp;LLEVO TODO!&nbsp;\ud83d\ude0e En Grupo Mutual no ten\u00e9s que escoger entre cr\u00e9dito, cuenta o tarjeta. Con los&nbsp;GM PACKS, simplemente dec\u00eds:&nbsp;\u00a1ME LO&nbsp;LLEVO TODO!&nbsp;\ud83d\ude0e \ud83d\udcbc Porque agrupar tus productos financieros en una sola soluci\u00f3n es m\u00e1s inteligente, m\u00e1s seguro y m\u00e1s conveniente. \u2705 Tasa fija por un periodo definido\u2705 Bono de bienvenida [&hellip;]<\/p>\n","protected":false},"author":1,"featured_media":0,"parent":0,"menu_order":0,"comment_status":"closed","ping_status":"closed","template":"","meta":{"footnotes":""},"class_list":["post-772","page","type-page","status-publish","hentry"],"blocksy_meta":[],"_links":{"self":[{"href":"https:\/\/www.creditogrupomutual.fi.cr\/campaigns\/wp-json\/wp\/v2\/pages\/772","targetHints":{"allow":["GET"]}}],"collection":[{"href":"https:\/\/www.creditogrupomutual.fi.cr\/campaigns\/wp-json\/wp\/v2\/pages"}],"about":[{"href":"https:\/\/www.creditogrupomutual.fi.cr\/campaigns\/wp-json\/wp\/v2\/types\/page"}],"author":[{"embeddable":true,"href":"https:\/\/www.creditogrupomutual.fi.cr\/campaigns\/wp-json\/wp\/v2\/users\/1"}],"replies":[{"embeddable":true,"href":"https:\/\/www.creditogrupomutual.fi.cr\/campaigns\/wp-json\/wp\/v2\/comments?post=772"}],"version-history":[{"count":4,"href":"https:\/\/www.creditogrupomutual.fi.cr\/campaigns\/wp-json\/wp\/v2\/pages\/772\/revisions"}],"predecessor-version":[{"id":782,"href":"https:\/\/www.creditogrupomutual.fi.cr\/campaigns\/wp-json\/wp\/v2\/pages\/772\/revisions\/782"}],"wp:attachment":[{"href":"https:\/\/www.creditogrupomutual.fi.cr\/campaigns\/wp-json\/wp\/v2\/media?parent=772"}],"curies":[{"name":"wp","href":"https:\/\/api.w.org\/{rel}","templated":true}]}}