{"id":726,"date":"2025-04-10T15:36:13","date_gmt":"2025-04-10T21:36:13","guid":{"rendered":"https:\/\/www.creditogrupomutual.fi.cr\/campaigns\/?page_id=726"},"modified":"2025-04-10T15:51:08","modified_gmt":"2025-04-10T21:51:08","slug":"milenia","status":"publish","type":"page","link":"https:\/\/www.creditogrupomutual.fi.cr\/campaigns\/milenia\/","title":{"rendered":"Proyecto Milenia"},"content":{"rendered":"\n<figure class=\"wp-block-image alignwide size-full has-custom-border\"><img loading=\"lazy\" decoding=\"async\" width=\"2500\" height=\"1250\" src=\"https:\/\/www.creditogrupomutual.fi.cr\/campaigns\/wp-content\/uploads\/2025\/04\/Landing-page_Landing-page.jpg\" alt=\"\" class=\"wp-image-730\" style=\"border-radius:25px\" srcset=\"https:\/\/www.creditogrupomutual.fi.cr\/campaigns\/wp-content\/uploads\/2025\/04\/Landing-page_Landing-page.jpg 2500w, https:\/\/www.creditogrupomutual.fi.cr\/campaigns\/wp-content\/uploads\/2025\/04\/Landing-page_Landing-page-300x150.jpg 300w, https:\/\/www.creditogrupomutual.fi.cr\/campaigns\/wp-content\/uploads\/2025\/04\/Landing-page_Landing-page-1024x512.jpg 1024w, https:\/\/www.creditogrupomutual.fi.cr\/campaigns\/wp-content\/uploads\/2025\/04\/Landing-page_Landing-page-768x384.jpg 768w, https:\/\/www.creditogrupomutual.fi.cr\/campaigns\/wp-content\/uploads\/2025\/04\/Landing-page_Landing-page-1536x768.jpg 1536w, https:\/\/www.creditogrupomutual.fi.cr\/campaigns\/wp-content\/uploads\/2025\/04\/Landing-page_Landing-page-2048x1024.jpg 2048w\" sizes=\"auto, (max-width: 2500px) 100vw, 2500px\" \/><\/figure>\n\n\n\n<h4 class=\"wp-block-heading has-text-align-center has-palette-color-4-color has-text-color has-link-color has-large-font-size wp-elements-4fc82cb6a311fa9678a810d75164701e\" style=\"font-style:normal;font-weight:600\">Hac\u00e9 realidad tu sue\u00f1o de casa propia con <br>las mejores condiciones que solo Grupo Mutual te ofrece.<br>PRECIOS DESDE<br><strong>\u20a1<\/strong>61.000.000<\/h4>\n\n\n\n<div class=\"wp-block-columns is-layout-flex wp-container-core-columns-is-layout-1 wp-block-columns-is-layout-flex\">\n<div class=\"wp-block-column has-white-color has-text-color has-background has-link-color wp-elements-866fdfe575a95c9aa7c33f570d1da27a is-layout-flow wp-block-column-is-layout-flow\" style=\"border-width:2px;background-color:#076259;flex-basis:33.33%\">\n<p class=\"has-text-align-center has-background has-medium-font-size\" style=\"background-color:#076259\"><strong>CONDOMINIO MILENIA<\/strong><\/p>\n\n\n\n<p style=\"margin-right:var(--wp--preset--spacing--40);margin-left:var(--wp--preset--spacing--40)\">Es un lugar tranquilo, seguro y bien ubicado, a solo 5 minutos del centro de Alajuela.<\/p>\n\n\n\n<p style=\"margin-right:var(--wp--preset--spacing--40);margin-left:var(--wp--preset--spacing--40)\">Ten\u00e9s lo mejor de dos mundos: la paz de una zona m\u00e1s relajada, pero con todo lo que necesit\u00e1s cerquita.<\/p>\n\n\n\n<p style=\"margin-right:var(--wp--preset--spacing--40);margin-left:var(--wp--preset--spacing--40)\">El costo de vida es accesible, hay mucho verde alrededor y es ideal si quer\u00e9s un respiro del bullicio sin estar lejos de la ciudad.<\/p>\n\n\n\n<p style=\"margin-right:var(--wp--preset--spacing--40);margin-left:var(--wp--preset--spacing--40)\">Adem\u00e1s, los proyectos residenciales en la zona vienen con piscina, play para los chicos, ranchos BBQ y m\u00e1s comodidades.<\/p>\n\n\n\n<p style=\"margin-right:var(--wp--preset--spacing--40);margin-left:var(--wp--preset--spacing--40)\">En Condominio Milenia, en Tambor de Alajuela, ten\u00e9s casas de 2 o 3 habitaciones, desde 74 m\u00b2, con parque para perros, play para los chicos, piscina, jacuzzi, gimnasio, y mucho m\u00e1s. \u00bfSuena bien?<\/p>\n\n\n\n<p style=\"margin-right:var(--wp--preset--spacing--40);margin-left:var(--wp--preset--spacing--40)\">Y todo esto, desde solo \u20a161,000,000. \u00bfSuena bien, no?<\/p>\n\n\n\n<p style=\"margin-right:var(--wp--preset--spacing--40);margin-left:var(--wp--preset--spacing--40)\">Y lo mejor, pod\u00e9s financiarlo con Grupo Mutual, f\u00e1cil y r\u00e1pido. \u00a1Verdad que suena bien!<\/p>\n\n\n\n<p><\/p>\n<\/div>\n\n\n\n<div class=\"wp-block-column is-layout-flow wp-block-column-is-layout-flow\" style=\"border-width:2px;flex-basis:66.66%\">\n<p class=\"has-text-align-center has-palette-color-7-background-color has-background has-large-font-size\" style=\"margin-top:0px;margin-bottom:0px\"><strong>SOLICIT\u00c1 M\u00c1S INFORMACI\u00d3N AQU\u00cd<\/strong><\/p>\n\n\n\n<div class=\"wpcf7 no-js\" id=\"wpcf7-f732-o1\" lang=\"es-CR\" dir=\"ltr\" data-wpcf7-id=\"732\">\n<div class=\"screen-reader-response\"><p role=\"status\" aria-live=\"polite\" aria-atomic=\"true\"><\/p> <ul><\/ul><\/div>\n<form action=\"\/campaigns\/wp-json\/wp\/v2\/pages\/726#wpcf7-f732-o1\" method=\"post\" class=\"wpcf7-form init\" aria-label=\"Contact form\" enctype=\"multipart\/form-data\" novalidate=\"novalidate\" data-status=\"init\">\n<div style=\"display: none;\">\n<input type=\"hidden\" name=\"_wpcf7\" value=\"732\" \/>\n<input type=\"hidden\" name=\"_wpcf7_version\" value=\"6.0.4\" \/>\n<input type=\"hidden\" name=\"_wpcf7_locale\" value=\"es_CR\" \/>\n<input type=\"hidden\" name=\"_wpcf7_unit_tag\" value=\"wpcf7-f732-o1\" \/>\n<input type=\"hidden\" name=\"_wpcf7_container_post\" value=\"0\" \/>\n<input type=\"hidden\" name=\"_wpcf7_posted_data_hash\" value=\"\" \/>\n<input type=\"hidden\" name=\"_wpcf7cf_hidden_group_fields\" value=\"[]\" \/>\n<input type=\"hidden\" name=\"_wpcf7cf_hidden_groups\" value=\"[]\" \/>\n<input type=\"hidden\" name=\"_wpcf7cf_visible_groups\" value=\"[]\" \/>\n<input type=\"hidden\" name=\"_wpcf7cf_repeaters\" value=\"[]\" \/>\n<input type=\"hidden\" name=\"_wpcf7cf_steps\" value=\"{}\" \/>\n<input type=\"hidden\" name=\"_wpcf7cf_options\" value=\"{&quot;form_id&quot;:732,&quot;conditions&quot;:[{&quot;then_field&quot;:&quot;cedula-selected&quot;,&quot;and_rules&quot;:[{&quot;if_field&quot;:&quot;TipoIdentificacion&quot;,&quot;operator&quot;:&quot;equals&quot;,&quot;if_value&quot;:&quot;C\\u00e9dula de Identidad&quot;}]},{&quot;then_field&quot;:&quot;didi-selected&quot;,&quot;and_rules&quot;:[{&quot;if_field&quot;:&quot;TipoIdentificacion&quot;,&quot;operator&quot;:&quot;equals&quot;,&quot;if_value&quot;:&quot;DIDI&quot;}]},{&quot;then_field&quot;:&quot;dimex-selected&quot;,&quot;and_rules&quot;:[{&quot;if_field&quot;:&quot;TipoIdentificacion&quot;,&quot;operator&quot;:&quot;equals&quot;,&quot;if_value&quot;:&quot;DIMEX&quot;}]},{&quot;then_field&quot;:&quot;nuevaidentificacion-selected&quot;,&quot;and_rules&quot;:[{&quot;if_field&quot;:&quot;TipoIdentificacion&quot;,&quot;operator&quot;:&quot;equals&quot;,&quot;if_value&quot;:&quot;Nueva Identificaci\\u00f3n&quot;}]},{&quot;then_field&quot;:&quot;otros-selected&quot;,&quot;and_rules&quot;:[{&quot;if_field&quot;:&quot;TipoIdentificacion&quot;,&quot;operator&quot;:&quot;equals&quot;,&quot;if_value&quot;:&quot;Otros&quot;}]},{&quot;then_field&quot;:&quot;pasaporte-selected&quot;,&quot;and_rules&quot;:[{&quot;if_field&quot;:&quot;TipoIdentificacion&quot;,&quot;operator&quot;:&quot;equals&quot;,&quot;if_value&quot;:&quot;Pasaporte&quot;}]}],&quot;settings&quot;:{&quot;animation&quot;:&quot;yes&quot;,&quot;animation_intime&quot;:200,&quot;animation_outtime&quot;:200,&quot;conditions_ui&quot;:&quot;normal&quot;,&quot;notice_dismissed&quot;:false}}\" \/>\n<input type=\"hidden\" name=\"redirect_nonce\" value=\"31eef400c6\" \/>\n<input type=\"hidden\" name=\"wpcf7cfpdf_hidden_name\" value=\"cic-grupo-mutual\" \/>\n<input type=\"hidden\" name=\"wpcf7cfpdf_hidden_reference\" value=\"9a5fa84c\" \/>\n<input type=\"hidden\" name=\"wpcf7cfpdf_hidden_date\" value=\"13mayo,2026\" \/>\n<\/div>\n<p><span class=\"wpcf7-form-control-wrap\" data-name=\"Nombre\"><input size=\"40\" maxlength=\"400\" class=\"wpcf7-form-control wpcf7-text wpcf7-validates-as-required\" aria-required=\"true\" aria-invalid=\"false\" placeholder=\"Nombre Completo\" value=\"\" type=\"text\" name=\"Nombre\" \/><\/span><br \/>\n<span class=\"wpcf7-form-control-wrap\" data-name=\"TipoIdentificacion\"><select class=\"wpcf7-form-control wpcf7-select wpcf7-validates-as-required\" aria-required=\"true\" aria-invalid=\"false\" name=\"TipoIdentificacion\"><option value=\"\">Tipo de Identificaci\u00f3n<\/option><option value=\"C\u00e9dula de Identidad\">C\u00e9dula de Identidad<\/option><option value=\"DIDI\">DIDI<\/option><option value=\"DIMEX\">DIMEX<\/option><option value=\"Nueva Identificaci\u00f3n\">Nueva Identificaci\u00f3n<\/option><option value=\"Otros\">Otros<\/option><option value=\"Pasaporte\">Pasaporte<\/option><\/select><\/span>\n<\/p>\n<div data-id=\"cedula-selected\" data-orig_data_id=\"cedula-selected\" data-clear_on_hide data-class=\"wpcf7cf_group\">\n\t<p><span class=\"wpcf7-form-control-wrap\" data-name=\"Cedula\"><input class=\"wpcf7-form-control wpcf7-number wpcf7-validates-as-required wpcf7-validates-as-number\" min=\"0\" aria-required=\"true\" aria-invalid=\"false\" placeholder=\"C\u00e9dula de Identificaci\u00f3n\" value=\"\" type=\"number\" name=\"Cedula\" \/><\/span>\n\t<\/p>\n<\/div>\n<div data-id=\"didi-selected\" data-orig_data_id=\"didi-selected\" data-clear_on_hide data-class=\"wpcf7cf_group\">\n\t<p><span class=\"wpcf7-form-control-wrap\" data-name=\"DIDI\"><input class=\"wpcf7-form-control wpcf7-number wpcf7-validates-as-required wpcf7-validates-as-number\" min=\"100000000000\" max=\"999999999999\" aria-required=\"true\" aria-invalid=\"false\" placeholder=\"DIDI\" value=\"\" type=\"number\" name=\"DIDI\" \/><\/span>\n\t<\/p>\n<\/div>\n<div data-id=\"dimex-selected\" data-orig_data_id=\"dimex-selected\" data-clear_on_hide data-class=\"wpcf7cf_group\">\n\t<p><span class=\"wpcf7-form-control-wrap\" data-name=\"DIMEX\"><input class=\"wpcf7-form-control wpcf7-number wpcf7-validates-as-required wpcf7-validates-as-number\" min=\"100000000000\" max=\"999999999999\" aria-required=\"true\" aria-invalid=\"false\" placeholder=\"DIMEX\" value=\"\" type=\"number\" name=\"DIMEX\" \/><\/span>\n\t<\/p>\n<\/div>\n<div data-id=\"nuevaidentificacion-selected\" data-orig_data_id=\"nuevaidentificacion-selected\" data-clear_on_hide data-class=\"wpcf7cf_group\">\n\t<p><span class=\"wpcf7-form-control-wrap\" data-name=\"Nuevaidentificacion\"><input class=\"wpcf7-form-control wpcf7-number wpcf7-validates-as-required wpcf7-validates-as-number\" min=\"10000000000\" max=\"99999999999\" aria-required=\"true\" aria-invalid=\"false\" placeholder=\"Nueva Identificaci\u00f3n\" value=\"\" type=\"number\" name=\"Nuevaidentificacion\" \/><\/span>\n\t<\/p>\n<\/div>\n<div data-id=\"otros-selected\" data-orig_data_id=\"otros-selected\" data-clear_on_hide data-class=\"wpcf7cf_group\">\n\t<p><span class=\"wpcf7-form-control-wrap\" data-name=\"Otros\"><input size=\"40\" maxlength=\"30\" minlength=\"6\" class=\"wpcf7-form-control wpcf7-text wpcf7-validates-as-required\" aria-required=\"true\" aria-invalid=\"false\" placeholder=\"Otros\" value=\"\" type=\"text\" name=\"Otros\" \/><\/span>\n\t<\/p>\n<\/div>\n<div data-id=\"pasaporte-selected\" data-orig_data_id=\"pasaporte-selected\" data-clear_on_hide data-class=\"wpcf7cf_group\">\n\t<p><span class=\"wpcf7-form-control-wrap\" data-name=\"Pasaporte\"><input size=\"40\" maxlength=\"30\" minlength=\"6\" class=\"wpcf7-form-control wpcf7-text wpcf7-validates-as-required\" aria-required=\"true\" aria-invalid=\"false\" placeholder=\"Pasaporte\" value=\"\" type=\"text\" name=\"Pasaporte\" \/><\/span>\n\t<\/p>\n<\/div>\n<p><span class=\"wpcf7-form-control-wrap\" data-name=\"Telefono\"><input size=\"40\" maxlength=\"400\" class=\"wpcf7-form-control wpcf7-tel wpcf7-validates-as-required wpcf7-text wpcf7-validates-as-tel\" id=\"txttelform\" aria-required=\"true\" aria-invalid=\"false\" placeholder=\"Tel\u00e9fono\" value=\"\" type=\"tel\" name=\"Telefono\" \/><\/span><br \/>\n<span class=\"wpcf7-form-control-wrap\" data-name=\"Correo\"><input size=\"40\" maxlength=\"400\" class=\"wpcf7-form-control wpcf7-email wpcf7-validates-as-required wpcf7-text wpcf7-validates-as-email\" aria-required=\"true\" aria-invalid=\"false\" placeholder=\"Correo Electr\u00f3nico\" value=\"\" type=\"email\" name=\"Correo\" \/><\/span>\n<\/p>\n<div class=\"contenedorRojoForm\">\n\t<p><label class=\"texto_firma\">1.Por favor use su mouse o dedo para firmar<\/label><br \/>\n<span class=\"wpcf7-form-control-wrap wpcf7-sign-wrap firmaNew\"><input class=\"wpcf7-form-control wpcf7-sign\" id=\"firmacss\" aria-invalid=\"false\" name=\"firmaNew\" type=\"hidden\" \/>\n            <canvas style=\"display:block\" data-hidden=\"firmaNew\" class=\"signature-pad\" width=400 height=200><\/canvas>\n            <button class=\"btn btn-primary cf7sg-sign\">Clear<\/button>\n        <\/span>\n\t<\/p>\n\t<p><label class=\"texto_firma\">2.Adjuntar c\u00e9dula de identidad por ambos lados:<\/label><br \/>\n<span class=\"wpcf7-form-control-wrap\" data-name=\"foto_1\"><input size=\"40\" class=\"wpcf7-form-control wpcf7-file wpcf7-validates-as-required foto_1\" id=\"foto_1\" accept=\".pdf,.png,.jpg\" aria-required=\"true\" aria-invalid=\"false\" type=\"file\" name=\"foto_1\" \/><\/span><br \/>\n<span class=\"wpcf7-form-control-wrap\" data-name=\"foto_2\"><input size=\"40\" class=\"wpcf7-form-control wpcf7-file wpcf7-validates-as-required foto_2\" id=\"foto_2\" accept=\".pdf,.png,.jpg\" aria-required=\"true\" aria-invalid=\"false\" type=\"file\" name=\"foto_2\" \/><\/span>\n\t<\/p>\n\t<div class=\"texto_informacion_legal\">\n\t\t<p>Los formatos permitidos son pdf, png, jpg. Adem\u00e1s el archivo debe pesar menos de 3 MB, de lo contrario podr\u00e1s experimentar dificultades al cargar el documento. Si ten\u00e9s alg\u00fan inconveniente, te recomendamos bajar la resoluci\u00f3n de tu c\u00e1mara o utilizar alguna plataforma para comprimir archivos.\n\t\t<\/p>\n\t<\/div>\n\t<div class=\"texto_informacion_legal\">\n\t\t<p><label class=\"texto_firma\">Informaci\u00f3n Legal<\/label>\n\t\t<\/p>\n\t\t<p>De conformidad le informamos que el Art\u00edculo 230. - Suplantaci\u00f3n de identidad. Ser\u00e1 sancionado con pena de prisi\u00f3n de uno a tres a\u00f1os quien suplante la identidad de una persona f\u00edsica, jur\u00eddica o de una marca comercial en cualquiera red social, sitio de Internet, medio electr\u00f3nico o tecnol\u00f3gico de informaci\u00f3n.\n\t\t<\/p>\n\t<\/div>\n\t<div class=\"btn_ver_mas\">\n\t\t<p><a class=\"ver_mas_contact\" target=\"_blank\" href=\"https:\/\/www.creditogrupomutual.fi.cr\/campaigns\/terminos-y-condiciones\/\" data-toggle=\"modal\" data-target=\"#Modal_termino\">T\u00e9rminos y Condiciones<\/a>\n\t\t<\/p>\n\t<\/div>\n<!--<div class=\"modal fade\" id=\"Modal_termino\" tabindex=\"-1\" role=\"dialog\" aria-labelledby=\"myModalLabel\" aria-hidden=\"true\">\n  <div class=\"modal-dialog\" role=\"document\">\n    <div class=\"modal-content\">\n      <div class=\"modal-header\">\n        <button type=\"button\" class=\"close\" data-dismiss=\"modal\" aria-label=\"Close\">\n          <span aria-hidden=\"true\">&times;<\/span>\n        <\/button>\n      <\/div>\n      <div class=\"modal-body\">\n  <div class=\"titulo_contenido_modal\">\n          T\u00e9rminos y condiciones\n        <\/div>\n        <div class=\"contenido_modal\">\n          Al accesar el sitio web del Conglomerado Financiero Grupo Mutual, el usuario autoriza que Grupo Mutual consulte su informaci\u00f3n ante el Centro de Informaci\u00f3n Crediticia (CIC), de SUGEF y que dicha informaci\u00f3n sea compartida y entregada al Conglomerado Grupo Mutual.\n\nToda solicitud de cr\u00e9dito queda sujeta a an\u00e1lisis por parte de Grupo Mutual y no implica compromiso alguno de aprobaci\u00f3n.\n\nEn caso de aprobaci\u00f3n del cr\u00e9dito, las condiciones crediticias ser\u00e1n las que rijan al momento en que se formalice la solicitud cumpliendo con todos los requisitos exigidos en el Reglamento de Cr\u00e9dito de Grupo Mutual. De conformidad con la Ley 8968 \"Protecci\u00f3n de la Persona frente al tratamiento de sus datos personales\", los datos personales que proporcionar\u00e1s ser\u00e1n tratados exclusivamente en los productos y servicios del Conglomerado Grupo Mutual y la entrega de informaci\u00f3n es facultativa y los autorizados poseen una base de datos de uso interno. El usuario tiene derecho a ejercer las acciones que otorga la ley 8968 sobre el uso de sus datos.\n        <\/div>\n      <\/div>\n    <\/div>\n  <\/div>\n<\/div>-->\n\t<p><span class=\"wpcf7-form-control-wrap\" data-name=\"terminos\"><span class=\"wpcf7-form-control wpcf7-checkbox wpcf7-validates-as-required terminos\" id=\"terminos\"><span class=\"wpcf7-list-item first last\"><input type=\"checkbox\" name=\"terminos[]\" value=\"Confirmo que he le\u00eddo y estoy de acuerdo con los t\u00e9rminos, condiciones y pol\u00edtica de privacidad.\" \/><span class=\"wpcf7-list-item-label\">Confirmo que he le\u00eddo y estoy de acuerdo con los t\u00e9rminos, condiciones y pol\u00edtica de privacidad.<\/span><\/span><\/span><\/span><br \/>\n<input class=\"wpcf7-form-control wpcf7-submit has-spinner\" type=\"submit\" value=\"Enviar\" \/>\n\t<\/p>\n<\/div><div class=\"wpcf7-response-output\" aria-hidden=\"true\"><\/div>\n<\/form>\n<\/div>\n\n<\/div>\n<\/div>\n","protected":false},"excerpt":{"rendered":"<p>Hac\u00e9 realidad tu sue\u00f1o de casa propia con las mejores condiciones que solo Grupo Mutual te ofrece.PRECIOS DESDE\u20a161.000.000 CONDOMINIO MILENIA Es un lugar tranquilo, seguro y bien ubicado, a solo 5 minutos del centro de Alajuela. Ten\u00e9s lo mejor de dos mundos: la paz de una zona m\u00e1s relajada, pero con todo lo que necesit\u00e1s [&hellip;]<\/p>\n","protected":false},"author":1,"featured_media":0,"parent":0,"menu_order":0,"comment_status":"closed","ping_status":"closed","template":"","meta":{"footnotes":""},"class_list":["post-726","page","type-page","status-publish","hentry"],"blocksy_meta":[],"_links":{"self":[{"href":"https:\/\/www.creditogrupomutual.fi.cr\/campaigns\/wp-json\/wp\/v2\/pages\/726","targetHints":{"allow":["GET"]}}],"collection":[{"href":"https:\/\/www.creditogrupomutual.fi.cr\/campaigns\/wp-json\/wp\/v2\/pages"}],"about":[{"href":"https:\/\/www.creditogrupomutual.fi.cr\/campaigns\/wp-json\/wp\/v2\/types\/page"}],"author":[{"embeddable":true,"href":"https:\/\/www.creditogrupomutual.fi.cr\/campaigns\/wp-json\/wp\/v2\/users\/1"}],"replies":[{"embeddable":true,"href":"https:\/\/www.creditogrupomutual.fi.cr\/campaigns\/wp-json\/wp\/v2\/comments?post=726"}],"version-history":[{"count":4,"href":"https:\/\/www.creditogrupomutual.fi.cr\/campaigns\/wp-json\/wp\/v2\/pages\/726\/revisions"}],"predecessor-version":[{"id":737,"href":"https:\/\/www.creditogrupomutual.fi.cr\/campaigns\/wp-json\/wp\/v2\/pages\/726\/revisions\/737"}],"wp:attachment":[{"href":"https:\/\/www.creditogrupomutual.fi.cr\/campaigns\/wp-json\/wp\/v2\/media?parent=726"}],"curies":[{"name":"wp","href":"https:\/\/api.w.org\/{rel}","templated":true}]}}