{"id":709,"date":"2025-03-26T18:19:26","date_gmt":"2025-03-27T00:19:26","guid":{"rendered":"https:\/\/www.creditogrupomutual.fi.cr\/campaigns\/?page_id=709"},"modified":"2025-03-26T18:24:01","modified_gmt":"2025-03-27T00:24:01","slug":"terminos-condiciones-inversion","status":"publish","type":"page","link":"https:\/\/www.creditogrupomutual.fi.cr\/campaigns\/terminos-condiciones-inversion\/","title":{"rendered":"T\u00e9rminos y Condiciones Promoci\u00f3n de Inversi\u00f3n"},"content":{"rendered":"\n<h2 class=\"wp-block-heading\">T\u00e9rminos y Condiciones en Inversi\u00f3n<\/h2>\n\n\n\n<figure class=\"wp-block-image alignwide size-full has-custom-border\"><img loading=\"lazy\" decoding=\"async\" width=\"1200\" height=\"600\" src=\"https:\/\/www.creditogrupomutual.fi.cr\/campaigns\/wp-content\/uploads\/2025\/03\/banners_landingcover-1.jpg\" alt=\"\" class=\"wp-image-699\" style=\"border-radius:35px\" srcset=\"https:\/\/www.creditogrupomutual.fi.cr\/campaigns\/wp-content\/uploads\/2025\/03\/banners_landingcover-1.jpg 1200w, https:\/\/www.creditogrupomutual.fi.cr\/campaigns\/wp-content\/uploads\/2025\/03\/banners_landingcover-1-300x150.jpg 300w, https:\/\/www.creditogrupomutual.fi.cr\/campaigns\/wp-content\/uploads\/2025\/03\/banners_landingcover-1-1024x512.jpg 1024w, https:\/\/www.creditogrupomutual.fi.cr\/campaigns\/wp-content\/uploads\/2025\/03\/banners_landingcover-1-768x384.jpg 768w\" sizes=\"auto, (max-width: 1200px) 100vw, 1200px\" \/><\/figure>\n\n\n\n<p>Al accesar el sitio web del Conglomerado Financiero Grupo Mutual, el usuario autoriza que Grupo Mutual consulte su informaci\u00f3n ante el Centro de Informaci\u00f3n y que dicha informaci\u00f3n sea compartida y entregada al Conglomerado Grupo Mutual.<\/p>\n\n\n\n<p>En caso de que usted requiera corroborar la legitimidad de la informaci\u00f3n de este sitio favor de comunicarse al tel\u00e9fono de Grupo Mutual 2437-1000.<\/p>\n","protected":false},"excerpt":{"rendered":"<p>T\u00e9rminos y Condiciones en Inversi\u00f3n Al accesar el sitio web del Conglomerado Financiero Grupo Mutual, el usuario autoriza que Grupo Mutual consulte su informaci\u00f3n ante el Centro de Informaci\u00f3n y que dicha informaci\u00f3n sea compartida y entregada al Conglomerado Grupo Mutual. En caso de que usted requiera corroborar la legitimidad de la informaci\u00f3n de este [&hellip;]<\/p>\n","protected":false},"author":1,"featured_media":0,"parent":0,"menu_order":0,"comment_status":"closed","ping_status":"closed","template":"","meta":{"footnotes":""},"class_list":["post-709","page","type-page","status-publish","hentry"],"blocksy_meta":[],"_links":{"self":[{"href":"https:\/\/www.creditogrupomutual.fi.cr\/campaigns\/wp-json\/wp\/v2\/pages\/709","targetHints":{"allow":["GET"]}}],"collection":[{"href":"https:\/\/www.creditogrupomutual.fi.cr\/campaigns\/wp-json\/wp\/v2\/pages"}],"about":[{"href":"https:\/\/www.creditogrupomutual.fi.cr\/campaigns\/wp-json\/wp\/v2\/types\/page"}],"author":[{"embeddable":true,"href":"https:\/\/www.creditogrupomutual.fi.cr\/campaigns\/wp-json\/wp\/v2\/users\/1"}],"replies":[{"embeddable":true,"href":"https:\/\/www.creditogrupomutual.fi.cr\/campaigns\/wp-json\/wp\/v2\/comments?post=709"}],"version-history":[{"count":3,"href":"https:\/\/www.creditogrupomutual.fi.cr\/campaigns\/wp-json\/wp\/v2\/pages\/709\/revisions"}],"predecessor-version":[{"id":712,"href":"https:\/\/www.creditogrupomutual.fi.cr\/campaigns\/wp-json\/wp\/v2\/pages\/709\/revisions\/712"}],"wp:attachment":[{"href":"https:\/\/www.creditogrupomutual.fi.cr\/campaigns\/wp-json\/wp\/v2\/media?parent=709"}],"curies":[{"name":"wp","href":"https:\/\/api.w.org\/{rel}","templated":true}]}}