{"id":577,"date":"2024-11-22T16:17:30","date_gmt":"2024-11-22T22:17:30","guid":{"rendered":"https:\/\/www.creditogrupomutual.fi.cr\/campaigns\/tarjetas-credito-copy\/"},"modified":"2026-02-03T16:07:09","modified_gmt":"2026-02-03T22:07:09","slug":"tarjetas-debito","status":"publish","type":"page","link":"https:\/\/www.creditogrupomutual.fi.cr\/campaigns\/tarjetas-debito\/","title":{"rendered":"Tarjetas de D\u00e9bito"},"content":{"rendered":"\n<figure class=\"wp-block-image alignfull size-large\"><img loading=\"lazy\" decoding=\"async\" width=\"1024\" height=\"512\" src=\"https:\/\/www.creditogrupomutual.fi.cr\/campaigns\/wp-content\/uploads\/2026\/02\/Landing-page-1024x512.jpg\" alt=\"\" class=\"wp-image-1130\" srcset=\"https:\/\/www.creditogrupomutual.fi.cr\/campaigns\/wp-content\/uploads\/2026\/02\/Landing-page-1024x512.jpg 1024w, https:\/\/www.creditogrupomutual.fi.cr\/campaigns\/wp-content\/uploads\/2026\/02\/Landing-page-300x150.jpg 300w, https:\/\/www.creditogrupomutual.fi.cr\/campaigns\/wp-content\/uploads\/2026\/02\/Landing-page-768x384.jpg 768w, https:\/\/www.creditogrupomutual.fi.cr\/campaigns\/wp-content\/uploads\/2026\/02\/Landing-page.jpg 1200w\" sizes=\"auto, (max-width: 1024px) 100vw, 1024px\" \/><\/figure>\n\n\n\n<h1 class=\"wp-block-heading has-text-align-center has-palette-color-4-color has-text-color has-link-color has-x-large-font-size wp-elements-fa1a1d5d16288f7eef4aae6f7dab4f06\" style=\"font-style:normal;font-weight:600\"><strong>Pag\u00e1 con tu Tarjeta de D\u00e9bito<br>Visa Grupo Mutual<\/strong><\/h1>\n\n\n\n<p class=\"has-text-align-center has-medium-font-size\"><\/p>\n\n\n\n<div class=\"wp-block-columns is-layout-flex wp-container-core-columns-is-layout-1 wp-block-columns-is-layout-flex\">\n<div class=\"wp-block-column has-palette-color-8-color has-text-color has-background has-link-color wp-elements-b4233be6e96404f0cc6f57767a80a80c is-layout-flow wp-block-column-is-layout-flow\" style=\"border-width:2px;background-color:#ec6a1f;flex-basis:33.33%\">\n<p class=\"has-text-align-center has-palette-color-8-color has-text-color has-background has-link-color has-large-font-size wp-elements-f855787dc179b8f4cac853fbe553d679\" style=\"background-color:#ec6a1f;margin-bottom:-30px\"><strong><strong>Beneficios <\/strong><\/strong><br><strong><strong>Tarjeta de D\u00e9bito Visa <\/strong><\/strong><br><strong><strong>Grupo Mutual<\/strong><\/strong><\/p>\n\n\n\n<ul style=\"background-color:#ec6a1f\" class=\"wp-block-list has-background has-medium-font-size\">\n<li>Particip\u00e1s en Promociones exclusivas durante todo el a\u00f1o.<\/li>\n\n\n\n<li>Recib\u00eds notificaciones de los movimientos de tu Tarjeta por medio de mensaje de texto y correo electr\u00f3nico.&nbsp;<\/li>\n\n\n\n<li>Pod\u00e9s solicitar hasta 5 Tarjetas adicionales. &nbsp;<\/li>\n\n\n\n<li>Entrega de la tarjeta en tu lugar de preferencia o en sucursales de Grupo Mutual.<\/li>\n\n\n\n<li>Tarjeta para uso Nacional e Internacional.<\/li>\n\n\n\n<li>Afiliaci\u00f3n de Cargos autom\u00e1ticos para pago de Servicios P\u00fablicos.<\/li>\n\n\n\n<li>Consultas de movimientos y pagos con tu tarjeta desde nuestros canales digitales Mutual M\u00f3vil y Mutual en L\u00ednea.<\/li>\n\n\n\n<li>Afiliaciones de cargos autom\u00e1ticos de servicios.<\/li>\n\n\n\n<li>Descuentos al pagar con Tarjeta de D\u00e9bito en comercios afiliados a Mutual Beneficios.<\/li>\n<\/ul>\n\n\n\n<p class=\"has-text-align-left has-background has-small-font-size\" style=\"background-color:#ec6a1f\">(*)Aplican restricciones.<br><br><\/p>\n<\/div>\n\n\n\n<div class=\"wp-block-column is-layout-flow wp-block-column-is-layout-flow\" style=\"border-width:2px;flex-basis:66.66%\">\n<p class=\"has-text-align-center has-palette-color-7-background-color has-background has-large-font-size\" style=\"margin-top:0px;margin-bottom:0px\"><strong>SOLICIT\u00c1 TU TARJETA DE D\u00c9BITO AQU\u00cd<\/strong><\/p>\n\n\n\n<div class=\"wpcf7 no-js\" id=\"wpcf7-f581-o1\" lang=\"es-CR\" dir=\"ltr\" data-wpcf7-id=\"581\">\n<div class=\"screen-reader-response\"><p role=\"status\" aria-live=\"polite\" aria-atomic=\"true\"><\/p> <ul><\/ul><\/div>\n<form action=\"\/campaigns\/wp-json\/wp\/v2\/pages\/577#wpcf7-f581-o1\" method=\"post\" class=\"wpcf7-form init\" aria-label=\"Contact form\" novalidate=\"novalidate\" data-status=\"init\">\n<div style=\"display: none;\">\n<input type=\"hidden\" name=\"_wpcf7\" value=\"581\" \/>\n<input type=\"hidden\" name=\"_wpcf7_version\" value=\"6.0.4\" \/>\n<input type=\"hidden\" name=\"_wpcf7_locale\" value=\"es_CR\" \/>\n<input type=\"hidden\" name=\"_wpcf7_unit_tag\" value=\"wpcf7-f581-o1\" \/>\n<input type=\"hidden\" name=\"_wpcf7_container_post\" value=\"0\" \/>\n<input type=\"hidden\" name=\"_wpcf7_posted_data_hash\" value=\"\" \/>\n<input type=\"hidden\" name=\"_wpcf7cf_hidden_group_fields\" value=\"[]\" \/>\n<input type=\"hidden\" name=\"_wpcf7cf_hidden_groups\" value=\"[]\" \/>\n<input type=\"hidden\" name=\"_wpcf7cf_visible_groups\" value=\"[]\" \/>\n<input type=\"hidden\" name=\"_wpcf7cf_repeaters\" value=\"[]\" \/>\n<input type=\"hidden\" name=\"_wpcf7cf_steps\" value=\"{}\" \/>\n<input type=\"hidden\" name=\"_wpcf7cf_options\" value=\"{&quot;form_id&quot;:581,&quot;conditions&quot;:[{&quot;then_field&quot;:&quot;cedula-selected&quot;,&quot;and_rules&quot;:[{&quot;if_field&quot;:&quot;TipoIdentificacion&quot;,&quot;operator&quot;:&quot;equals&quot;,&quot;if_value&quot;:&quot;C\\u00e9dula de Identidad&quot;}]},{&quot;then_field&quot;:&quot;didi-selected&quot;,&quot;and_rules&quot;:[{&quot;if_field&quot;:&quot;TipoIdentificacion&quot;,&quot;operator&quot;:&quot;equals&quot;,&quot;if_value&quot;:&quot;DIDI&quot;}]},{&quot;then_field&quot;:&quot;dimex-selected&quot;,&quot;and_rules&quot;:[{&quot;if_field&quot;:&quot;TipoIdentificacion&quot;,&quot;operator&quot;:&quot;equals&quot;,&quot;if_value&quot;:&quot;DIMEX&quot;}]},{&quot;then_field&quot;:&quot;otros-selected&quot;,&quot;and_rules&quot;:[{&quot;if_field&quot;:&quot;TipoIdentificacion&quot;,&quot;operator&quot;:&quot;equals&quot;,&quot;if_value&quot;:&quot;Otros&quot;}]},{&quot;then_field&quot;:&quot;pasaporte-selected&quot;,&quot;and_rules&quot;:[{&quot;if_field&quot;:&quot;TipoIdentificacion&quot;,&quot;operator&quot;:&quot;equals&quot;,&quot;if_value&quot;:&quot;Pasaporte&quot;}]},{&quot;then_field&quot;:&quot;group-Platinum&quot;,&quot;and_rules&quot;:[{&quot;if_field&quot;:&quot;tipoTarjeta&quot;,&quot;operator&quot;:&quot;equals&quot;,&quot;if_value&quot;:&quot;Tarjeta D\\u00e9bito Platinum&quot;}]},{&quot;then_field&quot;:&quot;SanJose&quot;,&quot;and_rules&quot;:[{&quot;if_field&quot;:&quot;Provincias&quot;,&quot;operator&quot;:&quot;equals&quot;,&quot;if_value&quot;:&quot;San Jos\\u00e9&quot;}]},{&quot;then_field&quot;:&quot;Alajuela&quot;,&quot;and_rules&quot;:[{&quot;if_field&quot;:&quot;Provincias&quot;,&quot;operator&quot;:&quot;equals&quot;,&quot;if_value&quot;:&quot;Alajuela&quot;}]},{&quot;then_field&quot;:&quot;Cartago&quot;,&quot;and_rules&quot;:[{&quot;if_field&quot;:&quot;Provincias&quot;,&quot;operator&quot;:&quot;equals&quot;,&quot;if_value&quot;:&quot;Cartago&quot;}]},{&quot;then_field&quot;:&quot;Heredia&quot;,&quot;and_rules&quot;:[{&quot;if_field&quot;:&quot;Provincias&quot;,&quot;operator&quot;:&quot;equals&quot;,&quot;if_value&quot;:&quot;Heredia&quot;}]},{&quot;then_field&quot;:&quot;Guanacaste&quot;,&quot;and_rules&quot;:[{&quot;if_field&quot;:&quot;Provincias&quot;,&quot;operator&quot;:&quot;equals&quot;,&quot;if_value&quot;:&quot;Guanacaste&quot;}]},{&quot;then_field&quot;:&quot;Puntarenas&quot;,&quot;and_rules&quot;:[{&quot;if_field&quot;:&quot;Provincias&quot;,&quot;operator&quot;:&quot;equals&quot;,&quot;if_value&quot;:&quot;Puntarenas&quot;}]},{&quot;then_field&quot;:&quot;Limon&quot;,&quot;and_rules&quot;:[{&quot;if_field&quot;:&quot;Provincias&quot;,&quot;operator&quot;:&quot;equals&quot;,&quot;if_value&quot;:&quot;Lim\\u00f3n&quot;}]}],&quot;settings&quot;:{&quot;animation&quot;:&quot;yes&quot;,&quot;animation_intime&quot;:200,&quot;animation_outtime&quot;:200,&quot;conditions_ui&quot;:&quot;normal&quot;,&quot;notice_dismissed&quot;:false}}\" \/>\n<input type=\"hidden\" name=\"redirect_nonce\" value=\"ae896d3c8b\" \/>\n<input type=\"hidden\" name=\"wpcf7cfpdf_hidden_name\" value=\"document-pdf\" \/>\n<input type=\"hidden\" name=\"wpcf7cfpdf_hidden_reference\" value=\"fcd4d062\" \/>\n<input type=\"hidden\" name=\"wpcf7cfpdf_hidden_date\" value=\"04292026\" \/>\n<\/div>\n<p>1. Tipo de Identificaci\u00f3n<br \/>\n<span class=\"wpcf7-form-control-wrap\" data-name=\"TipoIdentificacion\"><select class=\"wpcf7-form-control wpcf7-select wpcf7-validates-as-required\" aria-required=\"true\" aria-invalid=\"false\" name=\"TipoIdentificacion\"><option value=\"\">Seleccione<\/option><option value=\"C\u00e9dula de Identidad\">C\u00e9dula de Identidad<\/option><option value=\"DIDI\">DIDI<\/option><option value=\"DIMEX\">DIMEX<\/option><option value=\"Otros\">Otros<\/option><option value=\"Pasaporte\">Pasaporte<\/option><\/select><\/span>\n<\/p>\n<div data-id=\"cedula-selected\" data-orig_data_id=\"cedula-selected\" data-clear_on_hide data-class=\"wpcf7cf_group\">\n\t<p><span class=\"wpcf7-form-control-wrap\" data-name=\"Cedula\"><input class=\"wpcf7-form-control wpcf7-number wpcf7-validates-as-required wpcf7-validates-as-number\" min=\"0\" aria-required=\"true\" aria-invalid=\"false\" placeholder=\"Digite su Identificaci\u00f3n\" value=\"\" type=\"number\" name=\"Cedula\" \/><\/span>\n\t<\/p>\n<\/div>\n<div data-id=\"didi-selected\" data-orig_data_id=\"didi-selected\" data-clear_on_hide data-class=\"wpcf7cf_group\">\n\t<p><span class=\"wpcf7-form-control-wrap\" data-name=\"DIDI\"><input class=\"wpcf7-form-control wpcf7-number wpcf7-validates-as-required wpcf7-validates-as-number\" min=\"100000000000\" max=\"999999999999\" aria-required=\"true\" aria-invalid=\"false\" placeholder=\"Digite su DIDI\" value=\"\" type=\"number\" name=\"DIDI\" \/><\/span>\n\t<\/p>\n<\/div>\n<div data-id=\"dimex-selected\" data-orig_data_id=\"dimex-selected\" data-clear_on_hide data-class=\"wpcf7cf_group\">\n\t<p><span class=\"wpcf7-form-control-wrap\" data-name=\"DIMEX\"><input class=\"wpcf7-form-control wpcf7-number wpcf7-validates-as-required wpcf7-validates-as-number\" min=\"100000000000\" max=\"999999999999\" aria-required=\"true\" aria-invalid=\"false\" placeholder=\"Digite su DIMEX\" value=\"\" type=\"number\" name=\"DIMEX\" \/><\/span>\n\t<\/p>\n<\/div>\n<div data-id=\"otros-selected\" data-orig_data_id=\"otros-selected\" data-clear_on_hide data-class=\"wpcf7cf_group\">\n\t<p><span class=\"wpcf7-form-control-wrap\" data-name=\"Otros\"><input size=\"40\" maxlength=\"30\" minlength=\"6\" class=\"wpcf7-form-control wpcf7-text wpcf7-validates-as-required\" aria-required=\"true\" aria-invalid=\"false\" placeholder=\"Digite su identificaci\u00f3n\" value=\"\" type=\"text\" name=\"Otros\" \/><\/span>\n\t<\/p>\n<\/div>\n<div data-id=\"pasaporte-selected\" data-orig_data_id=\"pasaporte-selected\" data-clear_on_hide data-class=\"wpcf7cf_group\">\n\t<p><span class=\"wpcf7-form-control-wrap\" data-name=\"Pasaporte\"><input size=\"40\" maxlength=\"30\" minlength=\"6\" class=\"wpcf7-form-control wpcf7-text wpcf7-validates-as-required\" aria-required=\"true\" aria-invalid=\"false\" placeholder=\"Digite su Pasaporte\" value=\"\" type=\"text\" name=\"Pasaporte\" \/><\/span>\n\t<\/p>\n<\/div>\n<p>2. Nombre Completo<br \/>\n<span class=\"wpcf7-form-control-wrap\" data-name=\"Nombre\"><input size=\"40\" maxlength=\"400\" class=\"wpcf7-form-control wpcf7-text wpcf7-validates-as-required\" aria-required=\"true\" aria-invalid=\"false\" placeholder=\"Digite su Nombre Completo\" value=\"\" type=\"text\" name=\"Nombre\" \/><\/span>\n<\/p>\n<p>3. Digite su n\u00famero Telef\u00f3nico<br \/>\n<span class=\"wpcf7-form-control-wrap\" data-name=\"Telefono\"><input size=\"40\" maxlength=\"400\" class=\"wpcf7-form-control wpcf7-tel wpcf7-validates-as-required wpcf7-text wpcf7-validates-as-tel\" id=\"txttelform\" aria-required=\"true\" aria-invalid=\"false\" placeholder=\"Tel\u00e9fono\" value=\"\" type=\"tel\" name=\"Telefono\" \/><\/span>\n<\/p>\n<p>4. Digite su Correo Electr\u00f3nico<br \/>\n<span class=\"wpcf7-form-control-wrap\" data-name=\"Correo\"><input size=\"40\" maxlength=\"400\" class=\"wpcf7-form-control wpcf7-email wpcf7-validates-as-required wpcf7-text wpcf7-validates-as-email\" aria-required=\"true\" aria-invalid=\"false\" placeholder=\"Correo Electr\u00f3nico\" value=\"\" type=\"email\" name=\"Correo\" \/><\/span>\n<\/p>\n<p>5. Fuente de Ingresos<br \/>\n<span class=\"wpcf7-form-control-wrap\" data-name=\"fuenteIngresos\"><select class=\"wpcf7-form-control wpcf7-select wpcf7-validates-as-required\" aria-required=\"true\" aria-invalid=\"false\" name=\"fuenteIngresos\"><option value=\"\">Seleccione<\/option><option value=\"Asalariado\">Asalariado<\/option><option value=\"Ingresos propios\">Ingresos propios<\/option><\/select><\/span>\n<\/p>\n<p>6. Rango de Ingresos Mensuales<br \/>\n<span class=\"wpcf7-form-control-wrap\" data-name=\"rangoIngresos\"><select class=\"wpcf7-form-control wpcf7-select wpcf7-validates-as-required\" aria-required=\"true\" aria-invalid=\"false\" name=\"rangoIngresos\"><option value=\"\">Seleccione<\/option><option value=\"500.000 a 750.000\">500.000 a 750.000<\/option><option value=\"750.001 a 900.000\">750.001 a 900.000<\/option><option value=\"900.001 a 1.300.000\">900.001 a 1.300.000<\/option><option value=\"1.300.001 a 1.600.000\">1.300.001 a 1.600.000<\/option><option value=\"De 1.600.001 en adelante\">De 1.600.001 en adelante<\/option><\/select><\/span>\n<\/p>\n<p>7. Seleccione el tipo de tarjeta deseada<br \/>\n<span class=\"wpcf7-form-control-wrap\" data-name=\"tipoTarjeta\"><select class=\"wpcf7-form-control wpcf7-select wpcf7-validates-as-required\" aria-required=\"true\" aria-invalid=\"false\" name=\"tipoTarjeta\"><option value=\"\">Seleccione<\/option><option value=\"Tarjeta D\u00e9bito Est\u00e1ndar\">Tarjeta D\u00e9bito Est\u00e1ndar<\/option><option value=\"Tarjeta D\u00e9bito Platinum\">Tarjeta D\u00e9bito Platinum<\/option><option value=\"Tarjeta D\u00e9bito Juvenil\">Tarjeta D\u00e9bito Juvenil<\/option><option value=\"Tarjeta D\u00e9bito Adulto Mayor\">Tarjeta D\u00e9bito Adulto Mayor<\/option><\/select><\/span>\n<\/p>\n<div data-id=\"group-Platinum\" data-orig_data_id=\"group-Platinum\" data-clear_on_hide data-class=\"wpcf7cf_group\">\n<HR \/>\n\t<p><span style=\"color: #ff0000;\">IMPORTANTE: Este tipo de Tarjeta solo aplica para Ingresos SUPERIORES a 1 mill\u00f3n de colones<\/span>\n\t<\/p>\n<HR \/>\n<\/div>\n<p>8. Medio de Preferencia para ser contactado<br \/>\n<span class=\"wpcf7-form-control-wrap\" data-name=\"medioContacto\"><select class=\"wpcf7-form-control wpcf7-select wpcf7-validates-as-required\" aria-required=\"true\" aria-invalid=\"false\" name=\"medioContacto\"><option value=\"\">Seleccione<\/option><option value=\"Tel\u00e9fono\">Tel\u00e9fono<\/option><option value=\"Correo electr\u00f3nico\">Correo electr\u00f3nico<\/option><\/select><\/span>\n<\/p>\n<p>9. Sucursal m\u00e1s cercana<br \/>\n<span class=\"wpcf7-form-control-wrap\" data-name=\"centroNegocio\"><select class=\"wpcf7-form-control wpcf7-select wpcf7-validates-as-required\" aria-required=\"true\" aria-invalid=\"false\" name=\"centroNegocio\"><option value=\"\">Seleccione<\/option><option value=\"CN Aguas Zarcas\">CN Aguas Zarcas<\/option><option value=\"CN Alajuela\">CN Alajuela<\/option><option value=\"CN Alajuela Mercado\">CN Alajuela Mercado<\/option><option value=\"CN Avenida Central\">CN Avenida Central<\/option><option value=\"CN Bel\u00e9n\">CN Bel\u00e9n<\/option><option value=\"CN Caja Central\">CN Caja Central<\/option><option value=\"CN Caja Este\">CN Caja Este<\/option><option value=\"CN Caja Norte\">CN Caja Norte<\/option><option value=\"CN Cartago\">CN Cartago<\/option><option value=\"CN Centro Comercial del Sur\">CN Centro Comercial del Sur<\/option><option value=\"CN Curridabat\">CN Curridabat<\/option><option value=\"CN Desamparados\">CN Desamparados<\/option><option value=\"CN Escaz\u00fa\">CN Escaz\u00fa<\/option><option value=\"CN Grecia\">CN Grecia<\/option><option value=\"CN Guadalupe\">CN Guadalupe<\/option><option value=\"CN Guadalupe Centro Comercial\">CN Guadalupe Centro Comercial<\/option><option value=\"CN Gu\u00e1piles\">CN Gu\u00e1piles<\/option><option value=\"CN Heredia\">CN Heredia<\/option><option value=\"CN Heredia Estadio\">CN Heredia Estadio<\/option><option value=\"CN Liberia\">CN Liberia<\/option><option value=\"CN Lim\u00f3n\">CN Lim\u00f3n<\/option><option value=\"CN Moravia\">CN Moravia<\/option><option value=\"CN Naranjo\">CN Naranjo<\/option><option value=\"CN Orotina\">CN Orotina<\/option><option value=\"CN Palmares\">CN Palmares<\/option><option value=\"CN Paseo Col\u00f3n\">CN Paseo Col\u00f3n<\/option><option value=\"CN Paseo de las Flores\">CN Paseo de las Flores<\/option><option value=\"CN Plaza Am\u00e9rica\">CN Plaza Am\u00e9rica<\/option><option value=\"CN Po\u00e1s\">CN Po\u00e1s<\/option><option value=\"CN Puntarenas\">CN Puntarenas<\/option><option value=\"CN Puriscal\">CN Puriscal<\/option><option value=\"CN Perez Zeled\u00f3n\">CN Perez Zeled\u00f3n<\/option><option value=\"CN San Carlos\">CN San Carlos<\/option><option value=\"CN San Rafael Heredia\">CN San Rafael Heredia<\/option><option value=\"CN San Ram\u00f3n\">CN San Ram\u00f3n<\/option><option value=\"CN Santa Ana\">CN Santa Ana<\/option><option value=\"CN Santa B\u00e1rbara\">CN Santa B\u00e1rbara<\/option><option value=\"CN Sarch\u00ed\">CN Sarch\u00ed<\/option><option value=\"CN Tib\u00e1s\">CN Tib\u00e1s<\/option><\/select><\/span>\n<\/p>\n<p>10. Provincia donde vive<br \/>\n<span class=\"wpcf7-form-control-wrap\" data-name=\"Provincias\"><select class=\"wpcf7-form-control wpcf7-select wpcf7-validates-as-required\" aria-required=\"true\" aria-invalid=\"false\" name=\"Provincias\"><option value=\"\">Seleccione<\/option><option value=\"San Jos\u00e9\">San Jos\u00e9<\/option><option value=\"Alajuela\">Alajuela<\/option><option value=\"Cartago\">Cartago<\/option><option value=\"Heredia\">Heredia<\/option><option value=\"Guanacaste\">Guanacaste<\/option><option value=\"Puntarenas\">Puntarenas<\/option><option value=\"Lim\u00f3n\">Lim\u00f3n<\/option><\/select><\/span>\n<\/p>\n<div data-id=\"SanJose\" data-orig_data_id=\"SanJose\" data-clear_on_hide data-class=\"wpcf7cf_group\">\n\t<p><span class=\"wpcf7-form-control-wrap\" data-name=\"CNSanJose\"><select class=\"wpcf7-form-control wpcf7-select wpcf7-validates-as-required\" aria-required=\"true\" aria-invalid=\"false\" name=\"CNSanJose\"><option value=\"\">Seleccione el Centro de Negocio<\/option><option value=\"Avenida Central\">Avenida Central<\/option><option value=\"CC del Sur\">CC del Sur<\/option><option value=\"Escaz\u00fa\">Escaz\u00fa<\/option><option value=\"Moravia\">Moravia<\/option><option value=\"Guadalupe\">Guadalupe<\/option><option value=\"Guadalupe CC\">Guadalupe CC<\/option><option value=\"Paseo Col\u00f3n\">Paseo Col\u00f3n<\/option><option value=\"Plaza Am\u00e9rica\">Plaza Am\u00e9rica<\/option><option value=\"Curridabat\">Curridabat<\/option><option value=\"Desamparados\">Desamparados<\/option><option value=\"P\u00e9rez Zeled\u00f3n Parque\">P\u00e9rez Zeled\u00f3n Parque<\/option><option value=\"Puriscal\">Puriscal<\/option><option value=\"Santa Ana\">Santa Ana<\/option><option value=\"Tib\u00e1s\">Tib\u00e1s<\/option><\/select><\/span>\n\t<\/p>\n<\/div>\n<div data-id=\"Alajuela\" data-orig_data_id=\"Alajuela\" data-clear_on_hide data-class=\"wpcf7cf_group\">\n\t<p><span class=\"wpcf7-form-control-wrap\" data-name=\"CNAlajuela\"><select class=\"wpcf7-form-control wpcf7-select wpcf7-validates-as-required\" aria-required=\"true\" aria-invalid=\"false\" name=\"CNAlajuela\"><option value=\"\">Seleccione el Centro de Negocio<\/option><option value=\"Alajuela\">Alajuela<\/option><option value=\"Alajuela Mercado\">Alajuela Mercado<\/option><option value=\"Caja Central\">Caja Central<\/option><option value=\"Caja Este\">Caja Este<\/option><option value=\"Caja Norte\">Caja Norte<\/option><option value=\"Grecia\">Grecia<\/option><option value=\"Naranjo\">Naranjo<\/option><option value=\"Palmares\">Palmares<\/option><option value=\"Sarch\u00ed\">Sarch\u00ed<\/option><option value=\"San Ram\u00f3n\">San Ram\u00f3n<\/option><option value=\"Po\u00e1s\">Po\u00e1s<\/option><option value=\"San Carlos\">San Carlos<\/option><option value=\"Aguas Zarcas\">Aguas Zarcas<\/option><option value=\"Orotina\">Orotina<\/option><\/select><\/span>\n\t<\/p>\n<\/div>\n<div data-id=\"Cartago\" data-orig_data_id=\"Cartago\" data-clear_on_hide data-class=\"wpcf7cf_group\">\n\t<p><span class=\"wpcf7-form-control-wrap\" data-name=\"CNCartago\"><select class=\"wpcf7-form-control wpcf7-select wpcf7-validates-as-required\" aria-required=\"true\" aria-invalid=\"false\" name=\"CNCartago\"><option value=\"\">Seleccione el Centro de Negocio<\/option><option value=\"Cartago\">Cartago<\/option><\/select><\/span>\n\t<\/p>\n<\/div>\n<div data-id=\"Heredia\" data-orig_data_id=\"Heredia\" data-clear_on_hide data-class=\"wpcf7cf_group\">\n\t<p><span class=\"wpcf7-form-control-wrap\" data-name=\"CNHeredia\"><select class=\"wpcf7-form-control wpcf7-select wpcf7-validates-as-required\" aria-required=\"true\" aria-invalid=\"false\" name=\"CNHeredia\"><option value=\"\">Seleccione el Centro de Negocio<\/option><option value=\"Heredia\">Heredia<\/option><option value=\"Heredia Estadio\">Heredia Estadio<\/option><option value=\"Belen\">Belen<\/option><option value=\"Santa B\u00e1rbara\">Santa B\u00e1rbara<\/option><option value=\"San Rafael\">San Rafael<\/option><option value=\"Paseo de la Flores\">Paseo de la Flores<\/option><\/select><\/span>\n\t<\/p>\n<\/div>\n<div data-id=\"Guanacaste\" data-orig_data_id=\"Guanacaste\" data-clear_on_hide data-class=\"wpcf7cf_group\">\n\t<p><span class=\"wpcf7-form-control-wrap\" data-name=\"CNGuanacaste\"><select class=\"wpcf7-form-control wpcf7-select wpcf7-validates-as-required\" aria-required=\"true\" aria-invalid=\"false\" name=\"CNGuanacaste\"><option value=\"\">Seleccione el Centro de Negocio<\/option><option value=\"Liberia\">Liberia<\/option><\/select><\/span>\n\t<\/p>\n<\/div>\n<div data-id=\"Puntarenas\" data-orig_data_id=\"Puntarenas\" data-clear_on_hide data-class=\"wpcf7cf_group\">\n\t<p><span class=\"wpcf7-form-control-wrap\" data-name=\"CNPuntarenas\"><select class=\"wpcf7-form-control wpcf7-select wpcf7-validates-as-required\" aria-required=\"true\" aria-invalid=\"false\" name=\"CNPuntarenas\"><option value=\"\">Seleccion\u00e1 el Centro de Negocio<\/option><option value=\"Puntarenas\">Puntarenas<\/option><\/select><\/span>\n\t<\/p>\n<\/div>\n<div data-id=\"Limon\" data-orig_data_id=\"Limon\" data-clear_on_hide data-class=\"wpcf7cf_group\">\n\t<p><span class=\"wpcf7-form-control-wrap\" data-name=\"CNLimon\"><select class=\"wpcf7-form-control wpcf7-select wpcf7-validates-as-required\" aria-required=\"true\" aria-invalid=\"false\" name=\"CNLimon\"><option value=\"\">Seleccione el Centro de Negocio<\/option><option value=\"Lim\u00f3n\">Lim\u00f3n<\/option><option value=\"Gu\u00e1piles\">Gu\u00e1piles<\/option><\/select><\/span>\n\t<\/p>\n<\/div>\n<hr \/>\n<p><span class=\"wpcf7-form-control-wrap\" data-name=\"terminos\"><span class=\"wpcf7-form-control wpcf7-checkbox wpcf7-validates-as-required\"><span class=\"wpcf7-list-item first last\"><input type=\"checkbox\" name=\"terminos[]\" value=\"Confirmo que he le\u00eddo y estoy de acuerdo con los t\u00e9rminos, condiciones y pol\u00edtica de privacidad.\" \/><span class=\"wpcf7-list-item-label\">Confirmo que he le\u00eddo y estoy de acuerdo con los t\u00e9rminos, condiciones y pol\u00edtica de privacidad.<\/span><\/span><\/span><\/span>\n<\/p>\n<p><input class=\"wpcf7-form-control wpcf7-submit has-spinner\" type=\"submit\" value=\"Enviar\" \/>\n<\/p><div class=\"wpcf7-response-output\" aria-hidden=\"true\"><\/div>\n<\/form>\n<\/div>\n\n<\/div>\n<\/div>\n","protected":false},"excerpt":{"rendered":"<p>Pag\u00e1 con tu Tarjeta de D\u00e9bitoVisa Grupo Mutual Beneficios Tarjeta de D\u00e9bito Visa Grupo Mutual (*)Aplican restricciones. SOLICIT\u00c1 TU TARJETA DE D\u00c9BITO AQU\u00cd<\/p>\n","protected":false},"author":1,"featured_media":0,"parent":0,"menu_order":0,"comment_status":"closed","ping_status":"closed","template":"","meta":{"footnotes":""},"class_list":["post-577","page","type-page","status-publish","hentry"],"blocksy_meta":[],"_links":{"self":[{"href":"https:\/\/www.creditogrupomutual.fi.cr\/campaigns\/wp-json\/wp\/v2\/pages\/577","targetHints":{"allow":["GET"]}}],"collection":[{"href":"https:\/\/www.creditogrupomutual.fi.cr\/campaigns\/wp-json\/wp\/v2\/pages"}],"about":[{"href":"https:\/\/www.creditogrupomutual.fi.cr\/campaigns\/wp-json\/wp\/v2\/types\/page"}],"author":[{"embeddable":true,"href":"https:\/\/www.creditogrupomutual.fi.cr\/campaigns\/wp-json\/wp\/v2\/users\/1"}],"replies":[{"embeddable":true,"href":"https:\/\/www.creditogrupomutual.fi.cr\/campaigns\/wp-json\/wp\/v2\/comments?post=577"}],"version-history":[{"count":5,"href":"https:\/\/www.creditogrupomutual.fi.cr\/campaigns\/wp-json\/wp\/v2\/pages\/577\/revisions"}],"predecessor-version":[{"id":1131,"href":"https:\/\/www.creditogrupomutual.fi.cr\/campaigns\/wp-json\/wp\/v2\/pages\/577\/revisions\/1131"}],"wp:attachment":[{"href":"https:\/\/www.creditogrupomutual.fi.cr\/campaigns\/wp-json\/wp\/v2\/media?parent=577"}],"curies":[{"name":"wp","href":"https:\/\/api.w.org\/{rel}","templated":true}]}}