{"id":115,"date":"2024-02-28T20:51:09","date_gmt":"2024-02-29T02:51:09","guid":{"rendered":"https:\/\/www.creditogrupomutual.fi.cr\/campaigns\/gracias-copy\/"},"modified":"2026-03-19T09:24:27","modified_gmt":"2026-03-19T15:24:27","slug":"mutual-amiga","status":"publish","type":"page","link":"https:\/\/www.creditogrupomutual.fi.cr\/campaigns\/mutual-amiga\/","title":{"rendered":"Mutual Amiga"},"content":{"rendered":"\n<figure class=\"wp-block-image alignfull size-full has-custom-border\"><img loading=\"lazy\" decoding=\"async\" width=\"1200\" height=\"600\" src=\"https:\/\/www.creditogrupomutual.fi.cr\/campaigns\/wp-content\/uploads\/2026\/03\/Landing-page.jpg\" alt=\"\" class=\"wp-image-1143\" style=\"border-radius:25px\" srcset=\"https:\/\/www.creditogrupomutual.fi.cr\/campaigns\/wp-content\/uploads\/2026\/03\/Landing-page.jpg 1200w, https:\/\/www.creditogrupomutual.fi.cr\/campaigns\/wp-content\/uploads\/2026\/03\/Landing-page-300x150.jpg 300w, https:\/\/www.creditogrupomutual.fi.cr\/campaigns\/wp-content\/uploads\/2026\/03\/Landing-page-1024x512.jpg 1024w, https:\/\/www.creditogrupomutual.fi.cr\/campaigns\/wp-content\/uploads\/2026\/03\/Landing-page-768x384.jpg 768w\" sizes=\"auto, (max-width: 1200px) 100vw, 1200px\" \/><\/figure>\n\n\n\n<h1 class=\"wp-block-heading has-text-align-center has-palette-color-4-color has-text-color has-link-color has-x-large-font-size wp-elements-b29a933e82ef92b6a805ac7ef792589d\" style=\"font-style:normal;font-weight:600\"><strong>\u00a1MUTUAL AMIGA, UN CR\u00c9DITO <\/strong><br><strong>EXCLUSIVO PARA MUJERES!<\/strong><\/h1>\n\n\n\n<div class=\"wp-block-columns is-layout-flex wp-container-core-columns-is-layout-1 wp-block-columns-is-layout-flex\">\n<div class=\"wp-block-column has-background is-layout-flow wp-block-column-is-layout-flow\" style=\"border-width:2px;background-color:#f5333e;flex-basis:40%\">\n<p class=\"has-text-align-center has-white-color has-text-color has-background has-link-color has-medium-font-size wp-elements-e2202e431df96774d26e05a6e6417d03\" style=\"background-color:#f5333e\">El programa <strong>Mutual Amiga<\/strong>, est\u00e1 dirigido a mujeres, asalariadas y no asalariadas productoras, capaces de desarrollar ideas de negocio y convertirlas en empresas rentables.  <br><br>Se busca brindar acompa\u00f1amiento mediante este programa, a las mujeres empresarias que necesiten recursos para impulsar sus negocios y que permita dinamizar la econom\u00eda de los hogares costarricenses.<\/p>\n\n\n\n<p class=\"has-text-align-center has-palette-color-8-color has-text-color has-link-color has-large-font-size wp-elements-38bf7d8467c4a4d559b59dfccd7e1957\"><strong>BENEFICIOS<\/strong><\/p>\n\n\n\n<ul style=\"background-color:#f5333e;margin-top:-30px;margin-right:0px;margin-bottom:-30px;margin-left:0px\" class=\"wp-block-list has-background has-medium-font-size\">\n<li class=\"has-palette-color-8-color has-text-color has-link-color wp-elements-dd5b9788bdddf1821a2de3669719a45c\">Pr\u00e9stamos <strong>SIN FIADOR<\/strong>. <\/li>\n\n\n\n<li class=\"has-palette-color-8-color has-text-color has-link-color wp-elements-77a25512b35eb057e1418f220531f6a0\">Cuota por mill\u00f3n desde \u00a221.210*.<\/li>\n\n\n\n<li class=\"has-palette-color-8-color has-text-color has-link-color wp-elements-57cad5f06e8934be08bd5cdcf10fc51f\">Financiamiento hasta de \u00a24.000.000.<\/li>\n\n\n\n<li class=\"has-palette-color-8-color has-text-color has-link-color wp-elements-7c8f15d4090b0d4c22777c10bbd8fb53\">Rapidez y agilidad en el tr\u00e1mite. <\/li>\n\n\n\n<li class=\"has-palette-color-8-color has-text-color has-link-color wp-elements-762305f34b909fc34f66a6df6ac7cb96\">Todos los cr\u00e9ditos cuentan con p\u00f3liza de vida.<\/li>\n<\/ul>\n\n\n\n<hr class=\"wp-block-separator has-alpha-channel-opacity\" style=\"margin-top:var(--wp--preset--spacing--60);margin-bottom:var(--wp--preset--spacing--60)\"\/>\n\n\n\n<p class=\"has-text-align-left has-palette-color-8-color has-text-color has-link-color wp-elements-c0f41b4bcf32dbd07ec5eccf5e68db5b\" style=\"margin-right:var(--wp--preset--spacing--40);margin-left:var(--wp--preset--spacing--40)\">Grupo Mutual m\u00e1s de 50 a\u00f1os de experiencia en ahorro, inversi\u00f3n y cr\u00e9ditos, brindamos valor real a nuestros clientes, con seguridad, intenci\u00f3n sostenible e innovaci\u00f3n tecnol\u00f3gica con 45 sucursales alrededor del pa\u00eds.<\/p>\n\n\n\n<p class=\"has-text-align-left has-palette-color-8-color has-text-color has-link-color wp-elements-a87083824137fca62d03da18d6515fbb\" style=\"margin-right:var(--wp--preset--spacing--40);margin-left:var(--wp--preset--spacing--40)\">Las condiciones del plazo, tasa de inter\u00e9s y el monto m\u00e1ximo de los cr\u00e9ditos aplica seg\u00fan el perfil (asalariado o no asalariado) est\u00e1 sujeto al cumplimiento de las pol\u00edticas internas de Grupo Mutual. Las tasas de inter\u00e9s nominal para el cr\u00e9dito de Mutual Amiga es de 21% y el plazo m\u00e1ximo es de 96 meses. Por ejemplo, para un pr\u00e9stamo de \u00a21.000.000 a 96 meses, con una tasa nominal del 21% anual, resultar\u00eda en una cuota mensual aproximada de \u00a221.581 (m\u00e1s p\u00f3lizas), con una Tasa de Inter\u00e9s Total Anual (TITA) del 21.40%.<\/p>\n\n\n\n<p class=\"has-text-align-left has-palette-color-8-color has-text-color has-link-color wp-elements-a3fb6cfa6d938b402edfd3140c57e5ef\" style=\"margin-right:var(--wp--preset--spacing--40);margin-left:var(--wp--preset--spacing--40)\">Una entidad con garant\u00eda y respaldo del estado bajo la ley 7052 y como lo se\u00f1ala el CONASSIF en la <a href=\"https:\/\/www.grupomutual.fi.cr\/informacion-legal\/ley-8204\/\" data-type=\"link\" data-id=\"https:\/\/www.grupomutual.fi.cr\/informacion-legal\/ley-8204\/\" target=\"_blank\" rel=\"noreferrer noopener\">Normativa para el Cumplimiento de la Ley 8204<\/a>.<\/p>\n\n\n\n<p class=\"has-text-align-left has-palette-color-8-color has-text-color has-background has-link-color has-small-font-size wp-elements-039ca6695f03223efdf8936df1eda6a8\" style=\"background-color:#f5333e\">(*)Aplican restricciones.<br><br><\/p>\n<\/div>\n\n\n\n<div class=\"wp-block-column is-layout-flow wp-block-column-is-layout-flow\" style=\"border-width:2px;flex-basis:60%\">\n<p class=\"has-text-align-center has-palette-color-7-background-color has-background has-large-font-size\" style=\"margin-top:0px;margin-bottom:0px\"><strong>SOLICIT\u00c1 TU CR\u00c9DITO AQU\u00cd<\/strong><\/p>\n\n\n\n<div class=\"wpcf7 no-js\" id=\"wpcf7-f673-o1\" lang=\"es-CR\" dir=\"ltr\" data-wpcf7-id=\"673\">\n<div class=\"screen-reader-response\"><p role=\"status\" aria-live=\"polite\" aria-atomic=\"true\"><\/p> <ul><\/ul><\/div>\n<form action=\"\/campaigns\/wp-json\/wp\/v2\/pages\/115#wpcf7-f673-o1\" method=\"post\" class=\"wpcf7-form init\" aria-label=\"Contact form\" enctype=\"multipart\/form-data\" novalidate=\"novalidate\" data-status=\"init\">\n<div style=\"display: none;\">\n<input type=\"hidden\" name=\"_wpcf7\" value=\"673\" \/>\n<input type=\"hidden\" name=\"_wpcf7_version\" value=\"6.0.4\" \/>\n<input type=\"hidden\" name=\"_wpcf7_locale\" value=\"es_CR\" \/>\n<input type=\"hidden\" name=\"_wpcf7_unit_tag\" value=\"wpcf7-f673-o1\" \/>\n<input type=\"hidden\" name=\"_wpcf7_container_post\" value=\"0\" \/>\n<input type=\"hidden\" name=\"_wpcf7_posted_data_hash\" value=\"\" \/>\n<input type=\"hidden\" name=\"_wpcf7cf_hidden_group_fields\" value=\"[]\" \/>\n<input type=\"hidden\" name=\"_wpcf7cf_hidden_groups\" value=\"[]\" \/>\n<input type=\"hidden\" name=\"_wpcf7cf_visible_groups\" value=\"[]\" \/>\n<input type=\"hidden\" name=\"_wpcf7cf_repeaters\" value=\"[]\" \/>\n<input type=\"hidden\" name=\"_wpcf7cf_steps\" value=\"{}\" \/>\n<input type=\"hidden\" name=\"_wpcf7cf_options\" value=\"{&quot;form_id&quot;:673,&quot;conditions&quot;:[{&quot;then_field&quot;:&quot;cedula-selected&quot;,&quot;and_rules&quot;:[{&quot;if_field&quot;:&quot;TipoIdentificacion&quot;,&quot;operator&quot;:&quot;equals&quot;,&quot;if_value&quot;:&quot;C\\u00e9dula de Identidad&quot;}]},{&quot;then_field&quot;:&quot;didi-selected&quot;,&quot;and_rules&quot;:[{&quot;if_field&quot;:&quot;TipoIdentificacion&quot;,&quot;operator&quot;:&quot;equals&quot;,&quot;if_value&quot;:&quot;DIDI&quot;}]},{&quot;then_field&quot;:&quot;dimex-selected&quot;,&quot;and_rules&quot;:[{&quot;if_field&quot;:&quot;TipoIdentificacion&quot;,&quot;operator&quot;:&quot;equals&quot;,&quot;if_value&quot;:&quot;DIMEX&quot;}]},{&quot;then_field&quot;:&quot;nuevaidentificacion-selected&quot;,&quot;and_rules&quot;:[{&quot;if_field&quot;:&quot;TipoIdentificacion&quot;,&quot;operator&quot;:&quot;equals&quot;,&quot;if_value&quot;:&quot;Nueva Identificaci\\u00f3n&quot;}]},{&quot;then_field&quot;:&quot;otros-selected&quot;,&quot;and_rules&quot;:[{&quot;if_field&quot;:&quot;TipoIdentificacion&quot;,&quot;operator&quot;:&quot;equals&quot;,&quot;if_value&quot;:&quot;Otros&quot;}]},{&quot;then_field&quot;:&quot;pasaporte-selected&quot;,&quot;and_rules&quot;:[{&quot;if_field&quot;:&quot;TipoIdentificacion&quot;,&quot;operator&quot;:&quot;equals&quot;,&quot;if_value&quot;:&quot;Pasaporte&quot;}]},{&quot;then_field&quot;:&quot;SanJose&quot;,&quot;and_rules&quot;:[{&quot;if_field&quot;:&quot;Provincias&quot;,&quot;operator&quot;:&quot;equals&quot;,&quot;if_value&quot;:&quot;San Jos\\u00e9&quot;}]},{&quot;then_field&quot;:&quot;Alajuela&quot;,&quot;and_rules&quot;:[{&quot;if_field&quot;:&quot;Provincias&quot;,&quot;operator&quot;:&quot;equals&quot;,&quot;if_value&quot;:&quot;Alajuela&quot;}]},{&quot;then_field&quot;:&quot;Cartago&quot;,&quot;and_rules&quot;:[{&quot;if_field&quot;:&quot;Provincias&quot;,&quot;operator&quot;:&quot;equals&quot;,&quot;if_value&quot;:&quot;Cartago&quot;}]},{&quot;then_field&quot;:&quot;Heredia&quot;,&quot;and_rules&quot;:[{&quot;if_field&quot;:&quot;Provincias&quot;,&quot;operator&quot;:&quot;equals&quot;,&quot;if_value&quot;:&quot;Heredia&quot;}]},{&quot;then_field&quot;:&quot;Guanacaste&quot;,&quot;and_rules&quot;:[{&quot;if_field&quot;:&quot;Provincias&quot;,&quot;operator&quot;:&quot;equals&quot;,&quot;if_value&quot;:&quot;Guanacaste&quot;}]},{&quot;then_field&quot;:&quot;Puntarenas&quot;,&quot;and_rules&quot;:[{&quot;if_field&quot;:&quot;Provincias&quot;,&quot;operator&quot;:&quot;equals&quot;,&quot;if_value&quot;:&quot;Puntarenas&quot;}]},{&quot;then_field&quot;:&quot;Limon&quot;,&quot;and_rules&quot;:[{&quot;if_field&quot;:&quot;Provincias&quot;,&quot;operator&quot;:&quot;equals&quot;,&quot;if_value&quot;:&quot;Lim\\u00f3n&quot;}]}],&quot;settings&quot;:{&quot;animation&quot;:&quot;yes&quot;,&quot;animation_intime&quot;:200,&quot;animation_outtime&quot;:200,&quot;conditions_ui&quot;:&quot;normal&quot;,&quot;notice_dismissed&quot;:false}}\" \/>\n<input type=\"hidden\" name=\"redirect_nonce\" value=\"31eef400c6\" \/>\n<input type=\"hidden\" name=\"wpcf7cfpdf_hidden_name\" value=\"cic-grupo-mutual\" \/>\n<input type=\"hidden\" name=\"wpcf7cfpdf_hidden_reference\" value=\"189ede3d\" \/>\n<input type=\"hidden\" name=\"wpcf7cfpdf_hidden_date\" value=\"13mayo,2026\" \/>\n<\/div>\n<p><span class=\"wpcf7-form-control-wrap\" data-name=\"Nombre\"><input size=\"40\" maxlength=\"400\" class=\"wpcf7-form-control wpcf7-text wpcf7-validates-as-required\" aria-required=\"true\" aria-invalid=\"false\" placeholder=\"Digit\u00e1 tu Nombre Completo\" value=\"\" type=\"text\" name=\"Nombre\" \/><\/span><br \/>\n<span class=\"wpcf7-form-control-wrap\" data-name=\"TipoIdentificacion\"><select class=\"wpcf7-form-control wpcf7-select wpcf7-validates-as-required\" aria-required=\"true\" aria-invalid=\"false\" name=\"TipoIdentificacion\"><option value=\"\">Seleccion\u00e1 el Tipo de Identificaci\u00f3n<\/option><option value=\"C\u00e9dula de Identidad\">C\u00e9dula de Identidad<\/option><option value=\"DIDI\">DIDI<\/option><option value=\"DIMEX\">DIMEX<\/option><option value=\"Nueva Identificaci\u00f3n\">Nueva Identificaci\u00f3n<\/option><option value=\"Otros\">Otros<\/option><option value=\"Pasaporte\">Pasaporte<\/option><\/select><\/span>\n<\/p>\n<div data-id=\"cedula-selected\" data-orig_data_id=\"cedula-selected\" data-clear_on_hide data-class=\"wpcf7cf_group\">\n\t<p><span class=\"wpcf7-form-control-wrap\" data-name=\"Cedula\"><input class=\"wpcf7-form-control wpcf7-number wpcf7-validates-as-required wpcf7-validates-as-number\" min=\"0\" aria-required=\"true\" aria-invalid=\"false\" placeholder=\"Digit\u00e1 tu # de C\u00e9dula de Identificaci\u00f3n\" value=\"\" type=\"number\" name=\"Cedula\" \/><\/span>\n\t<\/p>\n<\/div>\n<div data-id=\"didi-selected\" data-orig_data_id=\"didi-selected\" data-clear_on_hide data-class=\"wpcf7cf_group\">\n\t<p><span class=\"wpcf7-form-control-wrap\" data-name=\"DIDI\"><input class=\"wpcf7-form-control wpcf7-number wpcf7-validates-as-required wpcf7-validates-as-number\" min=\"100000000000\" max=\"999999999999\" aria-required=\"true\" aria-invalid=\"false\" placeholder=\"Digit\u00e1 tu # de DIDI\" value=\"\" type=\"number\" name=\"DIDI\" \/><\/span>\n\t<\/p>\n<\/div>\n<div data-id=\"dimex-selected\" data-orig_data_id=\"dimex-selected\" data-clear_on_hide data-class=\"wpcf7cf_group\">\n\t<p><span class=\"wpcf7-form-control-wrap\" data-name=\"DIMEX\"><input class=\"wpcf7-form-control wpcf7-number wpcf7-validates-as-required wpcf7-validates-as-number\" min=\"100000000000\" max=\"999999999999\" aria-required=\"true\" aria-invalid=\"false\" placeholder=\"Digit\u00e1 tu # de DIMEX\" value=\"\" type=\"number\" name=\"DIMEX\" \/><\/span>\n\t<\/p>\n<\/div>\n<div data-id=\"nuevaidentificacion-selected\" data-orig_data_id=\"nuevaidentificacion-selected\" data-clear_on_hide data-class=\"wpcf7cf_group\">\n\t<p><span class=\"wpcf7-form-control-wrap\" data-name=\"Nuevaidentificacion\"><input class=\"wpcf7-form-control wpcf7-number wpcf7-validates-as-required wpcf7-validates-as-number\" min=\"10000000000\" max=\"99999999999\" aria-required=\"true\" aria-invalid=\"false\" placeholder=\"Digit\u00e1 tu # Nueva Identificaci\u00f3n\" value=\"\" type=\"number\" name=\"Nuevaidentificacion\" \/><\/span>\n\t<\/p>\n<\/div>\n<div data-id=\"otros-selected\" data-orig_data_id=\"otros-selected\" data-clear_on_hide data-class=\"wpcf7cf_group\">\n\t<p><span class=\"wpcf7-form-control-wrap\" data-name=\"Otros\"><input size=\"40\" maxlength=\"30\" minlength=\"6\" class=\"wpcf7-form-control wpcf7-text wpcf7-validates-as-required\" aria-required=\"true\" aria-invalid=\"false\" placeholder=\"Otros\" value=\"\" type=\"text\" name=\"Otros\" \/><\/span>\n\t<\/p>\n<\/div>\n<div data-id=\"pasaporte-selected\" data-orig_data_id=\"pasaporte-selected\" data-clear_on_hide data-class=\"wpcf7cf_group\">\n\t<p><span class=\"wpcf7-form-control-wrap\" data-name=\"Pasaporte\"><input size=\"40\" maxlength=\"30\" minlength=\"6\" class=\"wpcf7-form-control wpcf7-text wpcf7-validates-as-required\" aria-required=\"true\" aria-invalid=\"false\" placeholder=\"Digit\u00e1 tu # de Pasaporte\" value=\"\" type=\"text\" name=\"Pasaporte\" \/><\/span>\n\t<\/p>\n<\/div>\n<p><span class=\"wpcf7-form-control-wrap\" data-name=\"Telefono\"><input size=\"40\" maxlength=\"400\" class=\"wpcf7-form-control wpcf7-tel wpcf7-validates-as-required wpcf7-text wpcf7-validates-as-tel\" id=\"txttelform\" aria-required=\"true\" aria-invalid=\"false\" placeholder=\"Digit\u00e1 tu Tel\u00e9fono\" value=\"\" type=\"tel\" name=\"Telefono\" \/><\/span><br \/>\n<span class=\"wpcf7-form-control-wrap\" data-name=\"Correo\"><input size=\"40\" maxlength=\"400\" class=\"wpcf7-form-control wpcf7-email wpcf7-validates-as-required wpcf7-text wpcf7-validates-as-email\" aria-required=\"true\" aria-invalid=\"false\" placeholder=\"Digit\u00e1 tu Correo Electr\u00f3nico\" value=\"\" type=\"email\" name=\"Correo\" \/><\/span>\n<\/p>\n<p><span class=\"wpcf7-form-control-wrap\" data-name=\"Provincias\"><select class=\"wpcf7-form-control wpcf7-select wpcf7-validates-as-required\" aria-required=\"true\" aria-invalid=\"false\" name=\"Provincias\"><option value=\"\">Seleccion\u00e1 la Provincia<\/option><option value=\"San Jos\u00e9\">San Jos\u00e9<\/option><option value=\"Alajuela\">Alajuela<\/option><option value=\"Cartago\">Cartago<\/option><option value=\"Heredia\">Heredia<\/option><option value=\"Guanacaste\">Guanacaste<\/option><option value=\"Puntarenas\">Puntarenas<\/option><option value=\"Lim\u00f3n\">Lim\u00f3n<\/option><\/select><\/span>\n<\/p>\n<div data-id=\"SanJose\" data-orig_data_id=\"SanJose\" data-clear_on_hide data-class=\"wpcf7cf_group\">\n\t<p><span class=\"wpcf7-form-control-wrap\" data-name=\"CNSanJose\"><select class=\"wpcf7-form-control wpcf7-select wpcf7-validates-as-required\" aria-required=\"true\" aria-invalid=\"false\" name=\"CNSanJose\"><option value=\"\">Seleccion\u00e1 el Centro de Negocio<\/option><option value=\"Avenida Central\">Avenida Central<\/option><option value=\"CC del Sur\">CC del Sur<\/option><option value=\"Escaz\u00fa\">Escaz\u00fa<\/option><option value=\"Moravia\">Moravia<\/option><option value=\"Guadalupe\">Guadalupe<\/option><option value=\"Guadalupe CC\">Guadalupe CC<\/option><option value=\"Paseo Col\u00f3n\">Paseo Col\u00f3n<\/option><option value=\"Curridabat\">Curridabat<\/option><option value=\"Desamparados\">Desamparados<\/option><option value=\"P\u00e9rez Zeled\u00f3n Parque\">P\u00e9rez Zeled\u00f3n Parque<\/option><option value=\"Puriscal\">Puriscal<\/option><option value=\"Santa Ana\">Santa Ana<\/option><option value=\"Tib\u00e1s\">Tib\u00e1s<\/option><\/select><\/span>\n\t<\/p>\n<\/div>\n<div data-id=\"Alajuela\" data-orig_data_id=\"Alajuela\" data-clear_on_hide data-class=\"wpcf7cf_group\">\n\t<p><span class=\"wpcf7-form-control-wrap\" data-name=\"CNAlajuela\"><select class=\"wpcf7-form-control wpcf7-select wpcf7-validates-as-required\" aria-required=\"true\" aria-invalid=\"false\" name=\"CNAlajuela\"><option value=\"\">Seleccion\u00e1 el Centro de Negocio<\/option><option value=\"Alajuela\">Alajuela<\/option><option value=\"Alajuela Mercado\">Alajuela Mercado<\/option><option value=\"Caja Central\">Caja Central<\/option><option value=\"Caja Este\">Caja Este<\/option><option value=\"Caja Norte\">Caja Norte<\/option><option value=\"Grecia\">Grecia<\/option><option value=\"Naranjo\">Naranjo<\/option><option value=\"Palmares\">Palmares<\/option><option value=\"Sarch\u00ed\">Sarch\u00ed<\/option><option value=\"San Ram\u00f3n\">San Ram\u00f3n<\/option><option value=\"Po\u00e1s\">Po\u00e1s<\/option><option value=\"San Carlos\">San Carlos<\/option><option value=\"Aguas Zarcas\">Aguas Zarcas<\/option><option value=\"Orotina\">Orotina<\/option><\/select><\/span>\n\t<\/p>\n<\/div>\n<div data-id=\"Cartago\" data-orig_data_id=\"Cartago\" data-clear_on_hide data-class=\"wpcf7cf_group\">\n\t<p><span class=\"wpcf7-form-control-wrap\" data-name=\"CNCartago\"><select class=\"wpcf7-form-control wpcf7-select wpcf7-validates-as-required\" aria-required=\"true\" aria-invalid=\"false\" name=\"CNCartago\"><option value=\"\">Seleccion\u00e1 el Centro de Negocio<\/option><option value=\"Cartago\">Cartago<\/option><\/select><\/span>\n\t<\/p>\n<\/div>\n<div data-id=\"Heredia\" data-orig_data_id=\"Heredia\" data-clear_on_hide data-class=\"wpcf7cf_group\">\n\t<p><span class=\"wpcf7-form-control-wrap\" data-name=\"CNHeredia\"><select class=\"wpcf7-form-control wpcf7-select wpcf7-validates-as-required\" aria-required=\"true\" aria-invalid=\"false\" name=\"CNHeredia\"><option value=\"\">Seleccion\u00e1 el Centro de Negocio<\/option><option value=\"Heredia\">Heredia<\/option><option value=\"Heredia Estadio\">Heredia Estadio<\/option><option value=\"Belen\">Belen<\/option><option value=\"Santa B\u00e1rbara\">Santa B\u00e1rbara<\/option><option value=\"San Rafael\">San Rafael<\/option><option value=\"Paseo de la Flores\">Paseo de la Flores<\/option><\/select><\/span>\n\t<\/p>\n<\/div>\n<div data-id=\"Guanacaste\" data-orig_data_id=\"Guanacaste\" data-clear_on_hide data-class=\"wpcf7cf_group\">\n\t<p><span class=\"wpcf7-form-control-wrap\" data-name=\"CNGuanacaste\"><select class=\"wpcf7-form-control wpcf7-select wpcf7-validates-as-required\" aria-required=\"true\" aria-invalid=\"false\" name=\"CNGuanacaste\"><option value=\"\">Seleccion\u00e1 el Centro de Negocio<\/option><option value=\"Liberia\">Liberia<\/option><\/select><\/span>\n\t<\/p>\n<\/div>\n<div data-id=\"Puntarenas\" data-orig_data_id=\"Puntarenas\" data-clear_on_hide data-class=\"wpcf7cf_group\">\n\t<p><span class=\"wpcf7-form-control-wrap\" data-name=\"CNPuntarenas\"><select class=\"wpcf7-form-control wpcf7-select wpcf7-validates-as-required\" aria-required=\"true\" aria-invalid=\"false\" name=\"CNPuntarenas\"><option value=\"\">Seleccion\u00e1 el Centro de Negocio<\/option><option value=\"Puntarenas\">Puntarenas<\/option><\/select><\/span>\n\t<\/p>\n<\/div>\n<div data-id=\"Limon\" data-orig_data_id=\"Limon\" data-clear_on_hide data-class=\"wpcf7cf_group\">\n\t<p><span class=\"wpcf7-form-control-wrap\" data-name=\"CNLimon\"><select class=\"wpcf7-form-control wpcf7-select wpcf7-validates-as-required\" aria-required=\"true\" aria-invalid=\"false\" name=\"CNLimon\"><option value=\"\">Seleccion\u00e1 el Centro de Negocio<\/option><option value=\"Lim\u00f3n\">Lim\u00f3n<\/option><option value=\"Gu\u00e1piles\">Gu\u00e1piles<\/option><\/select><\/span>\n\t<\/p>\n<\/div>\n<div class=\"contenedorRojoForm\">\n\t<p><label class=\"texto_firma\">1.Por favor use su mouse o dedo para firmar<\/label><br \/>\n<span class=\"wpcf7-form-control-wrap wpcf7-sign-wrap firmaNew\"><input class=\"wpcf7-form-control wpcf7-sign\" id=\"firmacss\" aria-invalid=\"false\" name=\"firmaNew\" type=\"hidden\" \/>\n            <canvas style=\"display:block\" data-hidden=\"firmaNew\" class=\"signature-pad\" width=400 height=200><\/canvas>\n            <button class=\"btn btn-primary cf7sg-sign\">Clear<\/button>\n        <\/span>\n\t<\/p>\n\t<p><label class=\"texto_firma\">2.Adjuntar c\u00e9dula de identidad por ambos lados:<\/label><br \/>\n<span class=\"wpcf7-form-control-wrap\" data-name=\"foto_1\"><input size=\"40\" class=\"wpcf7-form-control wpcf7-file wpcf7-validates-as-required foto_1\" id=\"foto_1\" accept=\".pdf,.png,.jpg\" aria-required=\"true\" aria-invalid=\"false\" type=\"file\" name=\"foto_1\" \/><\/span><br \/>\n<span class=\"wpcf7-form-control-wrap\" data-name=\"foto_2\"><input size=\"40\" class=\"wpcf7-form-control wpcf7-file wpcf7-validates-as-required foto_2\" id=\"foto_2\" accept=\".pdf,.png,.jpg\" aria-required=\"true\" aria-invalid=\"false\" type=\"file\" name=\"foto_2\" \/><\/span>\n\t<\/p>\n\t<div class=\"texto_informacion_legal\">\n\t\t<p>Los formatos permitidos son pdf, png, jpg. Adem\u00e1s el archivo debe pesar menos de 3 MB, de lo contrario podr\u00e1s experimentar dificultades al cargar el documento. Si ten\u00e9s alg\u00fan inconveniente, te recomendamos bajar la resoluci\u00f3n de tu c\u00e1mara o utilizar alguna plataforma para comprimir archivos.\n\t\t<\/p>\n\t<\/div>\n\t<div class=\"texto_informacion_legal\">\n\t\t<p><label class=\"texto_firma\">Informaci\u00f3n Legal<\/label>\n\t\t<\/p>\n\t\t<p>De conformidad le informamos que el Art\u00edculo 230. - Suplantaci\u00f3n de identidad. Ser\u00e1 sancionado con pena de prisi\u00f3n de uno a tres a\u00f1os quien suplante la identidad de una persona f\u00edsica, jur\u00eddica o de una marca comercial en cualquiera red social, sitio de Internet, medio electr\u00f3nico o tecnol\u00f3gico de informaci\u00f3n.\n\t\t<\/p>\n\t<\/div>\n\t<div class=\"btn_ver_mas\">\n\t\t<p><a class=\"ver_mas_contact\" target=\"_blank\" href=\"https:\/\/www.creditogrupomutual.fi.cr\/campaigns\/terminos-y-condiciones\/\" data-toggle=\"modal\" data-target=\"#Modal_termino\">T\u00e9rminos y Condiciones<\/a>\n\t\t<\/p>\n\t<\/div>\n<!--<div class=\"modal fade\" id=\"Modal_termino\" tabindex=\"-1\" role=\"dialog\" aria-labelledby=\"myModalLabel\" aria-hidden=\"true\">\n  <div class=\"modal-dialog\" role=\"document\">\n    <div class=\"modal-content\">\n      <div class=\"modal-header\">\n        <button type=\"button\" class=\"close\" data-dismiss=\"modal\" aria-label=\"Close\">\n          <span aria-hidden=\"true\">&times;<\/span>\n        <\/button>\n      <\/div>\n      <div class=\"modal-body\">\n        <div class=\"contenido_modal\">\n          Al accesar el sitio web del Conglomerado Financiero Grupo Mutual, el usuario autoriza que Grupo Mutual consulte su informaci\u00f3n ante el Centro de Informaci\u00f3n Crediticia (CIC), de SUGEF y que dicha informaci\u00f3n sea compartida y entregada al Conglomerado Grupo Mutual.\n\nToda solicitud de cr\u00e9dito queda sujeta a an\u00e1lisis por parte de Grupo Mutual y no implica compromiso alguno de aprobaci\u00f3n.\n\nEn caso de aprobaci\u00f3n del cr\u00e9dito, las condiciones crediticias ser\u00e1n las que rijan al momento en que se formalice la solicitud cumpliendo con todos los requisitos exigidos en el Reglamento de Cr\u00e9dito de Grupo Mutual. De conformidad con la Ley 8968 \"Protecci\u00f3n de la Persona frente al tratamiento de sus datos personales\", los datos personales que proporcionar\u00e1s ser\u00e1n tratados exclusivamente en los productos y servicios del Conglomerado Grupo Mutual y la entrega de informaci\u00f3n es facultativa y los autorizados poseen una base de datos de uso interno. El usuario tiene derecho a ejercer las acciones que otorga la ley 8968 sobre el uso de sus datos.\n        <\/div>\n      <\/div>\n    <\/div>\n  <\/div>\n<\/div>-->\n\t<p><span class=\"wpcf7-form-control-wrap\" data-name=\"terminos\"><span class=\"wpcf7-form-control wpcf7-checkbox wpcf7-validates-as-required terminos\" id=\"terminos\"><span class=\"wpcf7-list-item first last\"><input type=\"checkbox\" name=\"terminos[]\" value=\"Confirmo que he le\u00eddo y estoy de acuerdo con los t\u00e9rminos, condiciones y pol\u00edtica de privacidad.\" \/><span class=\"wpcf7-list-item-label\">Confirmo que he le\u00eddo y estoy de acuerdo con los t\u00e9rminos, condiciones y pol\u00edtica de privacidad.<\/span><\/span><\/span><\/span><br \/>\n<input class=\"wpcf7-form-control wpcf7-submit has-spinner\" type=\"submit\" value=\"Enviar\" \/>\n\t<\/p>\n<\/div><div class=\"wpcf7-response-output\" aria-hidden=\"true\"><\/div>\n<\/form>\n<\/div>\n\n<\/div>\n<\/div>\n","protected":false},"excerpt":{"rendered":"<p>\u00a1MUTUAL AMIGA, UN CR\u00c9DITO EXCLUSIVO PARA MUJERES! El programa Mutual Amiga, est\u00e1 dirigido a mujeres, asalariadas y no asalariadas productoras, capaces de desarrollar ideas de negocio y convertirlas en empresas rentables. Se busca brindar acompa\u00f1amiento mediante este programa, a las mujeres empresarias que necesiten recursos para impulsar sus negocios y que permita dinamizar la econom\u00eda [&hellip;]<\/p>\n","protected":false},"author":1,"featured_media":0,"parent":0,"menu_order":0,"comment_status":"closed","ping_status":"closed","template":"","meta":{"footnotes":""},"class_list":["post-115","page","type-page","status-publish","hentry"],"blocksy_meta":[],"_links":{"self":[{"href":"https:\/\/www.creditogrupomutual.fi.cr\/campaigns\/wp-json\/wp\/v2\/pages\/115","targetHints":{"allow":["GET"]}}],"collection":[{"href":"https:\/\/www.creditogrupomutual.fi.cr\/campaigns\/wp-json\/wp\/v2\/pages"}],"about":[{"href":"https:\/\/www.creditogrupomutual.fi.cr\/campaigns\/wp-json\/wp\/v2\/types\/page"}],"author":[{"embeddable":true,"href":"https:\/\/www.creditogrupomutual.fi.cr\/campaigns\/wp-json\/wp\/v2\/users\/1"}],"replies":[{"embeddable":true,"href":"https:\/\/www.creditogrupomutual.fi.cr\/campaigns\/wp-json\/wp\/v2\/comments?post=115"}],"version-history":[{"count":80,"href":"https:\/\/www.creditogrupomutual.fi.cr\/campaigns\/wp-json\/wp\/v2\/pages\/115\/revisions"}],"predecessor-version":[{"id":1157,"href":"https:\/\/www.creditogrupomutual.fi.cr\/campaigns\/wp-json\/wp\/v2\/pages\/115\/revisions\/1157"}],"wp:attachment":[{"href":"https:\/\/www.creditogrupomutual.fi.cr\/campaigns\/wp-json\/wp\/v2\/media?parent=115"}],"curies":[{"name":"wp","href":"https:\/\/api.w.org\/{rel}","templated":true}]}}