{"id":1091,"date":"2025-12-23T15:12:05","date_gmt":"2025-12-23T21:12:05","guid":{"rendered":"https:\/\/www.creditogrupomutual.fi.cr\/campaigns\/?page_id=1091"},"modified":"2025-12-24T14:13:19","modified_gmt":"2025-12-24T20:13:19","slug":"multiahorro","status":"publish","type":"page","link":"https:\/\/www.creditogrupomutual.fi.cr\/campaigns\/multiahorro\/","title":{"rendered":"Multiahorro 2026"},"content":{"rendered":"\n<figure class=\"wp-block-image alignwide size-full has-custom-border is-style-default\"><img loading=\"lazy\" decoding=\"async\" width=\"1200\" height=\"600\" src=\"https:\/\/www.creditogrupomutual.fi.cr\/campaigns\/wp-content\/uploads\/2025\/12\/landing-page.jpg\" alt=\"\" class=\"wp-image-1096\" style=\"border-radius:25px\" srcset=\"https:\/\/www.creditogrupomutual.fi.cr\/campaigns\/wp-content\/uploads\/2025\/12\/landing-page.jpg 1200w, https:\/\/www.creditogrupomutual.fi.cr\/campaigns\/wp-content\/uploads\/2025\/12\/landing-page-300x150.jpg 300w, https:\/\/www.creditogrupomutual.fi.cr\/campaigns\/wp-content\/uploads\/2025\/12\/landing-page-1024x512.jpg 1024w, https:\/\/www.creditogrupomutual.fi.cr\/campaigns\/wp-content\/uploads\/2025\/12\/landing-page-768x384.jpg 768w\" sizes=\"auto, (max-width: 1200px) 100vw, 1200px\" \/><\/figure>\n\n\n\n<p class=\"has-text-align-center has-border-color has-black-border-color has-large-font-size\" style=\"border-width:2px;border-radius:25px;margin-top:var(--wp--preset--spacing--30);margin-right:var(--wp--preset--spacing--30);margin-bottom:var(--wp--preset--spacing--30);margin-left:var(--wp--preset--spacing--30)\"><strong>Acumul\u00e1 1 acci\u00f3n electr\u00f3nica por cada apertura de cuenta multiahorro tanto en <strong>colones como en d\u00f3lares<\/strong> con una cuota m\u00ednima de \u20a110.000 o $150 para participar.<\/strong><\/p>\n\n\n\n<hr class=\"wp-block-separator has-alpha-channel-opacity\"\/>\n\n\n\n<div class=\"wp-block-columns is-layout-flex wp-container-core-columns-is-layout-1 wp-block-columns-is-layout-flex\">\n<div class=\"wp-block-column is-layout-flow wp-block-column-is-layout-flow\" style=\"flex-basis:40%\">\n<p class=\"has-text-align-center has-medium-font-size\"><strong>Llen\u00e1 la siguiente informaci\u00f3n para abrir tu plan de ahorro programado<\/strong><\/p>\n\n\n\n<div class=\"wpcf7 no-js\" id=\"wpcf7-f1090-o1\" lang=\"es-CR\" dir=\"ltr\" data-wpcf7-id=\"1090\">\n<div class=\"screen-reader-response\"><p role=\"status\" aria-live=\"polite\" aria-atomic=\"true\"><\/p> <ul><\/ul><\/div>\n<form action=\"\/campaigns\/wp-json\/wp\/v2\/pages\/1091#wpcf7-f1090-o1\" method=\"post\" class=\"wpcf7-form init\" aria-label=\"Contact form\" novalidate=\"novalidate\" data-status=\"init\">\n<div style=\"display: none;\">\n<input type=\"hidden\" name=\"_wpcf7\" value=\"1090\" \/>\n<input type=\"hidden\" name=\"_wpcf7_version\" value=\"6.0.4\" \/>\n<input type=\"hidden\" name=\"_wpcf7_locale\" value=\"es_CR\" \/>\n<input type=\"hidden\" name=\"_wpcf7_unit_tag\" value=\"wpcf7-f1090-o1\" \/>\n<input type=\"hidden\" name=\"_wpcf7_container_post\" value=\"0\" \/>\n<input type=\"hidden\" name=\"_wpcf7_posted_data_hash\" value=\"\" \/>\n<input type=\"hidden\" name=\"_wpcf7cf_hidden_group_fields\" value=\"[]\" \/>\n<input type=\"hidden\" name=\"_wpcf7cf_hidden_groups\" value=\"[]\" \/>\n<input type=\"hidden\" name=\"_wpcf7cf_visible_groups\" value=\"[]\" \/>\n<input type=\"hidden\" name=\"_wpcf7cf_repeaters\" value=\"[]\" \/>\n<input type=\"hidden\" name=\"_wpcf7cf_steps\" value=\"{}\" \/>\n<input type=\"hidden\" name=\"_wpcf7cf_options\" value=\"{&quot;form_id&quot;:1090,&quot;conditions&quot;:[{&quot;then_field&quot;:&quot;cedula-selected&quot;,&quot;and_rules&quot;:[{&quot;if_field&quot;:&quot;TipoIdentificacion&quot;,&quot;operator&quot;:&quot;equals&quot;,&quot;if_value&quot;:&quot;C\\u00e9dula de Identidad&quot;}]},{&quot;then_field&quot;:&quot;didi-selected&quot;,&quot;and_rules&quot;:[{&quot;if_field&quot;:&quot;TipoIdentificacion&quot;,&quot;operator&quot;:&quot;equals&quot;,&quot;if_value&quot;:&quot;DIDI&quot;}]},{&quot;then_field&quot;:&quot;dimex-selected&quot;,&quot;and_rules&quot;:[{&quot;if_field&quot;:&quot;TipoIdentificacion&quot;,&quot;operator&quot;:&quot;equals&quot;,&quot;if_value&quot;:&quot;DIMEX&quot;}]},{&quot;then_field&quot;:&quot;nuevaidentificacion-selected&quot;,&quot;and_rules&quot;:[{&quot;if_field&quot;:&quot;TipoIdentificacion&quot;,&quot;operator&quot;:&quot;equals&quot;,&quot;if_value&quot;:&quot;Nueva Identificaci\\u00f3n&quot;}]},{&quot;then_field&quot;:&quot;otros-selected&quot;,&quot;and_rules&quot;:[{&quot;if_field&quot;:&quot;TipoIdentificacion&quot;,&quot;operator&quot;:&quot;equals&quot;,&quot;if_value&quot;:&quot;Otros&quot;}]},{&quot;then_field&quot;:&quot;pasaporte-selected&quot;,&quot;and_rules&quot;:[{&quot;if_field&quot;:&quot;TipoIdentificacion&quot;,&quot;operator&quot;:&quot;equals&quot;,&quot;if_value&quot;:&quot;Pasaporte&quot;}]}],&quot;settings&quot;:{&quot;animation&quot;:&quot;yes&quot;,&quot;animation_intime&quot;:200,&quot;animation_outtime&quot;:200,&quot;conditions_ui&quot;:&quot;normal&quot;,&quot;notice_dismissed&quot;:false}}\" \/>\n<input type=\"hidden\" name=\"redirect_nonce\" value=\"31eef400c6\" \/>\n<input type=\"hidden\" name=\"wpcf7cfpdf_hidden_name\" value=\"document-pdf\" \/>\n<input type=\"hidden\" name=\"wpcf7cfpdf_hidden_reference\" value=\"bddaa915\" \/>\n<input type=\"hidden\" name=\"wpcf7cfpdf_hidden_date\" value=\"05132026\" \/>\n<\/div>\n<p><span class=\"wpcf7-form-control-wrap\" data-name=\"Nombre\"><input size=\"40\" maxlength=\"400\" class=\"wpcf7-form-control wpcf7-text wpcf7-validates-as-required\" aria-required=\"true\" aria-invalid=\"false\" placeholder=\"Digit\u00e1 tu Nombre Completo\" value=\"\" type=\"text\" name=\"Nombre\" \/><\/span><br \/>\n<span class=\"wpcf7-form-control-wrap\" data-name=\"TipoIdentificacion\"><select class=\"wpcf7-form-control wpcf7-select wpcf7-validates-as-required\" aria-required=\"true\" aria-invalid=\"false\" name=\"TipoIdentificacion\"><option value=\"\">Seleccion\u00e1 el Tipo de Identificaci\u00f3n<\/option><option value=\"C\u00e9dula de Identidad\">C\u00e9dula de Identidad<\/option><option value=\"DIDI\">DIDI<\/option><option value=\"DIMEX\">DIMEX<\/option><option value=\"Nueva Identificaci\u00f3n\">Nueva Identificaci\u00f3n<\/option><option value=\"Otros\">Otros<\/option><option value=\"Pasaporte\">Pasaporte<\/option><\/select><\/span>\n<\/p>\n<div data-id=\"cedula-selected\" data-orig_data_id=\"cedula-selected\" data-clear_on_hide data-class=\"wpcf7cf_group\">\n\t<p><span class=\"wpcf7-form-control-wrap\" data-name=\"Cedula\"><input class=\"wpcf7-form-control wpcf7-number wpcf7-validates-as-required wpcf7-validates-as-number\" min=\"0\" aria-required=\"true\" aria-invalid=\"false\" placeholder=\"Digit\u00e1 tu # de C\u00e9dula de Identificaci\u00f3n\" value=\"\" type=\"number\" name=\"Cedula\" \/><\/span>\n\t<\/p>\n<\/div>\n<div data-id=\"didi-selected\" data-orig_data_id=\"didi-selected\" data-clear_on_hide data-class=\"wpcf7cf_group\">\n\t<p><span class=\"wpcf7-form-control-wrap\" data-name=\"DIDI\"><input class=\"wpcf7-form-control wpcf7-number wpcf7-validates-as-required wpcf7-validates-as-number\" min=\"100000000000\" max=\"999999999999\" aria-required=\"true\" aria-invalid=\"false\" placeholder=\"Digit\u00e1 tu # de DIDI\" value=\"\" type=\"number\" name=\"DIDI\" \/><\/span>\n\t<\/p>\n<\/div>\n<div data-id=\"dimex-selected\" data-orig_data_id=\"dimex-selected\" data-clear_on_hide data-class=\"wpcf7cf_group\">\n\t<p><span class=\"wpcf7-form-control-wrap\" data-name=\"DIMEX\"><input class=\"wpcf7-form-control wpcf7-number wpcf7-validates-as-required wpcf7-validates-as-number\" min=\"100000000000\" max=\"999999999999\" aria-required=\"true\" aria-invalid=\"false\" placeholder=\"Digit\u00e1 tu # de DIMEX\" value=\"\" type=\"number\" name=\"DIMEX\" \/><\/span>\n\t<\/p>\n<\/div>\n<div data-id=\"nuevaidentificacion-selected\" data-orig_data_id=\"nuevaidentificacion-selected\" data-clear_on_hide data-class=\"wpcf7cf_group\">\n\t<p><span class=\"wpcf7-form-control-wrap\" data-name=\"Nuevaidentificacion\"><input class=\"wpcf7-form-control wpcf7-number wpcf7-validates-as-required wpcf7-validates-as-number\" min=\"10000000000\" max=\"99999999999\" aria-required=\"true\" aria-invalid=\"false\" placeholder=\"Digit\u00e1 tu Nueva Identificaci\u00f3n\" value=\"\" type=\"number\" name=\"Nuevaidentificacion\" \/><\/span>\n\t<\/p>\n<\/div>\n<div data-id=\"otros-selected\" data-orig_data_id=\"otros-selected\" data-clear_on_hide data-class=\"wpcf7cf_group\">\n\t<p><span class=\"wpcf7-form-control-wrap\" data-name=\"Otros\"><input size=\"40\" maxlength=\"30\" minlength=\"6\" class=\"wpcf7-form-control wpcf7-text wpcf7-validates-as-required\" aria-required=\"true\" aria-invalid=\"false\" placeholder=\"Otros\" value=\"\" type=\"text\" name=\"Otros\" \/><\/span>\n\t<\/p>\n<\/div>\n<div data-id=\"pasaporte-selected\" data-orig_data_id=\"pasaporte-selected\" data-clear_on_hide data-class=\"wpcf7cf_group\">\n\t<p><span class=\"wpcf7-form-control-wrap\" data-name=\"Pasaporte\"><input size=\"40\" maxlength=\"30\" minlength=\"6\" class=\"wpcf7-form-control wpcf7-text wpcf7-validates-as-required\" aria-required=\"true\" aria-invalid=\"false\" placeholder=\"Digit\u00e1 tu # de Pasaporte\" value=\"\" type=\"text\" name=\"Pasaporte\" \/><\/span>\n\t<\/p>\n<\/div>\n<p><span class=\"wpcf7-form-control-wrap\" data-name=\"Telefono\"><input size=\"40\" maxlength=\"400\" class=\"wpcf7-form-control wpcf7-tel wpcf7-validates-as-required wpcf7-text wpcf7-validates-as-tel\" id=\"txttelform\" aria-required=\"true\" aria-invalid=\"false\" placeholder=\"Digit\u00e1 tu Tel\u00e9fono\" value=\"\" type=\"tel\" name=\"Telefono\" \/><\/span><br \/>\n<span class=\"wpcf7-form-control-wrap\" data-name=\"select-monto-ahorro\"><select class=\"wpcf7-form-control wpcf7-select wpcf7-validates-as-required\" aria-required=\"true\" aria-invalid=\"false\" name=\"select-monto-ahorro\"><option value=\"\">Seleccion\u00e1 el Monto a Ahorrar<\/option><option value=\"10.000 colones a 1 mill\u00f3n de colones o su equivalente en d\u00f3lares\">10.000 colones a 1 mill\u00f3n de colones o su equivalente en d\u00f3lares<\/option><option value=\"De 1 mill\u00f3n de colones a 5 millones de colones\">De 1 mill\u00f3n de colones a 5 millones de colones<\/option><option value=\"De 5 millones de colones en adelante\">De 5 millones de colones en adelante<\/option><\/select><\/span><br \/>\n<span class=\"wpcf7-form-control-wrap\" data-name=\"Correo\"><input size=\"40\" maxlength=\"400\" class=\"wpcf7-form-control wpcf7-email wpcf7-validates-as-required wpcf7-text wpcf7-validates-as-email\" aria-required=\"true\" aria-invalid=\"false\" placeholder=\"Digit\u00e1 tu Correo Electr\u00f3nico\" value=\"\" type=\"email\" name=\"Correo\" \/><\/span><br \/>\n<span class=\"wpcf7-form-control-wrap\" data-name=\"CentroNegocio\"><select class=\"wpcf7-form-control wpcf7-select wpcf7-validates-as-required\" aria-required=\"true\" aria-invalid=\"false\" name=\"CentroNegocio\"><option value=\"\">Seleccion\u00e1 la Centro de Negocios m\u00e1s cercano<\/option><option value=\"CN ALAJUELA\">CN ALAJUELA<\/option><option value=\"CN AGUA ZARCAS\">CN AGUA ZARCAS<\/option><option value=\"CN ALAJUELA MERCADO\">CN ALAJUELA MERCADO<\/option><option value=\"CN AVENIDA CENTRAL\">CN AVENIDA CENTRAL<\/option><option value=\"CN BEL\u00c9N\">CN BEL\u00c9N<\/option><option value=\"CN CAJA CENTRAL\">CN CAJA CENTRAL<\/option><option value=\"CN CAJA ESTE\">CN CAJA ESTE<\/option><option value=\"CN CAJA NORTE\">CN CAJA NORTE<\/option><option value=\"CN CARTAGO\">CN CARTAGO<\/option><option value=\"CN CC DEL SUR\">CN CC DEL SUR<\/option><option value=\"CN CURRIDABAT\">CN CURRIDABAT<\/option><option value=\"CN DESAMPARADOS\">CN DESAMPARADOS<\/option><option value=\"CN ESCAZ\u00da\">CN ESCAZ\u00da<\/option><option value=\"CN GRECIA\">CN GRECIA<\/option><option value=\"CN GUADALUPE\">CN GUADALUPE<\/option><option value=\"CN GUADALUPE CC\">CN GUADALUPE CC<\/option><option value=\"CN GU\u00c1PILES\">CN GU\u00c1PILES<\/option><option value=\"CN HEREDIA\">CN HEREDIA<\/option><option value=\"CN HEREDIA ESTADIO\">CN HEREDIA ESTADIO<\/option><option value=\"CN LIBERIA\">CN LIBERIA<\/option><option value=\"CN LIM\u00d3N\">CN LIM\u00d3N<\/option><option value=\"CN MORAVIA\">CN MORAVIA<\/option><option value=\"CN NARANJO\">CN NARANJO<\/option><option value=\"CN OROTINA\">CN OROTINA<\/option><option value=\"CN P.Z. PARQUE\">CN P.Z. PARQUE<\/option><option value=\"CN PALMARES\">CN PALMARES<\/option><option value=\"CN PASEO COL\u00d3N\">CN PASEO COL\u00d3N<\/option><option value=\"CN PASEO DE LAS FLORES\">CN PASEO DE LAS FLORES<\/option><option value=\"CN PO\u00c1S\">CN PO\u00c1S<\/option><option value=\"CN PUNTARENAS\/CAJA EL ROBLE\">CN PUNTARENAS\/CAJA EL ROBLE<\/option><option value=\"CN PURISCAL\">CN PURISCAL<\/option><option value=\"CN SAN CARLOS\">CN SAN CARLOS<\/option><option value=\"CN SAN RAFAEL\">CN SAN RAFAEL<\/option><option value=\"CN SAN RAM\u00d3N\">CN SAN RAM\u00d3N<\/option><option value=\"CN SANTA ANA\">CN SANTA ANA<\/option><option value=\"CN SANTA B\u00c1RBARA\">CN SANTA B\u00c1RBARA<\/option><option value=\"CN SARCH\u00cd\">CN SARCH\u00cd<\/option><option value=\"CN TIB\u00c1S\">CN TIB\u00c1S<\/option><\/select><\/span>\n<\/p>\n<p>\n<hr \/>\n<\/p>\n<div class=\"contenedorRojoForm\">\n\t<div class=\"texto_informacion_legal\">\n\t\t<p><label class=\"texto_firma\">Informaci\u00f3n Legal<\/label>\n\t\t<\/p>\n\t\t<p>De conformidad le informamos que el Art\u00edculo 230. - Suplantaci\u00f3n de identidad. Ser\u00e1 sancionado con pena de prisi\u00f3n de uno a tres a\u00f1os quien suplante la identidad de una persona f\u00edsica, jur\u00eddica o de una marca comercial en cualquiera red social, sitio de Internet, medio electr\u00f3nico o tecnol\u00f3gico de informaci\u00f3n.\n\t\t<\/p>\n\t<\/div>\n\t<div class=\"btn_ver_mas\">\n\t\t<p><a class=\"ver_mas_contact\" target=\"_blank\" href=\"https:\/\/www.grupomutual.fi.cr\/informacion-legal\/reglamentos\/\" data-toggle=\"modal\" data-target=\"#Modal_termino\">T\u00e9rminos y Condiciones<\/a>\n\t\t<\/p>\n\t<\/div>\n\t<p>\n\t<hr \/>\n\t<\/p>\n\t<p><span class=\"wpcf7-form-control-wrap\" data-name=\"terminos\"><span class=\"wpcf7-form-control wpcf7-checkbox wpcf7-validates-as-required terminos\" id=\"terminos\"><span class=\"wpcf7-list-item first last\"><input type=\"checkbox\" name=\"terminos[]\" value=\"Confirmo que he le\u00eddo y estoy de acuerdo con los t\u00e9rminos, condiciones y pol\u00edtica de privacidad.\" \/><span class=\"wpcf7-list-item-label\">Confirmo que he le\u00eddo y estoy de acuerdo con los t\u00e9rminos, condiciones y pol\u00edtica de privacidad.<\/span><\/span><\/span><\/span><br \/>\n<input class=\"wpcf7-form-control wpcf7-submit has-spinner\" type=\"submit\" value=\"Enviar\" \/>\n\t<\/p>\n<\/div><div class=\"wpcf7-response-output\" aria-hidden=\"true\"><\/div>\n<\/form>\n<\/div>\n\n<\/div>\n\n\n\n<div class=\"wp-block-column has-background is-layout-flow wp-block-column-is-layout-flow\" style=\"border-radius:25px;background-color:#f5333e;flex-basis:60%\">\n<p><\/p>\n\n\n\n<p class=\"has-palette-color-8-color has-text-color has-link-color has-medium-font-size wp-elements-f0c470f9d51bb26ee379c09ff148f2ad\" style=\"margin-right:var(--wp--preset--spacing--40);margin-left:var(--wp--preset--spacing--40)\"><strong>La Cuenta Multiahorro es un plan de ahorro programado que le permite f\u00e1cilmente lograr sus proyectos como: gastos educativos, planear tu boda, prima para tu casa, marchamo, vacaciones, viajes, aguinaldos, regalos, entre otros.<\/strong><\/p>\n\n\n\n<p class=\"has-palette-color-8-color has-text-color has-link-color has-medium-font-size wp-elements-2fbdfe4f7e329574bc5bb23cf698f032\" style=\"margin-right:var(--wp--preset--spacing--40);margin-left:var(--wp--preset--spacing--40)\"><strong>Usted elige el monto de la cuota, para participar en esta promo el plazo del ahorro de&nbsp; es de 12 meses o m\u00e1s y particip\u00e1 por 1 de 5 premios de <strong>\u20a1100.000 a tu cuenta<\/strong>.\u200b<\/strong><\/p>\n\n\n\n<p class=\"has-palette-color-8-color has-text-color has-link-color has-medium-font-size wp-elements-9731b2120306e56d0d8e1b72a145b33e\" style=\"margin-right:var(--wp--preset--spacing--40);margin-left:var(--wp--preset--spacing--40)\"><strong>Acumul\u00e1 1 acci\u00f3n electr\u00f3nica por cada apertura de cuenta multiahorro tanto en <strong>colones como en d\u00f3lares<\/strong> con una cuota m\u00ednima de \u20a110.000 o $150 para participar.<\/strong><\/p>\n\n\n\n<p class=\"has-palette-color-8-color has-text-color has-link-color has-medium-font-size wp-elements-61bd17bae9e1f94bc56245dc8376d061\" style=\"margin-right:var(--wp--preset--spacing--40);margin-left:var(--wp--preset--spacing--40)\"><strong>Los intereses se depositar\u00e1n de forma mensual y el c\u00e1lculo se realizar\u00e1 diariamente.<\/strong><\/p>\n\n\n\n<p class=\"has-palette-color-8-color has-text-color has-link-color has-medium-font-size wp-elements-ffba2526d1031181cf7b7f2e9f00cc8d\" style=\"margin-right:var(--wp--preset--spacing--40);margin-left:var(--wp--preset--spacing--40)\"><strong>Puede abrir tantas cuentas as\u00ed lo requiera para cubrir sus necesidades.<\/strong><\/p>\n\n\n\n<p class=\"has-palette-color-8-color has-text-color has-link-color has-medium-font-size wp-elements-01e6109fed9a3eca3d2abaeda8b6ab7c\" style=\"margin-right:var(--wp--preset--spacing--40);margin-left:var(--wp--preset--spacing--40)\"><strong>Se pueden incluir beneficiarios(as), para evitar los tr\u00e1mites de mortual.<\/strong><\/p>\n\n\n\n<p class=\"has-palette-color-8-color has-text-color has-link-color has-medium-font-size wp-elements-65f411732298754c433c5faf3dd81874\" style=\"margin-right:var(--wp--preset--spacing--40);margin-left:var(--wp--preset--spacing--40)\"><strong>Requisitos &#8211; Persona F\u00edsica:<\/strong><\/p>\n\n\n\n<ul style=\"margin-right:10px;margin-left:10px\" class=\"wp-block-list has-palette-color-8-color has-text-color has-link-color wp-elements-8b9ed3a09fe014d162e355d90b2d924d\">\n<li class=\"has-medium-font-size\">Documento de identificaci\u00f3n.<\/li>\n\n\n\n<li class=\"has-medium-font-size\">Comprobante de ingresos para m\u00e1s de $5.000 transables.<\/li>\n<\/ul>\n\n\n\n<p class=\"has-palette-color-8-color has-text-color has-link-color has-medium-font-size wp-elements-e1ec2c9cd42127a4045c17f8333b1f13\" style=\"margin-right:var(--wp--preset--spacing--40);margin-left:var(--wp--preset--spacing--40)\"><strong>Requisitos &#8211; Persona Jur\u00eddica:<\/strong><\/p>\n\n\n\n<ul style=\"margin-right:10px;margin-left:10px\" class=\"wp-block-list has-palette-color-8-color has-text-color has-link-color wp-elements-024a26b97c4378eb3b084a95a90c6717\">\n<li class=\"has-medium-font-size\">C\u00e9dula jur\u00eddica o certificaci\u00f3n del Registro Nacional equivalente.<\/li>\n\n\n\n<li class=\"has-medium-font-size\">Acta constitutiva o estatutos.<\/li>\n\n\n\n<li class=\"has-medium-font-size\">Certificaci\u00f3n de Capital Accionario con vista en el libro de accionistas o su equivalente.<\/li>\n\n\n\n<li class=\"has-medium-font-size\">Comprobante de ingresos.<\/li>\n\n\n\n<li class=\"has-medium-font-size\">Certificaci\u00f3n Literal de Personer\u00eda Jur\u00eddica.<\/li>\n<\/ul>\n\n\n\n<p class=\"has-palette-color-8-color has-text-color has-link-color wp-elements-d624e3018fb37ad78923ae2689dd1ce9\" style=\"margin-right:var(--wp--preset--spacing--30);margin-left:var(--wp--preset--spacing--30)\"><strong>*Aplican t\u00e9rminos y condiciones.<\/strong><\/p>\n\n\n\n<hr class=\"wp-block-separator has-text-color has-palette-color-8-color has-alpha-channel-opacity has-palette-color-8-background-color has-background\"\/>\n\n\n\n<p class=\"has-text-align-left has-palette-color-8-color has-text-color has-link-color wp-elements-8bafb0f56da22f28412907c4e696a824\" style=\"margin-right:var(--wp--preset--spacing--40);margin-left:var(--wp--preset--spacing--40)\">Grupo Mutual m\u00e1s de 50 a\u00f1os de experiencia en ahorro, inversi\u00f3n y cr\u00e9ditos, brindamos valor real a nuestros clientes, con seguridad, intenci\u00f3n sostenible e innovaci\u00f3n tecnol\u00f3gica con 40 sucursales alrededor del pa\u00eds.<\/p>\n\n\n\n<p class=\"has-text-align-left has-palette-color-8-color has-text-color has-link-color wp-elements-a3fb6cfa6d938b402edfd3140c57e5ef\" style=\"margin-right:var(--wp--preset--spacing--40);margin-left:var(--wp--preset--spacing--40)\">Una entidad con garant\u00eda y respaldo del estado bajo la ley 7052 y como lo se\u00f1ala el CONASSIF en la <a href=\"https:\/\/www.grupomutual.fi.cr\/informacion-legal\/ley-8204\/\" data-type=\"link\" data-id=\"https:\/\/www.grupomutual.fi.cr\/informacion-legal\/ley-8204\/\" target=\"_blank\" rel=\"noreferrer noopener\">Normativa para el Cumplimiento de la Ley 8204<\/a>.<\/p>\n\n\n\n<p><\/p>\n<\/div>\n<\/div>\n\n\n\n<p><\/p>\n","protected":false},"excerpt":{"rendered":"<p>Acumul\u00e1 1 acci\u00f3n electr\u00f3nica por cada apertura de cuenta multiahorro tanto en colones como en d\u00f3lares con una cuota m\u00ednima de \u20a110.000 o $150 para participar. Llen\u00e1 la siguiente informaci\u00f3n para abrir tu plan de ahorro programado La Cuenta Multiahorro es un plan de ahorro programado que le permite f\u00e1cilmente lograr sus proyectos como: gastos [&hellip;]<\/p>\n","protected":false},"author":1,"featured_media":0,"parent":0,"menu_order":0,"comment_status":"closed","ping_status":"closed","template":"","meta":{"footnotes":""},"class_list":["post-1091","page","type-page","status-publish","hentry"],"blocksy_meta":[],"_links":{"self":[{"href":"https:\/\/www.creditogrupomutual.fi.cr\/campaigns\/wp-json\/wp\/v2\/pages\/1091","targetHints":{"allow":["GET"]}}],"collection":[{"href":"https:\/\/www.creditogrupomutual.fi.cr\/campaigns\/wp-json\/wp\/v2\/pages"}],"about":[{"href":"https:\/\/www.creditogrupomutual.fi.cr\/campaigns\/wp-json\/wp\/v2\/types\/page"}],"author":[{"embeddable":true,"href":"https:\/\/www.creditogrupomutual.fi.cr\/campaigns\/wp-json\/wp\/v2\/users\/1"}],"replies":[{"embeddable":true,"href":"https:\/\/www.creditogrupomutual.fi.cr\/campaigns\/wp-json\/wp\/v2\/comments?post=1091"}],"version-history":[{"count":5,"href":"https:\/\/www.creditogrupomutual.fi.cr\/campaigns\/wp-json\/wp\/v2\/pages\/1091\/revisions"}],"predecessor-version":[{"id":1103,"href":"https:\/\/www.creditogrupomutual.fi.cr\/campaigns\/wp-json\/wp\/v2\/pages\/1091\/revisions\/1103"}],"wp:attachment":[{"href":"https:\/\/www.creditogrupomutual.fi.cr\/campaigns\/wp-json\/wp\/v2\/media?parent=1091"}],"curies":[{"name":"wp","href":"https:\/\/api.w.org\/{rel}","templated":true}]}}