{"id":1059,"date":"2025-11-26T10:24:23","date_gmt":"2025-11-26T16:24:23","guid":{"rendered":"https:\/\/www.creditogrupomutual.fi.cr\/campaigns\/?page_id=1059"},"modified":"2025-11-27T09:44:45","modified_gmt":"2025-11-27T15:44:45","slug":"marchamo-2025","status":"publish","type":"page","link":"https:\/\/www.creditogrupomutual.fi.cr\/campaigns\/marchamo-2025\/","title":{"rendered":"Marchamo 2025"},"content":{"rendered":"\n<figure class=\"wp-block-image alignwide size-full has-custom-border is-style-default\"><a href=\"https:\/\/www.grupomutual.fi.cr\/?utm_source=google&amp;utm_medium=grupomutual&amp;utm_campaign=marchamos\"><img loading=\"lazy\" decoding=\"async\" width=\"1200\" height=\"600\" src=\"https:\/\/www.creditogrupomutual.fi.cr\/campaigns\/wp-content\/uploads\/2025\/11\/LP-Marchamos.jpg\" alt=\"Pag\u00e1 tu marchamo 2025\" class=\"wp-image-1061\" style=\"border-radius:25px\" srcset=\"https:\/\/www.creditogrupomutual.fi.cr\/campaigns\/wp-content\/uploads\/2025\/11\/LP-Marchamos.jpg 1200w, https:\/\/www.creditogrupomutual.fi.cr\/campaigns\/wp-content\/uploads\/2025\/11\/LP-Marchamos-300x150.jpg 300w, https:\/\/www.creditogrupomutual.fi.cr\/campaigns\/wp-content\/uploads\/2025\/11\/LP-Marchamos-1024x512.jpg 1024w, https:\/\/www.creditogrupomutual.fi.cr\/campaigns\/wp-content\/uploads\/2025\/11\/LP-Marchamos-768x384.jpg 768w\" sizes=\"auto, (max-width: 1200px) 100vw, 1200px\" \/><\/a><\/figure>\n\n\n\n<div class=\"wp-block-columns is-layout-flex wp-container-core-columns-is-layout-1 wp-block-columns-is-layout-flex\">\n<div class=\"wp-block-column is-layout-flow wp-block-column-is-layout-flow\" style=\"flex-basis:66.66%\">\n<h3 class=\"wp-block-heading has-text-align-center has-black-color has-text-color has-link-color wp-elements-797995caebc5777b26e2c585af0ab214\" style=\"border-style:none;border-width:0px;border-radius:25px\">Algunos&nbsp;stickers se despegan&nbsp;con el&nbsp;sol,&nbsp; otros&nbsp;se quedan&nbsp;pegados&nbsp;por&nbsp;a\u00f1os.&nbsp;\u200b<br>Pero hay uno que&nbsp;todos&nbsp;volvemos&nbsp;a poner&nbsp;cada&nbsp;diciembre:&nbsp;el&nbsp;del marchamo\u200b.<\/h3>\n\n\n\n<p class=\"has-medium-font-size\">Este a\u00f1o, ese sticker se convierte&nbsp;en&nbsp;<strong>el<\/strong><strong>&nbsp;<\/strong><strong>m\u00e1s<\/strong><strong>&nbsp;<\/strong><strong>valioso<\/strong><strong>&nbsp;del <\/strong><strong>pa\u00eds<\/strong>,&nbsp;al pagar&nbsp;tu&nbsp;marchamo&nbsp;en&nbsp;<strong>Grupo Mutual<\/strong> particip\u00e1s&nbsp;por&nbsp;uno de los&nbsp;<strong>dos autos <\/strong><strong>el\u00e9ctricos<\/strong><strong>&nbsp;2026<\/strong>&nbsp;con mantenimiento&nbsp;gratis por&nbsp;un a\u00f1o.\u200b<\/p>\n\n\n\n<p class=\"has-medium-font-size\">Al pagar&nbsp;por&nbsp;los&nbsp;Canales Digitales&nbsp;o con el&nbsp;<strong>plan 0% <\/strong><strong>inter\u00e9s<\/strong><strong>&nbsp;de <\/strong><strong>nuestra<\/strong><strong>&nbsp;<\/strong><strong>tarjeta<\/strong><strong>&nbsp;de <\/strong><strong>cr\u00e9dito<\/strong>&nbsp;tendr\u00e1s, \u00a1m\u00e1s&nbsp;oportunidades&nbsp;de ganar!\u200b<\/p>\n\n\n\n<ul class=\"wp-block-list has-medium-font-size\">\n<li>Env\u00edo&nbsp;a domicilio.<\/li>\n\n\n\n<li>Financiamiento&nbsp;Plan 0% inter\u00e9s&nbsp;3, 6, 9 y 12 meses.<\/li>\n\n\n\n<li>Diferentes&nbsp;modalidades&nbsp;de pago.<\/li>\n\n\n\n<li>Una acci\u00f3n&nbsp;al pagar&nbsp;por&nbsp;ventanilla&nbsp;de sucursales.<\/li>\n\n\n\n<li>Doble acci\u00f3n\u00a0por\u00a0canales digitales\u00a0(Mutual M\u00f3vil, Mutual en\u00a0L\u00ednea, SINPE\u00a0M\u00f3vil).<\/li>\n\n\n\n<li>Triple acci\u00f3n&nbsp;con tarjeta&nbsp;de cr\u00e9dito&nbsp;de GM con plan 0% inter\u00e9s.<\/li>\n<\/ul>\n\n\n\n<div class=\"wp-block-buttons alignfull is-content-justification-center is-layout-flex wp-container-core-buttons-is-layout-1 wp-block-buttons-is-layout-flex\">\n<div class=\"wp-block-button has-custom-font-size is-style-fill has-x-large-font-size\"><a class=\"wp-block-button__link has-palette-color-8-color has-vivid-red-background-color has-text-color has-background has-link-color has-border-color has-palette-color-8-border-color has-text-align-center wp-element-button\" href=\"https:\/\/www.grupomutual.fi.cr\/?utm_source=google&amp;utm_medium=grupomutual&amp;utm_campaign=marchamos\" style=\"border-width:2px;border-radius:20px\"><strong>M\u00c1S INFORMACI\u00d3N<\/strong><\/a><\/div>\n<\/div>\n<\/div>\n\n\n\n<div class=\"wp-block-column has-border-color is-layout-flow wp-block-column-is-layout-flow\" style=\"border-color:#cf2e2e;border-width:2px;border-radius:20px;flex-basis:33.33%\">\n<h2 class=\"wp-block-heading has-text-align-center\">SUCURSALES<\/h2>\n\n\n\n<ul class=\"wp-block-list\">\n<li>CN ALAJUELA<\/li>\n\n\n\n<li>CN AGUA ZARCAS<\/li>\n\n\n\n<li>CN ALAJUELA MERCADO<\/li>\n\n\n\n<li>CN AVENIDA CENTRAL<\/li>\n\n\n\n<li>CN BEL\u00c9N<\/li>\n\n\n\n<li>CN CAJA CENTRAL<\/li>\n\n\n\n<li>CN CAJA ESTE<\/li>\n\n\n\n<li>CN CAJA NORTE<\/li>\n\n\n\n<li>CN CARTAGO<\/li>\n\n\n\n<li>CN CC DEL SUR<\/li>\n\n\n\n<li>CN CURRIDABAT<\/li>\n\n\n\n<li>CN DESAMPARADOS<\/li>\n\n\n\n<li>CN ESCAZ\u00da<\/li>\n\n\n\n<li>CN GRECIA<\/li>\n\n\n\n<li>CN GUADALUPE<\/li>\n\n\n\n<li>CN GUADALUPE CC<\/li>\n\n\n\n<li>CN GU\u00c1PILES<\/li>\n\n\n\n<li>CN HEREDIA<\/li>\n\n\n\n<li>CN HEREDIA ESTADIO<\/li>\n\n\n\n<li>CN LIBERIA<\/li>\n\n\n\n<li>CN LIM\u00d3N<\/li>\n\n\n\n<li>CN MORAVIA<\/li>\n\n\n\n<li>CN NARANJO<\/li>\n\n\n\n<li>CN OROTINA<\/li>\n\n\n\n<li>CN P.Z. PARQUE<\/li>\n\n\n\n<li>CN PALMARES<\/li>\n\n\n\n<li>CN PASEO COL\u00d3N<\/li>\n\n\n\n<li>CN PASEO DE LAS FLORES<\/li>\n\n\n\n<li>CN PLAZA AM\u00c9RICA<\/li>\n\n\n\n<li>CN PO\u00c1S<\/li>\n\n\n\n<li>CN PUNTARENAS\/CAJA EL ROBLE<\/li>\n\n\n\n<li>CN PURISCAL<\/li>\n\n\n\n<li>CN SAN CARLOS<\/li>\n\n\n\n<li>CN SAN RAFAEL<\/li>\n\n\n\n<li>CN SAN RAM\u00d3N<\/li>\n\n\n\n<li>CN SANTA ANA<\/li>\n\n\n\n<li>CN SANTA B\u00c1RBARA<\/li>\n\n\n\n<li>CN SARCH\u00cd<\/li>\n\n\n\n<li>CN TIB\u00c1S<\/li>\n\n\n\n<li>CN TRES R\u00cdOS<\/li>\n<\/ul>\n<\/div>\n<\/div>\n\n\n\n<hr class=\"wp-block-separator has-alpha-channel-opacity\"\/>\n\n\n\n<p><\/p>\n","protected":false},"excerpt":{"rendered":"<p>Algunos&nbsp;stickers se despegan&nbsp;con el&nbsp;sol,&nbsp; otros&nbsp;se quedan&nbsp;pegados&nbsp;por&nbsp;a\u00f1os.&nbsp;\u200bPero hay uno que&nbsp;todos&nbsp;volvemos&nbsp;a poner&nbsp;cada&nbsp;diciembre:&nbsp;el&nbsp;del marchamo\u200b. Este a\u00f1o, ese sticker se convierte&nbsp;en&nbsp;el&nbsp;m\u00e1s&nbsp;valioso&nbsp;del pa\u00eds,&nbsp;al pagar&nbsp;tu&nbsp;marchamo&nbsp;en&nbsp;Grupo Mutual particip\u00e1s&nbsp;por&nbsp;uno de los&nbsp;dos autos el\u00e9ctricos&nbsp;2026&nbsp;con mantenimiento&nbsp;gratis por&nbsp;un a\u00f1o.\u200b Al pagar&nbsp;por&nbsp;los&nbsp;Canales Digitales&nbsp;o con el&nbsp;plan 0% inter\u00e9s&nbsp;de nuestra&nbsp;tarjeta&nbsp;de cr\u00e9dito&nbsp;tendr\u00e1s, \u00a1m\u00e1s&nbsp;oportunidades&nbsp;de ganar!\u200b SUCURSALES<\/p>\n","protected":false},"author":1,"featured_media":0,"parent":0,"menu_order":0,"comment_status":"closed","ping_status":"closed","template":"","meta":{"footnotes":""},"class_list":["post-1059","page","type-page","status-publish","hentry"],"blocksy_meta":[],"_links":{"self":[{"href":"https:\/\/www.creditogrupomutual.fi.cr\/campaigns\/wp-json\/wp\/v2\/pages\/1059","targetHints":{"allow":["GET"]}}],"collection":[{"href":"https:\/\/www.creditogrupomutual.fi.cr\/campaigns\/wp-json\/wp\/v2\/pages"}],"about":[{"href":"https:\/\/www.creditogrupomutual.fi.cr\/campaigns\/wp-json\/wp\/v2\/types\/page"}],"author":[{"embeddable":true,"href":"https:\/\/www.creditogrupomutual.fi.cr\/campaigns\/wp-json\/wp\/v2\/users\/1"}],"replies":[{"embeddable":true,"href":"https:\/\/www.creditogrupomutual.fi.cr\/campaigns\/wp-json\/wp\/v2\/comments?post=1059"}],"version-history":[{"count":7,"href":"https:\/\/www.creditogrupomutual.fi.cr\/campaigns\/wp-json\/wp\/v2\/pages\/1059\/revisions"}],"predecessor-version":[{"id":1073,"href":"https:\/\/www.creditogrupomutual.fi.cr\/campaigns\/wp-json\/wp\/v2\/pages\/1059\/revisions\/1073"}],"wp:attachment":[{"href":"https:\/\/www.creditogrupomutual.fi.cr\/campaigns\/wp-json\/wp\/v2\/media?parent=1059"}],"curies":[{"name":"wp","href":"https:\/\/api.w.org\/{rel}","templated":true}]}}